{"id":30860,"date":"2025-11-07T08:00:23","date_gmt":"2025-11-07T08:00:23","guid":{"rendered":"https:\/\/clubs.inverseteams.com\/cookie-policy\/"},"modified":"2025-11-07T09:08:02","modified_gmt":"2025-11-07T09:08:02","slug":"politica-de-cookies","status":"publish","type":"page","link":"https:\/\/clubs.inverseteams.com\/ca\/politica-de-cookies\/","title":{"rendered":"Pol\u00edtica de cookies"},"content":{"rendered":"\n<p>Data d&#8217;entrada en vigor: 15 de maig de 2024<\/p>\n\n\n\n<p><strong>Qu\u00e8 s\u00f3n les cookies?<\/strong><\/p>\n\n\n\n<p>Aquesta Pol\u00edtica de cookies explica qu\u00e8 s\u00f3n les cookies i com les utilitzem, els tipus de cookies que utilitzem, \u00e9s a dir, la informaci\u00f3 que recopilem mitjan\u00e7ant cookies i com s&#8217;utilitza aquesta informaci\u00f3, i com gestionar la configuraci\u00f3 de les cookies.<\/p>\n\n\n\n<p>Les cookies s\u00f3n petits fitxers de text que s&#8217;utilitzen per emmagatzemar petites dades d&#8217;informaci\u00f3. S&#8217;emmagatzemen al vostre dispositiu quan es carrega el lloc web al vostre navegador. Aquestes cookies ens ajuden a fer que el lloc web funcioni correctament, a fer-lo m\u00e9s segur, a proporcionar una millor experi\u00e8ncia d&#8217;usuari i a entendre com funciona el lloc web i a analitzar qu\u00e8 funciona i on cal millorar.<\/p>\n\n\n\n<p><strong>Com utilitzem les cookies?<\/strong><\/p>\n\n\n\n<p>Com la majoria dels serveis en l\u00ednia, el nostre lloc web utilitza cookies pr\u00f2pies i de tercers per a diversos prop\u00f2sits. Les cookies pr\u00f2pies s\u00f3n majorit\u00e0riament necess\u00e0ries perqu\u00e8 el lloc web funcioni correctament i no recopilen cap dada personal identificable vostra.<\/p>\n\n\n\n<p>Les galetes de tercers que fem servir al nostre lloc web serveixen principalment per entendre com funciona el lloc web, com interactueu amb el nostre lloc web, mantenir els nostres serveis segurs, proporcionar anuncis rellevants per a vosaltres i, en definitiva, oferir-vos una experi\u00e8ncia d&#8217;usuari millor i millorada i ajudar a accelerar les vostres futures interaccions amb el nostre lloc web.<\/p>\n\n\n<p>[wcc_category_list]<\/p>\n\n\n\n<p><strong>Gestionar les prefer\u00e8ncies de galetes<\/strong><\/p>\n\n\n\n<p>Podeu canviar les vostres prefer\u00e8ncies de galetes en qualsevol moment fent clic al bot\u00f3 [wcc_preference_button]. Aix\u00f2 us permetr\u00e0 tornar a visitar el b\u00e0ner de consentiment de galetes i canviar les vostres prefer\u00e8ncies o retirar el vostre consentiment immediatament. A m\u00e9s d&#8217;aix\u00f2, els diferents navegadors ofereixen diferents m\u00e8todes per bloquejar i eliminar les galetes utilitzades pels llocs web. Podeu canviar la configuraci\u00f3 del vostre navegador per bloquejar\/eliminar les galetes. A continuaci\u00f3 es mostren els enlla\u00e7os als documents de suport sobre com gestionar i eliminar les galetes dels principals navegadors web.<\/p>\n\n\n\n<p>Chrome: https:\/\/support.google.com\/accounts\/answer\/32050<\/p>\n\n\n\n<p>Safari: https:\/\/support.apple.com\/en-in\/guide\/safari\/sfri11471\/mac<\/p>\n\n\n\n<p>Firefox: https:\/\/support.mozilla.org\/en-US\/kb\/clear-cookies-and-site-data-firefox?redirectslug=delete-cookies-remove-info-websites-stored&amp;redirectlocale=en-US<\/p>\n\n\n\n<p>Microsoft Edge: Suprimeix les galetes a Microsoft Edge &#8211; Suport de Microsoft<\/p>\n\n\n\n<p>Si utilitzeu qualsevol altre navegador web, visiteu els documents de suport oficials del vostre navegador.<\/p>\n","protected":false},"excerpt":{"rendered":"<p>Data d&#8217;entrada en vigor: 15 de maig de 2024 Qu\u00e8 s\u00f3n les cookies? Aquesta Pol\u00edtica de cookies explica qu\u00e8 s\u00f3n les cookies i com les utilitzem, els tipus de cookies &hellip;<\/p>\n","protected":false},"author":1,"featured_media":0,"parent":0,"menu_order":0,"comment_status":"closed","ping_status":"closed","template":"","meta":{"_acf_changed":false,"footnotes":""},"class_list":["post-30860","page","type-page","status-publish","hentry"],"acf":[],"yoast_head":"<!-- This site is optimized with the Yoast SEO plugin v27.3 - https:\/\/yoast.com\/product\/yoast-seo-wordpress\/ -->\n<title>Pol\u00edtica de cookies - INVERSE<\/title>\n<meta name=\"description\" content=\"Data d&#039;entrada en vigor: 15 de maig de 2024 Qu\u00e8 s\u00f3n les cookies? Aquesta Pol\u00edtica de cookies explica qu\u00e8 s\u00f3n les cookies i com les utilitzem, els tipus de\" \/>\n<meta name=\"robots\" content=\"index, follow, max-snippet:-1, max-image-preview:large, max-video-preview:-1\" \/>\n<link rel=\"canonical\" href=\"https:\/\/clubs.inverseteams.com\/ca\/politica-de-cookies\/\" \/>\n<meta property=\"og:locale\" content=\"ca_ES\" \/>\n<meta property=\"og:type\" content=\"article\" \/>\n<meta property=\"og:title\" content=\"Pol\u00edtica de cookies - INVERSE\" \/>\n<meta property=\"og:description\" content=\"Data d&#039;entrada en vigor: 15 de maig de 2024 Qu\u00e8 s\u00f3n les cookies? Aquesta Pol\u00edtica de cookies explica qu\u00e8 s\u00f3n les cookies i com les utilitzem, els tipus de\" \/>\n<meta property=\"og:url\" content=\"https:\/\/clubs.inverseteams.com\/ca\/politica-de-cookies\/\" \/>\n<meta property=\"og:site_name\" content=\"INVERSE\" \/>\n<meta property=\"article:modified_time\" content=\"2025-11-07T09:08:02+00:00\" \/>\n<meta name=\"twitter:card\" content=\"summary_large_image\" \/>\n<meta name=\"twitter:label1\" content=\"Temps estimat de lectura\" \/>\n\t<meta name=\"twitter:data1\" content=\"2 minuts\" \/>\n<script type=\"application\/ld+json\" class=\"yoast-schema-graph\">{\"@context\":\"https:\\\/\\\/schema.org\",\"@graph\":[{\"@type\":\"WebPage\",\"@id\":\"https:\\\/\\\/clubs.inverseteams.com\\\/ca\\\/politica-de-cookies\\\/\",\"url\":\"https:\\\/\\\/clubs.inverseteams.com\\\/ca\\\/politica-de-cookies\\\/\",\"name\":\"Pol\u00edtica de cookies - INVERSE\",\"isPartOf\":{\"@id\":\"https:\\\/\\\/clubs.inverseteams.com\\\/ca\\\/#website\"},\"datePublished\":\"2025-11-07T08:00:23+00:00\",\"dateModified\":\"2025-11-07T09:08:02+00:00\",\"description\":\"Data d'entrada en vigor: 15 de maig de 2024 Qu\u00e8 s\u00f3n les cookies? Aquesta Pol\u00edtica de cookies explica qu\u00e8 s\u00f3n les cookies i com les utilitzem, els tipus de\",\"breadcrumb\":{\"@id\":\"https:\\\/\\\/clubs.inverseteams.com\\\/ca\\\/politica-de-cookies\\\/#breadcrumb\"},\"inLanguage\":\"ca\",\"potentialAction\":[{\"@type\":\"ReadAction\",\"target\":[\"https:\\\/\\\/clubs.inverseteams.com\\\/ca\\\/politica-de-cookies\\\/\"]}]},{\"@type\":\"BreadcrumbList\",\"@id\":\"https:\\\/\\\/clubs.inverseteams.com\\\/ca\\\/politica-de-cookies\\\/#breadcrumb\",\"itemListElement\":[{\"@type\":\"ListItem\",\"position\":1,\"name\":\"Portada\",\"item\":\"https:\\\/\\\/clubs.inverseteams.com\\\/ca\\\/\"},{\"@type\":\"ListItem\",\"position\":2,\"name\":\"Pol\u00edtica de cookies\"}]},{\"@type\":\"WebSite\",\"@id\":\"https:\\\/\\\/clubs.inverseteams.com\\\/ca\\\/#website\",\"url\":\"https:\\\/\\\/clubs.inverseteams.com\\\/ca\\\/\",\"name\":\"INVERSE\",\"description\":\"CUSTOM SPORTSWEAR\",\"potentialAction\":[{\"@type\":\"SearchAction\",\"target\":{\"@type\":\"EntryPoint\",\"urlTemplate\":\"https:\\\/\\\/clubs.inverseteams.com\\\/ca\\\/?s={search_term_string}\"},\"query-input\":{\"@type\":\"PropertyValueSpecification\",\"valueRequired\":true,\"valueName\":\"search_term_string\"}}],\"inLanguage\":\"ca\"}]}<\/script>\n<!-- \/ Yoast SEO plugin. -->","yoast_head_json":{"title":"Pol\u00edtica de cookies - INVERSE","description":"Data d'entrada en vigor: 15 de maig de 2024 Qu\u00e8 s\u00f3n les cookies? Aquesta Pol\u00edtica de cookies explica qu\u00e8 s\u00f3n les cookies i com les utilitzem, els tipus de","robots":{"index":"index","follow":"follow","max-snippet":"max-snippet:-1","max-image-preview":"max-image-preview:large","max-video-preview":"max-video-preview:-1"},"canonical":"https:\/\/clubs.inverseteams.com\/ca\/politica-de-cookies\/","og_locale":"ca_ES","og_type":"article","og_title":"Pol\u00edtica de cookies - INVERSE","og_description":"Data d'entrada en vigor: 15 de maig de 2024 Qu\u00e8 s\u00f3n les cookies? Aquesta Pol\u00edtica de cookies explica qu\u00e8 s\u00f3n les cookies i com les utilitzem, els tipus de","og_url":"https:\/\/clubs.inverseteams.com\/ca\/politica-de-cookies\/","og_site_name":"INVERSE","article_modified_time":"2025-11-07T09:08:02+00:00","twitter_card":"summary_large_image","twitter_misc":{"Temps estimat de lectura":"2 minuts"},"schema":{"@context":"https:\/\/schema.org","@graph":[{"@type":"WebPage","@id":"https:\/\/clubs.inverseteams.com\/ca\/politica-de-cookies\/","url":"https:\/\/clubs.inverseteams.com\/ca\/politica-de-cookies\/","name":"Pol\u00edtica de cookies - INVERSE","isPartOf":{"@id":"https:\/\/clubs.inverseteams.com\/ca\/#website"},"datePublished":"2025-11-07T08:00:23+00:00","dateModified":"2025-11-07T09:08:02+00:00","description":"Data d'entrada en vigor: 15 de maig de 2024 Qu\u00e8 s\u00f3n les cookies? Aquesta Pol\u00edtica de cookies explica qu\u00e8 s\u00f3n les cookies i com les utilitzem, els tipus de","breadcrumb":{"@id":"https:\/\/clubs.inverseteams.com\/ca\/politica-de-cookies\/#breadcrumb"},"inLanguage":"ca","potentialAction":[{"@type":"ReadAction","target":["https:\/\/clubs.inverseteams.com\/ca\/politica-de-cookies\/"]}]},{"@type":"BreadcrumbList","@id":"https:\/\/clubs.inverseteams.com\/ca\/politica-de-cookies\/#breadcrumb","itemListElement":[{"@type":"ListItem","position":1,"name":"Portada","item":"https:\/\/clubs.inverseteams.com\/ca\/"},{"@type":"ListItem","position":2,"name":"Pol\u00edtica de cookies"}]},{"@type":"WebSite","@id":"https:\/\/clubs.inverseteams.com\/ca\/#website","url":"https:\/\/clubs.inverseteams.com\/ca\/","name":"INVERSE","description":"CUSTOM SPORTSWEAR","potentialAction":[{"@type":"SearchAction","target":{"@type":"EntryPoint","urlTemplate":"https:\/\/clubs.inverseteams.com\/ca\/?s={search_term_string}"},"query-input":{"@type":"PropertyValueSpecification","valueRequired":true,"valueName":"search_term_string"}}],"inLanguage":"ca"}]}},"_links":{"self":[{"href":"https:\/\/clubs.inverseteams.com\/ca\/wp-json\/wp\/v2\/pages\/30860","targetHints":{"allow":["GET"]}}],"collection":[{"href":"https:\/\/clubs.inverseteams.com\/ca\/wp-json\/wp\/v2\/pages"}],"about":[{"href":"https:\/\/clubs.inverseteams.com\/ca\/wp-json\/wp\/v2\/types\/page"}],"author":[{"embeddable":true,"href":"https:\/\/clubs.inverseteams.com\/ca\/wp-json\/wp\/v2\/users\/1"}],"replies":[{"embeddable":true,"href":"https:\/\/clubs.inverseteams.com\/ca\/wp-json\/wp\/v2\/comments?post=30860"}],"version-history":[{"count":3,"href":"https:\/\/clubs.inverseteams.com\/ca\/wp-json\/wp\/v2\/pages\/30860\/revisions"}],"predecessor-version":[{"id":30894,"href":"https:\/\/clubs.inverseteams.com\/ca\/wp-json\/wp\/v2\/pages\/30860\/revisions\/30894"}],"wp:attachment":[{"href":"https:\/\/clubs.inverseteams.com\/ca\/wp-json\/wp\/v2\/media?parent=30860"}],"curies":[{"name":"wp","href":"https:\/\/api.w.org\/{rel}","templated":true}]}}