{"id":30895,"date":"2023-12-18T15:32:52","date_gmt":"2023-12-18T15:32:52","guid":{"rendered":"https:\/\/clubs.inverseteams.com\/?page_id=30895"},"modified":"2025-11-07T09:08:31","modified_gmt":"2025-11-07T09:08:31","slug":"avis-legal","status":"publish","type":"page","link":"https:\/\/clubs.inverseteams.com\/ca\/avis-legal\/","title":{"rendered":"AV\u00cdS LEGAL"},"content":{"rendered":"<h2>1.- Dades identificatives.<\/h2>\n<p><!--  \/ wp: heading --><\/p>\n<p>Aquesta p\u00e0gina web \u00e9s titularitat de CIRO SPORT, SL (en endavant, CIRO SPORT), entitat degudament inscrita al Registre Mercantil de Barcelona, \u200b\u200bTom 21610, Foli 123, Full B-25.183, Inscripci\u00f3 1a, amb domicili social a la carrer Congost n\u00ba 16, 08100 Mollet<br \/>\nde Vall\u00e8s (Barcelona) i amb CIF B-59.940.973. Pot contactar amb l&#8217;entitat per qualsevol dels seg\u00fcents mitjans:<\/p>\n<p><!--  \/ wp: paragraph --><\/p>\n<p><!--  wp: paragraph --><br \/>\n<strong> Tel\u00e8fon Atenci\u00f3 a l&#8217;Client: <\/strong><\/p>\n<p><!--  \/ wp: paragraph --><\/p>\n<p>Des de l&#8217;estranger: 00 34 935 795 021<br \/>\n<!--  wp: paragraph -->Des d&#8217;Espanya: 935.795.021<\/p>\n<p><!--  \/ wp: paragraph --><\/p>\n<p><!--  \/ wp: paragraph --><\/p>\n<p><!--  wp: paragraph --><br \/>\n<strong> Fax: <\/strong><\/p>\n<p><!--  wp: paragraph -->Des de l&#8217;estranger: 00 34 935 937 344<br \/>\n<!--  wp: paragraph -->Des d&#8217;Espanya: 935.937.344<\/p>\n<p><!--  \/ wp: paragraph --><\/p>\n<p><!--  \/ wp: paragraph --><\/p>\n<p><!--  \/ wp: paragraph --><\/p>\n<p><!--  wp: paragraph --><br \/>\n<strong> Correu electr\u00f2nic:<\/strong><\/p>\n<p><a href=\"mailto:atencionalcliente@inverseteams.com\"> atencionalcliente@inverseteams.com <\/a><\/p>\n<p><!--  \/ wp: paragraph --><\/p>\n<p><!--  wp: heading --><\/p>\n<h2>2.- Condicions d&#8217;utilitzaci\u00f3 d&#8217;aquesta p\u00e0gina web.<\/h2>\n<p><!--  \/ wp: heading --><\/p>\n<p><!--  wp: heading { \"level\": 3} --><\/p>\n<h3>2.1 Introducci\u00f3.<\/h3>\n<p><!--  \/ wp: heading --><\/p>\n<p><!--  wp: paragraph --><br \/>\n2.1.1.- L&#8217;acc\u00e9s a aquest lloc web, aix\u00ed com la utilitzaci\u00f3 de les funcionalitats (en endavant, Serveis) i continguts (d&#8217;ara endavant, Continguts) que en ella s&#8217;ofereixen atribueix a qui ho faci la condici\u00f3 d&#8217;USUARI i implica l&#8217;acceptaci\u00f3 de totes les<br \/>\ncondicions incloses en aquest Av\u00eds Legal. Si l&#8217;usuari decideix no acceptar qualsevol de les referides normes o manifesta algun tipus de reserva, s&#8217;ha d&#8217;abstenir d&#8217;accedir a el lloc web o utilitzar els seus Serveis i Continguts.<\/p>\n<p><!--  \/ wp: paragraph --><!--  wp: paragraph -->2.1.2.- L&#8217;acc\u00e9s i \/ o la utilitzaci\u00f3 de certs continguts o serveis poden trobar-se sotmesos a condicions o regles d&#8217;\u00fas especials que, segons els casos, poden substituir, completar o modificar el present av\u00eds legal. Si exist\u00eds contradicci\u00f3 entre les condicions<br \/>\no regles d&#8217;\u00fas especials i l&#8217;Av\u00eds legal, tindran aplicaci\u00f3 preferent les d&#8217;\u00fas especial, de manera que tamb\u00e9 han de ser llegides i acceptades per EL USUARI.<\/p>\n<p><!--  \/ wp: paragraph --><\/p>\n<p><!--  wp: paragraph --><br \/>\n2.1.3.- El present Av\u00eds Legal i la resta de condicions existents en el Lloc Web poden ser modificades o substitu\u00efdes en qualsevol moment. Les noves condicions substituiran, completaran o modificaran les actuals des del mateix moment en qu\u00e8 siguin publicades<br \/>\nal lloc web o per qualsevol altre mitj\u00e0 que permeti a l&#8217;usuari con\u00e8ixer-les.<\/p>\n<p><!--  \/ wp: paragraph --><\/p>\n<p><!--  wp: heading { \"level\": 3} --><\/p>\n<h3><\/h3>\n<h3>2.2 Serveis oferts a l&#8217;usuari.<\/h3>\n<p><!--  \/ wp: heading --><\/p>\n<p>2.2.1.- En aquest lloc web, l&#8217;usuari podr\u00e0 tenir acc\u00e9s, entre altres, als seg\u00fcents continguts i serveis:<\/p>\n<p><!--  \/ wp: paragraph --><\/p>\n<p><!--  wp: list --><\/p>\n<ul>\n<li>Compra online de roba t\u00e8cnica CIRO SPORT<\/li>\n<li>Informaci\u00f3 i not\u00edcies sobre temes esportius, publicacions o qualssevol altres aspectes relacionats amb la tem\u00e0tica principal del Lloc Web<\/li>\n<li>Continguts elaborats per professionals especialitzats<\/li>\n<li>Directori d&#8217;adreces recomanades (links)<\/li>\n<li>F\u00f2rums d&#8217;Opini\u00f3 sobre productes<\/li>\n<li>Resoluci\u00f3 de consultes t\u00e8cniques sobre materials de confecci\u00f3 de productes t\u00e8cnics<\/li>\n<li>Adquisici\u00f3 de productes oferts als seus clients per CIRO SPORT o altres societats del seu Grup empresarial<\/li>\n<li>Acc\u00e9s a jocs, promocions, descomptes, sortejos i concursos oferts per CIRO SPORT i altres empreses validades per CIRO SPORT<\/li>\n<\/ul>\n<p><!--  \/ wp: list --><\/p>\n<p>2.2.2.- CIRO SPORT es reserva la facultat de modificar, suspendre, cancel\u00b7lar o restringir el contingut o els Serveis del Lloc Web, els seus vincles o la informaci\u00f3 obtinguda a trav\u00e9s d&#8217;ell, sense necessitat de previ av\u00eds.<\/p>\n<p><!--  \/ wp: paragraph --><\/p>\n<p><!--  wp: heading { \"level\": 3} --><\/p>\n<h3>2.3 Condicions generals d&#8217;\u00fas.<\/h3>\n<p><!--  \/ wp: heading --><\/p>\n<p>2.3.1.- La informaci\u00f3 continguda en el Lloc Web i els productes i serveis oferts a trav\u00e9s d&#8217;ell estan destinats, principalment, a persones f\u00edsiques o jur\u00eddiques, p\u00fabliques i privades, amb resid\u00e8ncia a Espanya i \/ o la Uni\u00f3 Europea i \/ o que accedeixin<br \/>\ndes d&#8217;Espanya i \/ o la Uni\u00f3 Europea, de manera que CIRO SPORT declina tota responsabilitat per les conseq\u00fc\u00e8ncies que poguessin derivar-se de l&#8217;acc\u00e9s efectuat des jurisdiccions on la distribuci\u00f3 o \u00fas d&#8217;aquests elements poguessin ser contraris a la<br \/>\nnormativa existent en aquest pa\u00eds.<\/p>\n<p><!--  \/ wp: paragraph --><\/p>\n<p>2.3.2.- Els continguts i serveis oferts a trav\u00e9s d&#8217;aquest Lloc Web estan destinats al seu \u00fas per persones majors d&#8217;edat. Queda prohibit la compra de productes a menors d&#8217;edat sense consentiment dels seus responsables legals. De les compres efectuades<br \/>\nper menors falsejant dades respondran els seus responsables legals segons la legislaci\u00f3 espanyola i europea.<\/p>\n<p><!--  \/ wp: paragraph --><\/p>\n<p>2.3.3.- L&#8217;acc\u00e9s a la Web implica l&#8217;acceptaci\u00f3 per l&#8217;usuari de les condicions de tractament de les seves dades de car\u00e0cter personal que es descriuen en la Pol\u00edtica de Privadesa.<\/p>\n<p><!--  \/ wp: paragraph --><\/p>\n<p>En tot cas, l&#8217;USUARI podr\u00e0 desistir d&#8217;accedir als Continguts o donar-se de baixa en els Serveis.<\/p>\n<p><!--  \/ wp: paragraph --><\/p>\n<p>2.3.4 CIRO SPORT obt\u00e9 els Continguts inclosos en el Lloc Web de fonts considerades com fiables. No obstant aix\u00f2, no es pot garantir que en tot moment sigui exacta, completa i actualitzada. Per aix\u00f2, CIRO SPORT declina expressament qualsevol responsabilitat<br \/>\nper error o omissi\u00f3 en la informaci\u00f3 continguda en aquest lloc web.<\/p>\n<p><!--  \/ wp: paragraph --><\/p>\n<p>2.3.5.- Malgrat que CIRO SPORT fa tots els esfor\u00e7os que s\u00f3n raonables perqu\u00e8 els continguts i serveis oferts a trav\u00e9s d&#8217;aquest lloc web es troben disponibles permanentment, l&#8217;Usuari ha de tenir en compte que poden existir interrupcions o limitacions d&#8217;acc\u00e9s<br \/>\no \u00fas derivades de fets accidentals i imprevistos o de la realitzaci\u00f3 d&#8217;accions necess\u00e0ries per dur a terme operacions de millora, manteniment o an\u00e0logues.<\/p>\n<p><!--  \/ wp: paragraph --><\/p>\n<p>2.3.6.- El cost de l\u00ednia telef\u00f2nica que generi per l&#8217;USUARI la utilitzaci\u00f3 del Lloc Web i qualssevol altres despeses diferents de mer acc\u00e9s a aquest i la seva posada a disposici\u00f3 dels USUARIS, correran exclusivament per compte d&#8217;aquests.<\/p>\n<p><!--  \/ wp: paragraph --><\/p>\n<p>2.3.7 L&#8217;acc\u00e9s a determinats continguts o l&#8217;\u00fas de certs Serveis del Lloc Web poden fer necessari que l&#8217;usuari hagi de descarregar en el seu equip aplicacions inform\u00e0tiques. Aix\u00f2 es realitzar\u00e0 sota l&#8217;exclusiva responsabilitat de l&#8217;Usuari, sense que pugui<br \/>\nexigir-se a CIRO SPORT responsabilitat derivada d&#8217;aquestes accions.<\/p>\n<p><!--  \/ wp: paragraph --><\/p>\n","protected":false},"excerpt":{"rendered":"<p>1.- Dades identificatives. Aquesta p\u00e0gina web \u00e9s titularitat de CIRO SPORT, SL (en endavant, CIRO SPORT), entitat degudament inscrita al Registre Mercantil de Barcelona, \u200b\u200bTom 21610, Foli 123, Full B-25.183, &hellip;<\/p>\n","protected":false},"author":1,"featured_media":0,"parent":0,"menu_order":0,"comment_status":"closed","ping_status":"closed","template":"","meta":{"_acf_changed":false,"footnotes":""},"class_list":["post-30895","page","type-page","status-publish","hentry"],"acf":[],"yoast_head":"<!-- This site is optimized with the Yoast SEO plugin v27.3 - https:\/\/yoast.com\/product\/yoast-seo-wordpress\/ -->\n<title>AV\u00cdS LEGAL - INVERSE<\/title>\n<meta name=\"description\" content=\"1.- Dades identificatives. Aquesta p\u00e0gina web \u00e9s titularitat de CIRO SPORT, SL (en endavant, CIRO SPORT), entitat degudament inscrita al Registre\" \/>\n<meta name=\"robots\" content=\"index, follow, max-snippet:-1, max-image-preview:large, max-video-preview:-1\" \/>\n<link rel=\"canonical\" href=\"https:\/\/clubs.inverseteams.com\/ca\/avis-legal\/\" \/>\n<meta property=\"og:locale\" content=\"ca_ES\" \/>\n<meta property=\"og:type\" content=\"article\" \/>\n<meta property=\"og:title\" content=\"AV\u00cdS LEGAL - INVERSE\" \/>\n<meta property=\"og:description\" content=\"1.- Dades identificatives. Aquesta p\u00e0gina web \u00e9s titularitat de CIRO SPORT, SL (en endavant, CIRO SPORT), entitat degudament inscrita al Registre\" \/>\n<meta property=\"og:url\" content=\"https:\/\/clubs.inverseteams.com\/ca\/avis-legal\/\" \/>\n<meta property=\"og:site_name\" content=\"INVERSE\" \/>\n<meta property=\"article:modified_time\" content=\"2025-11-07T09:08:31+00:00\" \/>\n<meta name=\"twitter:card\" content=\"summary_large_image\" \/>\n<meta name=\"twitter:label1\" content=\"Temps estimat de lectura\" \/>\n\t<meta name=\"twitter:data1\" content=\"4 minuts\" \/>\n<script type=\"application\/ld+json\" class=\"yoast-schema-graph\">{\"@context\":\"https:\\\/\\\/schema.org\",\"@graph\":[{\"@type\":\"WebPage\",\"@id\":\"https:\\\/\\\/clubs.inverseteams.com\\\/ca\\\/avis-legal\\\/\",\"url\":\"https:\\\/\\\/clubs.inverseteams.com\\\/ca\\\/avis-legal\\\/\",\"name\":\"AV\u00cdS LEGAL - INVERSE\",\"isPartOf\":{\"@id\":\"https:\\\/\\\/clubs.inverseteams.com\\\/ca\\\/#website\"},\"datePublished\":\"2023-12-18T15:32:52+00:00\",\"dateModified\":\"2025-11-07T09:08:31+00:00\",\"description\":\"1.- Dades identificatives. Aquesta p\u00e0gina web \u00e9s titularitat de CIRO SPORT, SL (en endavant, CIRO SPORT), entitat degudament inscrita al Registre\",\"breadcrumb\":{\"@id\":\"https:\\\/\\\/clubs.inverseteams.com\\\/ca\\\/avis-legal\\\/#breadcrumb\"},\"inLanguage\":\"ca\",\"potentialAction\":[{\"@type\":\"ReadAction\",\"target\":[\"https:\\\/\\\/clubs.inverseteams.com\\\/ca\\\/avis-legal\\\/\"]}]},{\"@type\":\"BreadcrumbList\",\"@id\":\"https:\\\/\\\/clubs.inverseteams.com\\\/ca\\\/avis-legal\\\/#breadcrumb\",\"itemListElement\":[{\"@type\":\"ListItem\",\"position\":1,\"name\":\"Portada\",\"item\":\"https:\\\/\\\/clubs.inverseteams.com\\\/ca\\\/\"},{\"@type\":\"ListItem\",\"position\":2,\"name\":\"AV\u00cdS LEGAL\"}]},{\"@type\":\"WebSite\",\"@id\":\"https:\\\/\\\/clubs.inverseteams.com\\\/ca\\\/#website\",\"url\":\"https:\\\/\\\/clubs.inverseteams.com\\\/ca\\\/\",\"name\":\"INVERSE\",\"description\":\"CUSTOM SPORTSWEAR\",\"potentialAction\":[{\"@type\":\"SearchAction\",\"target\":{\"@type\":\"EntryPoint\",\"urlTemplate\":\"https:\\\/\\\/clubs.inverseteams.com\\\/ca\\\/?s={search_term_string}\"},\"query-input\":{\"@type\":\"PropertyValueSpecification\",\"valueRequired\":true,\"valueName\":\"search_term_string\"}}],\"inLanguage\":\"ca\"}]}<\/script>\n<!-- \/ Yoast SEO plugin. -->","yoast_head_json":{"title":"AV\u00cdS LEGAL - INVERSE","description":"1.- Dades identificatives. Aquesta p\u00e0gina web \u00e9s titularitat de CIRO SPORT, SL (en endavant, CIRO SPORT), entitat degudament inscrita al Registre","robots":{"index":"index","follow":"follow","max-snippet":"max-snippet:-1","max-image-preview":"max-image-preview:large","max-video-preview":"max-video-preview:-1"},"canonical":"https:\/\/clubs.inverseteams.com\/ca\/avis-legal\/","og_locale":"ca_ES","og_type":"article","og_title":"AV\u00cdS LEGAL - INVERSE","og_description":"1.- Dades identificatives. Aquesta p\u00e0gina web \u00e9s titularitat de CIRO SPORT, SL (en endavant, CIRO SPORT), entitat degudament inscrita al Registre","og_url":"https:\/\/clubs.inverseteams.com\/ca\/avis-legal\/","og_site_name":"INVERSE","article_modified_time":"2025-11-07T09:08:31+00:00","twitter_card":"summary_large_image","twitter_misc":{"Temps estimat de lectura":"4 minuts"},"schema":{"@context":"https:\/\/schema.org","@graph":[{"@type":"WebPage","@id":"https:\/\/clubs.inverseteams.com\/ca\/avis-legal\/","url":"https:\/\/clubs.inverseteams.com\/ca\/avis-legal\/","name":"AV\u00cdS LEGAL - INVERSE","isPartOf":{"@id":"https:\/\/clubs.inverseteams.com\/ca\/#website"},"datePublished":"2023-12-18T15:32:52+00:00","dateModified":"2025-11-07T09:08:31+00:00","description":"1.- Dades identificatives. Aquesta p\u00e0gina web \u00e9s titularitat de CIRO SPORT, SL (en endavant, CIRO SPORT), entitat degudament inscrita al Registre","breadcrumb":{"@id":"https:\/\/clubs.inverseteams.com\/ca\/avis-legal\/#breadcrumb"},"inLanguage":"ca","potentialAction":[{"@type":"ReadAction","target":["https:\/\/clubs.inverseteams.com\/ca\/avis-legal\/"]}]},{"@type":"BreadcrumbList","@id":"https:\/\/clubs.inverseteams.com\/ca\/avis-legal\/#breadcrumb","itemListElement":[{"@type":"ListItem","position":1,"name":"Portada","item":"https:\/\/clubs.inverseteams.com\/ca\/"},{"@type":"ListItem","position":2,"name":"AV\u00cdS LEGAL"}]},{"@type":"WebSite","@id":"https:\/\/clubs.inverseteams.com\/ca\/#website","url":"https:\/\/clubs.inverseteams.com\/ca\/","name":"INVERSE","description":"CUSTOM SPORTSWEAR","potentialAction":[{"@type":"SearchAction","target":{"@type":"EntryPoint","urlTemplate":"https:\/\/clubs.inverseteams.com\/ca\/?s={search_term_string}"},"query-input":{"@type":"PropertyValueSpecification","valueRequired":true,"valueName":"search_term_string"}}],"inLanguage":"ca"}]}},"_links":{"self":[{"href":"https:\/\/clubs.inverseteams.com\/ca\/wp-json\/wp\/v2\/pages\/30895","targetHints":{"allow":["GET"]}}],"collection":[{"href":"https:\/\/clubs.inverseteams.com\/ca\/wp-json\/wp\/v2\/pages"}],"about":[{"href":"https:\/\/clubs.inverseteams.com\/ca\/wp-json\/wp\/v2\/types\/page"}],"author":[{"embeddable":true,"href":"https:\/\/clubs.inverseteams.com\/ca\/wp-json\/wp\/v2\/users\/1"}],"replies":[{"embeddable":true,"href":"https:\/\/clubs.inverseteams.com\/ca\/wp-json\/wp\/v2\/comments?post=30895"}],"version-history":[{"count":1,"href":"https:\/\/clubs.inverseteams.com\/ca\/wp-json\/wp\/v2\/pages\/30895\/revisions"}],"predecessor-version":[{"id":30898,"href":"https:\/\/clubs.inverseteams.com\/ca\/wp-json\/wp\/v2\/pages\/30895\/revisions\/30898"}],"wp:attachment":[{"href":"https:\/\/clubs.inverseteams.com\/ca\/wp-json\/wp\/v2\/media?parent=30895"}],"curies":[{"name":"wp","href":"https:\/\/api.w.org\/{rel}","templated":true}]}}