{"id":30918,"date":"2025-06-06T09:51:02","date_gmt":"2025-06-06T09:51:02","guid":{"rendered":"https:\/\/clubs.inverseteams.com\/sollicitud-dinformacio\/"},"modified":"2025-11-07T11:20:28","modified_gmt":"2025-11-07T11:20:28","slug":"sollicitud-dinformacio","status":"publish","type":"page","link":"https:\/\/clubs.inverseteams.com\/ca\/sollicitud-dinformacio\/","title":{"rendered":"Sol\u00b7licitud d&#8217;informaci\u00f3"},"content":{"rendered":"\n<p>Sou un club i voleu saber m\u00e9s informaci\u00f3? Escriviu-nos! <\/p>\n","protected":false},"excerpt":{"rendered":"<p>Sou un club i voleu saber m\u00e9s informaci\u00f3? Escriviu-nos!<\/p>\n","protected":false},"author":1,"featured_media":0,"parent":0,"menu_order":0,"comment_status":"closed","ping_status":"closed","template":"page-templates\/page-contact.php","meta":{"_acf_changed":false,"footnotes":""},"class_list":["post-30918","page","type-page","status-publish","hentry"],"acf":[],"yoast_head":"<!-- This site is optimized with the Yoast SEO plugin v27.3 - https:\/\/yoast.com\/product\/yoast-seo-wordpress\/ -->\n<title>Sol\u00b7licitud d&#039;informaci\u00f3 - INVERSE<\/title>\n<meta name=\"description\" content=\"Sou un club i voleu saber m\u00e9s informaci\u00f3? Escriviu-nos!\" \/>\n<meta name=\"robots\" content=\"index, follow, max-snippet:-1, max-image-preview:large, max-video-preview:-1\" \/>\n<link rel=\"canonical\" href=\"https:\/\/clubs.inverseteams.com\/ca\/sollicitud-dinformacio\/\" \/>\n<meta property=\"og:locale\" content=\"ca_ES\" \/>\n<meta property=\"og:type\" content=\"article\" \/>\n<meta property=\"og:title\" content=\"Sol\u00b7licitud d&#039;informaci\u00f3 - INVERSE\" \/>\n<meta property=\"og:description\" content=\"Sou un club i voleu saber m\u00e9s informaci\u00f3? Escriviu-nos!\" \/>\n<meta property=\"og:url\" content=\"https:\/\/clubs.inverseteams.com\/ca\/sollicitud-dinformacio\/\" \/>\n<meta property=\"og:site_name\" content=\"INVERSE\" \/>\n<meta property=\"article:modified_time\" content=\"2025-11-07T11:20:28+00:00\" \/>\n<meta name=\"twitter:card\" content=\"summary_large_image\" \/>\n<meta name=\"twitter:label1\" content=\"Temps estimat de lectura\" \/>\n\t<meta name=\"twitter:data1\" content=\"1 minut\" \/>\n<script type=\"application\/ld+json\" class=\"yoast-schema-graph\">{\"@context\":\"https:\\\/\\\/schema.org\",\"@graph\":[{\"@type\":\"WebPage\",\"@id\":\"https:\\\/\\\/clubs.inverseteams.com\\\/ca\\\/sollicitud-dinformacio\\\/\",\"url\":\"https:\\\/\\\/clubs.inverseteams.com\\\/ca\\\/sollicitud-dinformacio\\\/\",\"name\":\"Sol\u00b7licitud d'informaci\u00f3 - INVERSE\",\"isPartOf\":{\"@id\":\"https:\\\/\\\/clubs.inverseteams.com\\\/ca\\\/#website\"},\"datePublished\":\"2025-06-06T09:51:02+00:00\",\"dateModified\":\"2025-11-07T11:20:28+00:00\",\"description\":\"Sou un club i voleu saber m\u00e9s informaci\u00f3? Escriviu-nos!\",\"breadcrumb\":{\"@id\":\"https:\\\/\\\/clubs.inverseteams.com\\\/ca\\\/sollicitud-dinformacio\\\/#breadcrumb\"},\"inLanguage\":\"ca\",\"potentialAction\":[{\"@type\":\"ReadAction\",\"target\":[\"https:\\\/\\\/clubs.inverseteams.com\\\/ca\\\/sollicitud-dinformacio\\\/\"]}]},{\"@type\":\"BreadcrumbList\",\"@id\":\"https:\\\/\\\/clubs.inverseteams.com\\\/ca\\\/sollicitud-dinformacio\\\/#breadcrumb\",\"itemListElement\":[{\"@type\":\"ListItem\",\"position\":1,\"name\":\"Portada\",\"item\":\"https:\\\/\\\/clubs.inverseteams.com\\\/ca\\\/\"},{\"@type\":\"ListItem\",\"position\":2,\"name\":\"Sol\u00b7licitud d&#8217;informaci\u00f3\"}]},{\"@type\":\"WebSite\",\"@id\":\"https:\\\/\\\/clubs.inverseteams.com\\\/ca\\\/#website\",\"url\":\"https:\\\/\\\/clubs.inverseteams.com\\\/ca\\\/\",\"name\":\"INVERSE\",\"description\":\"CUSTOM SPORTSWEAR\",\"potentialAction\":[{\"@type\":\"SearchAction\",\"target\":{\"@type\":\"EntryPoint\",\"urlTemplate\":\"https:\\\/\\\/clubs.inverseteams.com\\\/ca\\\/?s={search_term_string}\"},\"query-input\":{\"@type\":\"PropertyValueSpecification\",\"valueRequired\":true,\"valueName\":\"search_term_string\"}}],\"inLanguage\":\"ca\"}]}<\/script>\n<!-- \/ Yoast SEO plugin. -->","yoast_head_json":{"title":"Sol\u00b7licitud d'informaci\u00f3 - INVERSE","description":"Sou un club i voleu saber m\u00e9s informaci\u00f3? Escriviu-nos!","robots":{"index":"index","follow":"follow","max-snippet":"max-snippet:-1","max-image-preview":"max-image-preview:large","max-video-preview":"max-video-preview:-1"},"canonical":"https:\/\/clubs.inverseteams.com\/ca\/sollicitud-dinformacio\/","og_locale":"ca_ES","og_type":"article","og_title":"Sol\u00b7licitud d'informaci\u00f3 - INVERSE","og_description":"Sou un club i voleu saber m\u00e9s informaci\u00f3? Escriviu-nos!","og_url":"https:\/\/clubs.inverseteams.com\/ca\/sollicitud-dinformacio\/","og_site_name":"INVERSE","article_modified_time":"2025-11-07T11:20:28+00:00","twitter_card":"summary_large_image","twitter_misc":{"Temps estimat de lectura":"1 minut"},"schema":{"@context":"https:\/\/schema.org","@graph":[{"@type":"WebPage","@id":"https:\/\/clubs.inverseteams.com\/ca\/sollicitud-dinformacio\/","url":"https:\/\/clubs.inverseteams.com\/ca\/sollicitud-dinformacio\/","name":"Sol\u00b7licitud d'informaci\u00f3 - INVERSE","isPartOf":{"@id":"https:\/\/clubs.inverseteams.com\/ca\/#website"},"datePublished":"2025-06-06T09:51:02+00:00","dateModified":"2025-11-07T11:20:28+00:00","description":"Sou un club i voleu saber m\u00e9s informaci\u00f3? Escriviu-nos!","breadcrumb":{"@id":"https:\/\/clubs.inverseteams.com\/ca\/sollicitud-dinformacio\/#breadcrumb"},"inLanguage":"ca","potentialAction":[{"@type":"ReadAction","target":["https:\/\/clubs.inverseteams.com\/ca\/sollicitud-dinformacio\/"]}]},{"@type":"BreadcrumbList","@id":"https:\/\/clubs.inverseteams.com\/ca\/sollicitud-dinformacio\/#breadcrumb","itemListElement":[{"@type":"ListItem","position":1,"name":"Portada","item":"https:\/\/clubs.inverseteams.com\/ca\/"},{"@type":"ListItem","position":2,"name":"Sol\u00b7licitud d&#8217;informaci\u00f3"}]},{"@type":"WebSite","@id":"https:\/\/clubs.inverseteams.com\/ca\/#website","url":"https:\/\/clubs.inverseteams.com\/ca\/","name":"INVERSE","description":"CUSTOM SPORTSWEAR","potentialAction":[{"@type":"SearchAction","target":{"@type":"EntryPoint","urlTemplate":"https:\/\/clubs.inverseteams.com\/ca\/?s={search_term_string}"},"query-input":{"@type":"PropertyValueSpecification","valueRequired":true,"valueName":"search_term_string"}}],"inLanguage":"ca"}]}},"_links":{"self":[{"href":"https:\/\/clubs.inverseteams.com\/ca\/wp-json\/wp\/v2\/pages\/30918","targetHints":{"allow":["GET"]}}],"collection":[{"href":"https:\/\/clubs.inverseteams.com\/ca\/wp-json\/wp\/v2\/pages"}],"about":[{"href":"https:\/\/clubs.inverseteams.com\/ca\/wp-json\/wp\/v2\/types\/page"}],"author":[{"embeddable":true,"href":"https:\/\/clubs.inverseteams.com\/ca\/wp-json\/wp\/v2\/users\/1"}],"replies":[{"embeddable":true,"href":"https:\/\/clubs.inverseteams.com\/ca\/wp-json\/wp\/v2\/comments?post=30918"}],"version-history":[{"count":2,"href":"https:\/\/clubs.inverseteams.com\/ca\/wp-json\/wp\/v2\/pages\/30918\/revisions"}],"predecessor-version":[{"id":31068,"href":"https:\/\/clubs.inverseteams.com\/ca\/wp-json\/wp\/v2\/pages\/30918\/revisions\/31068"}],"wp:attachment":[{"href":"https:\/\/clubs.inverseteams.com\/ca\/wp-json\/wp\/v2\/media?parent=30918"}],"curies":[{"name":"wp","href":"https:\/\/api.w.org\/{rel}","templated":true}]}}