{"id":30945,"date":"2024-07-06T12:51:58","date_gmt":"2024-07-06T12:51:58","guid":{"rendered":"https:\/\/clubs.inverseteams.com\/carreto\/"},"modified":"2025-11-07T09:32:03","modified_gmt":"2025-11-07T09:32:03","slug":"carreto","status":"publish","type":"page","link":"https:\/\/clubs.inverseteams.com\/ca\/carreto\/","title":{"rendered":"Carret\u00f3"},"content":{"rendered":"\n<div data-block-name=\"woocommerce\/cart\" class=\"wp-block-woocommerce-cart alignwide is-loading\">\n<div data-block-name=\"woocommerce\/filled-cart-block\" class=\"wp-block-woocommerce-filled-cart-block\">\n<div data-block-name=\"woocommerce\/cart-items-block\" class=\"wp-block-woocommerce-cart-items-block\">\n<div data-block-name=\"woocommerce\/cart-line-items-block\" class=\"wp-block-woocommerce-cart-line-items-block\"><\/div>\n<\/div>\n\n\n\n<div data-block-name=\"woocommerce\/cart-totals-block\" class=\"wp-block-woocommerce-cart-totals-block\">\n<div data-block-name=\"woocommerce\/cart-order-summary-block\" class=\"wp-block-woocommerce-cart-order-summary-block\">\n<div data-block-name=\"woocommerce\/cart-order-summary-heading-block\" data-content=\"Totals del carret\u00f3\" class=\"wp-block-woocommerce-cart-order-summary-heading-block\"><\/div>\n\n\n\n<div data-block-name=\"woocommerce\/cart-order-summary-coupon-form-block\" class=\"wp-block-woocommerce-cart-order-summary-coupon-form-block\"><\/div>\n\n\n\n<div data-block-name=\"woocommerce\/cart-order-summary-totals-block\" class=\"wp-block-woocommerce-cart-order-summary-totals-block\">\n<div data-block-name=\"woocommerce\/cart-order-summary-subtotal-block\" class=\"wp-block-woocommerce-cart-order-summary-subtotal-block\"><\/div>\n\n\n\n<div data-block-name=\"woocommerce\/cart-order-summary-fee-block\" class=\"wp-block-woocommerce-cart-order-summary-fee-block\"><\/div>\n\n\n\n<div data-block-name=\"woocommerce\/cart-order-summary-discount-block\" class=\"wp-block-woocommerce-cart-order-summary-discount-block\"><\/div>\n\n\n\n<div data-block-name=\"woocommerce\/cart-order-summary-shipping-block\" class=\"wp-block-woocommerce-cart-order-summary-shipping-block\"><\/div>\n\n\n\n<div data-block-name=\"woocommerce\/cart-order-summary-taxes-block\" class=\"wp-block-woocommerce-cart-order-summary-taxes-block\"><\/div>\n<\/div>\n<\/div>\n\n\n\n<div data-block-name=\"woocommerce-paypal-payments\/cart-paylater-messages\" data-pp-placement=\"cart\" data-pp-style-layout=\"text\" data-pp-style-logo-position=\"left\" data-pp-style-logo-type=\"inline\" data-pp-style-text-color=\"black\" data-pp-style-text-size=\"12\" id=\"ppcp-cart-paylater-messages\" class=\"ppcp-messages\" data-partner-attribution-id=\"Woo_PPCP\"><\/div><div data-block-name=\"woocommerce\/cart-express-payment-block\" class=\"wp-block-woocommerce-cart-express-payment-block\"><\/div>\n\n\n\n<div data-block-name=\"woocommerce\/proceed-to-checkout-block\" class=\"wp-block-woocommerce-proceed-to-checkout-block\"><\/div>\n\n\n\n<div data-block-name=\"woocommerce\/cart-accepted-payment-methods-block\" class=\"wp-block-woocommerce-cart-accepted-payment-methods-block\"><\/div>\n<\/div>\n<\/div>\n\n\n\n<div data-block-name=\"woocommerce\/empty-cart-block\" class=\"wp-block-woocommerce-empty-cart-block\">\n<h2 class=\"wp-block-heading has-text-align-center with-empty-cart-icon wc-block-cart__empty-cart__title\">El vostre carret\u00f3 est\u00e0 actualment buit!<\/h2>\n<\/div>\n<\/div>\n","protected":false},"excerpt":{"rendered":"","protected":false},"author":1,"featured_media":0,"parent":0,"menu_order":0,"comment_status":"closed","ping_status":"closed","template":"","meta":{"_acf_changed":false,"footnotes":""},"class_list":["post-30945","page","type-page","status-publish","hentry"],"acf":[],"yoast_head":"<!-- This site is optimized with the Yoast SEO plugin v27.3 - https:\/\/yoast.com\/product\/yoast-seo-wordpress\/ -->\n<title>Carret\u00f3 - INVERSE<\/title>\n<meta name=\"description\" content=\"El vostre carret\u00f3 est\u00e0 actualment buit!\" \/>\n<meta name=\"robots\" content=\"index, follow, max-snippet:-1, max-image-preview:large, max-video-preview:-1\" \/>\n<link rel=\"canonical\" href=\"https:\/\/clubs.inverseteams.com\/ca\/carreto\/\" \/>\n<meta property=\"og:locale\" content=\"ca_ES\" \/>\n<meta property=\"og:type\" content=\"article\" \/>\n<meta property=\"og:title\" content=\"Carret\u00f3 - INVERSE\" \/>\n<meta property=\"og:description\" content=\"El vostre carret\u00f3 est\u00e0 actualment buit!\" \/>\n<meta property=\"og:url\" content=\"https:\/\/clubs.inverseteams.com\/ca\/carreto\/\" \/>\n<meta property=\"og:site_name\" content=\"INVERSE\" \/>\n<meta property=\"article:modified_time\" content=\"2025-11-07T09:32:03+00:00\" \/>\n<meta name=\"twitter:card\" content=\"summary_large_image\" \/>\n<script type=\"application\/ld+json\" class=\"yoast-schema-graph\">{\"@context\":\"https:\\\/\\\/schema.org\",\"@graph\":[{\"@type\":\"WebPage\",\"@id\":\"https:\\\/\\\/clubs.inverseteams.com\\\/ca\\\/carreto\\\/\",\"url\":\"https:\\\/\\\/clubs.inverseteams.com\\\/ca\\\/carreto\\\/\",\"name\":\"Carret\u00f3 - INVERSE\",\"isPartOf\":{\"@id\":\"https:\\\/\\\/clubs.inverseteams.com\\\/ca\\\/#website\"},\"datePublished\":\"2024-07-06T12:51:58+00:00\",\"dateModified\":\"2025-11-07T09:32:03+00:00\",\"description\":\"El vostre carret\u00f3 est\u00e0 actualment buit!\",\"breadcrumb\":{\"@id\":\"https:\\\/\\\/clubs.inverseteams.com\\\/ca\\\/carreto\\\/#breadcrumb\"},\"inLanguage\":\"ca\",\"potentialAction\":[{\"@type\":\"ReadAction\",\"target\":[\"https:\\\/\\\/clubs.inverseteams.com\\\/ca\\\/carreto\\\/\"]}]},{\"@type\":\"BreadcrumbList\",\"@id\":\"https:\\\/\\\/clubs.inverseteams.com\\\/ca\\\/carreto\\\/#breadcrumb\",\"itemListElement\":[{\"@type\":\"ListItem\",\"position\":1,\"name\":\"Portada\",\"item\":\"https:\\\/\\\/clubs.inverseteams.com\\\/ca\\\/\"},{\"@type\":\"ListItem\",\"position\":2,\"name\":\"Carret\u00f3\"}]},{\"@type\":\"WebSite\",\"@id\":\"https:\\\/\\\/clubs.inverseteams.com\\\/ca\\\/#website\",\"url\":\"https:\\\/\\\/clubs.inverseteams.com\\\/ca\\\/\",\"name\":\"INVERSE\",\"description\":\"CUSTOM SPORTSWEAR\",\"potentialAction\":[{\"@type\":\"SearchAction\",\"target\":{\"@type\":\"EntryPoint\",\"urlTemplate\":\"https:\\\/\\\/clubs.inverseteams.com\\\/ca\\\/?s={search_term_string}\"},\"query-input\":{\"@type\":\"PropertyValueSpecification\",\"valueRequired\":true,\"valueName\":\"search_term_string\"}}],\"inLanguage\":\"ca\"}]}<\/script>\n<!-- \/ Yoast SEO plugin. -->","yoast_head_json":{"title":"Carret\u00f3 - INVERSE","description":"El vostre carret\u00f3 est\u00e0 actualment buit!","robots":{"index":"index","follow":"follow","max-snippet":"max-snippet:-1","max-image-preview":"max-image-preview:large","max-video-preview":"max-video-preview:-1"},"canonical":"https:\/\/clubs.inverseteams.com\/ca\/carreto\/","og_locale":"ca_ES","og_type":"article","og_title":"Carret\u00f3 - INVERSE","og_description":"El vostre carret\u00f3 est\u00e0 actualment buit!","og_url":"https:\/\/clubs.inverseteams.com\/ca\/carreto\/","og_site_name":"INVERSE","article_modified_time":"2025-11-07T09:32:03+00:00","twitter_card":"summary_large_image","schema":{"@context":"https:\/\/schema.org","@graph":[{"@type":"WebPage","@id":"https:\/\/clubs.inverseteams.com\/ca\/carreto\/","url":"https:\/\/clubs.inverseteams.com\/ca\/carreto\/","name":"Carret\u00f3 - INVERSE","isPartOf":{"@id":"https:\/\/clubs.inverseteams.com\/ca\/#website"},"datePublished":"2024-07-06T12:51:58+00:00","dateModified":"2025-11-07T09:32:03+00:00","description":"El vostre carret\u00f3 est\u00e0 actualment buit!","breadcrumb":{"@id":"https:\/\/clubs.inverseteams.com\/ca\/carreto\/#breadcrumb"},"inLanguage":"ca","potentialAction":[{"@type":"ReadAction","target":["https:\/\/clubs.inverseteams.com\/ca\/carreto\/"]}]},{"@type":"BreadcrumbList","@id":"https:\/\/clubs.inverseteams.com\/ca\/carreto\/#breadcrumb","itemListElement":[{"@type":"ListItem","position":1,"name":"Portada","item":"https:\/\/clubs.inverseteams.com\/ca\/"},{"@type":"ListItem","position":2,"name":"Carret\u00f3"}]},{"@type":"WebSite","@id":"https:\/\/clubs.inverseteams.com\/ca\/#website","url":"https:\/\/clubs.inverseteams.com\/ca\/","name":"INVERSE","description":"CUSTOM SPORTSWEAR","potentialAction":[{"@type":"SearchAction","target":{"@type":"EntryPoint","urlTemplate":"https:\/\/clubs.inverseteams.com\/ca\/?s={search_term_string}"},"query-input":{"@type":"PropertyValueSpecification","valueRequired":true,"valueName":"search_term_string"}}],"inLanguage":"ca"}]}},"_links":{"self":[{"href":"https:\/\/clubs.inverseteams.com\/ca\/wp-json\/wp\/v2\/pages\/30945","targetHints":{"allow":["GET"]}}],"collection":[{"href":"https:\/\/clubs.inverseteams.com\/ca\/wp-json\/wp\/v2\/pages"}],"about":[{"href":"https:\/\/clubs.inverseteams.com\/ca\/wp-json\/wp\/v2\/types\/page"}],"author":[{"embeddable":true,"href":"https:\/\/clubs.inverseteams.com\/ca\/wp-json\/wp\/v2\/users\/1"}],"replies":[{"embeddable":true,"href":"https:\/\/clubs.inverseteams.com\/ca\/wp-json\/wp\/v2\/comments?post=30945"}],"version-history":[{"count":1,"href":"https:\/\/clubs.inverseteams.com\/ca\/wp-json\/wp\/v2\/pages\/30945\/revisions"}],"predecessor-version":[{"id":30946,"href":"https:\/\/clubs.inverseteams.com\/ca\/wp-json\/wp\/v2\/pages\/30945\/revisions\/30946"}],"wp:attachment":[{"href":"https:\/\/clubs.inverseteams.com\/ca\/wp-json\/wp\/v2\/media?parent=30945"}],"curies":[{"name":"wp","href":"https:\/\/api.w.org\/{rel}","templated":true}]}}