{"id":138371,"date":"2026-03-13T09:17:23","date_gmt":"2026-03-13T09:17:23","guid":{"rendered":"https:\/\/clubs.inverseteams.com\/?post_type=product&#038;p=138371"},"modified":"2026-03-13T09:40:00","modified_gmt":"2026-03-13T09:40:00","slug":"parka-3-4-copia","status":"publish","type":"product","link":"https:\/\/clubs.inverseteams.com\/ca\/producte\/parka-3-4-copia\/","title":{"rendered":"Parka 3\/4"},"content":{"rendered":"<p>Aquesta parka t\u00e9 una cremallera central de doble carro i protector de barbeta. Disposa de 2 butxaques exteriors amb cremallera. La seva caputxa fixa amb visera et protegir\u00e0 del vent, el fred i la pluja.<br \/>\nEl teixit exterior \u00e9s 100% poli\u00e8ster tafet\u00e0. Aquest teixit t\u00e8cnic \u00e9s hidr\u00f2fug. L&#8217;encoixinat interior mantindr\u00e0 la calor corporal i t&#8217;aportar\u00e0 un confort inigualable.<\/p>\n","protected":false},"excerpt":{"rendered":"<p>Aquesta parka t\u00e9 una cremallera central de doble carro i protector de barbeta. Disposa de 2 butxaques exteriors amb cremallera. La seva caputxa fixa amb visera et protegir\u00e0 del vent, el fred i la pluja.<br \/>\nEl teixit exterior \u00e9s 100% poli\u00e8ster tafet\u00e0. Aquest teixit t\u00e8cnic \u00e9s hidr\u00f2fug. L&#8217;encoixinat interior mantindr\u00e0 la calor corporal i t&#8217;aportar\u00e0 un confort inigualable.<\/p>\n","protected":false},"featured_media":138452,"comment_status":"closed","ping_status":"closed","template":"","meta":{"_acf_changed":false},"sports":[348],"customization-type":[],"product_brand":[],"product_cat":[1225],"product_tag":[],"class_list":{"0":"post-138371","1":"product","2":"type-product","3":"status-publish","4":"has-post-thumbnail","6":"sports-futbol-ca","7":"product_cat-ud-lourdes","9":"first","10":"instock","11":"taxable","12":"shipping-taxable","13":"product-type-variable","14":"grid-item futbol-ca"},"acf":[],"yoast_head":"<!-- This site is optimized with the Yoast SEO plugin v27.1.1 - https:\/\/yoast.com\/product\/yoast-seo-wordpress\/ -->\n<title>Parka 3\/4 - INVERSE<\/title>\n<meta name=\"robots\" content=\"index, follow, max-snippet:-1, max-image-preview:large, max-video-preview:-1\" \/>\n<link rel=\"canonical\" href=\"https:\/\/clubs.inverseteams.com\/ca\/producte\/parka-3-4-copia\/\" \/>\n<meta property=\"og:locale\" content=\"ca_ES\" \/>\n<meta property=\"og:type\" content=\"article\" \/>\n<meta property=\"og:title\" content=\"Parka 3\/4 - INVERSE\" \/>\n<meta property=\"og:description\" content=\"Aquesta parka t\u00e9 una cremallera central de doble carro i protector de barbeta. Disposa de 2 butxaques exteriors amb cremallera. La seva caputxa fixa amb visera et protegir\u00e0 del vent, el fred i la pluja. El teixit exterior \u00e9s 100% poli\u00e8ster tafet\u00e0. Aquest teixit t\u00e8cnic \u00e9s hidr\u00f2fug. L&#039;encoixinat interior mantindr\u00e0 la calor corporal i t&#039;aportar\u00e0 un confort inigualable.\" \/>\n<meta property=\"og:url\" content=\"https:\/\/clubs.inverseteams.com\/ca\/producte\/parka-3-4-copia\/\" \/>\n<meta property=\"og:site_name\" content=\"INVERSE\" \/>\n<meta property=\"article:modified_time\" content=\"2026-03-13T09:40:00+00:00\" \/>\n<meta property=\"og:image\" content=\"https:\/\/clubs.inverseteams.com\/wp-content\/uploads\/LOURDES-PARKA-34-1.png\" \/>\n\t<meta property=\"og:image:width\" content=\"900\" \/>\n\t<meta property=\"og:image:height\" content=\"990\" \/>\n\t<meta property=\"og:image:type\" content=\"image\/png\" \/>\n<meta name=\"twitter:card\" content=\"summary_large_image\" \/>\n<meta name=\"twitter:label1\" content=\"Temps estimat de lectura\" \/>\n\t<meta name=\"twitter:data1\" content=\"1 minut\" \/>\n<script type=\"application\/ld+json\" class=\"yoast-schema-graph\">{\"@context\":\"https:\/\/schema.org\",\"@graph\":[{\"@type\":\"WebPage\",\"@id\":\"https:\/\/clubs.inverseteams.com\/ca\/producte\/parka-3-4-copia\/\",\"url\":\"https:\/\/clubs.inverseteams.com\/ca\/producte\/parka-3-4-copia\/\",\"name\":\"Parka 3\/4 - INVERSE\",\"isPartOf\":{\"@id\":\"https:\/\/clubs.inverseteams.com\/ca\/#website\"},\"primaryImageOfPage\":{\"@id\":\"https:\/\/clubs.inverseteams.com\/ca\/producte\/parka-3-4-copia\/#primaryimage\"},\"image\":{\"@id\":\"https:\/\/clubs.inverseteams.com\/ca\/producte\/parka-3-4-copia\/#primaryimage\"},\"thumbnailUrl\":\"https:\/\/clubs.inverseteams.com\/wp-content\/uploads\/LOURDES-PARKA-34-1.png\",\"datePublished\":\"2026-03-13T09:17:23+00:00\",\"dateModified\":\"2026-03-13T09:40:00+00:00\",\"breadcrumb\":{\"@id\":\"https:\/\/clubs.inverseteams.com\/ca\/producte\/parka-3-4-copia\/#breadcrumb\"},\"inLanguage\":\"ca\",\"potentialAction\":[{\"@type\":\"ReadAction\",\"target\":[\"https:\/\/clubs.inverseteams.com\/ca\/producte\/parka-3-4-copia\/\"]}]},{\"@type\":\"ImageObject\",\"inLanguage\":\"ca\",\"@id\":\"https:\/\/clubs.inverseteams.com\/ca\/producte\/parka-3-4-copia\/#primaryimage\",\"url\":\"https:\/\/clubs.inverseteams.com\/wp-content\/uploads\/LOURDES-PARKA-34-1.png\",\"contentUrl\":\"https:\/\/clubs.inverseteams.com\/wp-content\/uploads\/LOURDES-PARKA-34-1.png\",\"width\":900,\"height\":990},{\"@type\":\"BreadcrumbList\",\"@id\":\"https:\/\/clubs.inverseteams.com\/ca\/producte\/parka-3-4-copia\/#breadcrumb\",\"itemListElement\":[{\"@type\":\"ListItem\",\"position\":1,\"name\":\"Portada\",\"item\":\"https:\/\/clubs.inverseteams.com\/ca\/\"},{\"@type\":\"ListItem\",\"position\":2,\"name\":\"Productes\",\"item\":\"https:\/\/clubs.inverseteams.com\/ca\/shop\/\"},{\"@type\":\"ListItem\",\"position\":3,\"name\":\"Parka 3\/4\"}]},{\"@type\":\"WebSite\",\"@id\":\"https:\/\/clubs.inverseteams.com\/ca\/#website\",\"url\":\"https:\/\/clubs.inverseteams.com\/ca\/\",\"name\":\"INVERSE\",\"description\":\"CUSTOM SPORTSWEAR\",\"potentialAction\":[{\"@type\":\"SearchAction\",\"target\":{\"@type\":\"EntryPoint\",\"urlTemplate\":\"https:\/\/clubs.inverseteams.com\/ca\/?s={search_term_string}\"},\"query-input\":{\"@type\":\"PropertyValueSpecification\",\"valueRequired\":true,\"valueName\":\"search_term_string\"}}],\"inLanguage\":\"ca\"}]}<\/script>\n<!-- \/ Yoast SEO plugin. -->","yoast_head_json":{"title":"Parka 3\/4 - INVERSE","robots":{"index":"index","follow":"follow","max-snippet":"max-snippet:-1","max-image-preview":"max-image-preview:large","max-video-preview":"max-video-preview:-1"},"canonical":"https:\/\/clubs.inverseteams.com\/ca\/producte\/parka-3-4-copia\/","og_locale":"ca_ES","og_type":"article","og_title":"Parka 3\/4 - INVERSE","og_description":"Aquesta parka t\u00e9 una cremallera central de doble carro i protector de barbeta. Disposa de 2 butxaques exteriors amb cremallera. La seva caputxa fixa amb visera et protegir\u00e0 del vent, el fred i la pluja. El teixit exterior \u00e9s 100% poli\u00e8ster tafet\u00e0. Aquest teixit t\u00e8cnic \u00e9s hidr\u00f2fug. L'encoixinat interior mantindr\u00e0 la calor corporal i t'aportar\u00e0 un confort inigualable.","og_url":"https:\/\/clubs.inverseteams.com\/ca\/producte\/parka-3-4-copia\/","og_site_name":"INVERSE","article_modified_time":"2026-03-13T09:40:00+00:00","og_image":[{"width":900,"height":990,"url":"https:\/\/clubs.inverseteams.com\/wp-content\/uploads\/LOURDES-PARKA-34-1.png","type":"image\/png"}],"twitter_card":"summary_large_image","twitter_misc":{"Temps estimat de lectura":"1 minut"},"schema":{"@context":"https:\/\/schema.org","@graph":[{"@type":"WebPage","@id":"https:\/\/clubs.inverseteams.com\/ca\/producte\/parka-3-4-copia\/","url":"https:\/\/clubs.inverseteams.com\/ca\/producte\/parka-3-4-copia\/","name":"Parka 3\/4 - INVERSE","isPartOf":{"@id":"https:\/\/clubs.inverseteams.com\/ca\/#website"},"primaryImageOfPage":{"@id":"https:\/\/clubs.inverseteams.com\/ca\/producte\/parka-3-4-copia\/#primaryimage"},"image":{"@id":"https:\/\/clubs.inverseteams.com\/ca\/producte\/parka-3-4-copia\/#primaryimage"},"thumbnailUrl":"https:\/\/clubs.inverseteams.com\/wp-content\/uploads\/LOURDES-PARKA-34-1.png","datePublished":"2026-03-13T09:17:23+00:00","dateModified":"2026-03-13T09:40:00+00:00","breadcrumb":{"@id":"https:\/\/clubs.inverseteams.com\/ca\/producte\/parka-3-4-copia\/#breadcrumb"},"inLanguage":"ca","potentialAction":[{"@type":"ReadAction","target":["https:\/\/clubs.inverseteams.com\/ca\/producte\/parka-3-4-copia\/"]}]},{"@type":"ImageObject","inLanguage":"ca","@id":"https:\/\/clubs.inverseteams.com\/ca\/producte\/parka-3-4-copia\/#primaryimage","url":"https:\/\/clubs.inverseteams.com\/wp-content\/uploads\/LOURDES-PARKA-34-1.png","contentUrl":"https:\/\/clubs.inverseteams.com\/wp-content\/uploads\/LOURDES-PARKA-34-1.png","width":900,"height":990},{"@type":"BreadcrumbList","@id":"https:\/\/clubs.inverseteams.com\/ca\/producte\/parka-3-4-copia\/#breadcrumb","itemListElement":[{"@type":"ListItem","position":1,"name":"Portada","item":"https:\/\/clubs.inverseteams.com\/ca\/"},{"@type":"ListItem","position":2,"name":"Productes","item":"https:\/\/clubs.inverseteams.com\/ca\/shop\/"},{"@type":"ListItem","position":3,"name":"Parka 3\/4"}]},{"@type":"WebSite","@id":"https:\/\/clubs.inverseteams.com\/ca\/#website","url":"https:\/\/clubs.inverseteams.com\/ca\/","name":"INVERSE","description":"CUSTOM SPORTSWEAR","potentialAction":[{"@type":"SearchAction","target":{"@type":"EntryPoint","urlTemplate":"https:\/\/clubs.inverseteams.com\/ca\/?s={search_term_string}"},"query-input":{"@type":"PropertyValueSpecification","valueRequired":true,"valueName":"search_term_string"}}],"inLanguage":"ca"}]}},"_links":{"self":[{"href":"https:\/\/clubs.inverseteams.com\/ca\/wp-json\/wp\/v2\/product\/138371","targetHints":{"allow":["GET"]}}],"collection":[{"href":"https:\/\/clubs.inverseteams.com\/ca\/wp-json\/wp\/v2\/product"}],"about":[{"href":"https:\/\/clubs.inverseteams.com\/ca\/wp-json\/wp\/v2\/types\/product"}],"replies":[{"embeddable":true,"href":"https:\/\/clubs.inverseteams.com\/ca\/wp-json\/wp\/v2\/comments?post=138371"}],"wp:featuredmedia":[{"embeddable":true,"href":"https:\/\/clubs.inverseteams.com\/ca\/wp-json\/wp\/v2\/media\/138452"}],"wp:attachment":[{"href":"https:\/\/clubs.inverseteams.com\/ca\/wp-json\/wp\/v2\/media?parent=138371"}],"wp:term":[{"taxonomy":"sports","embeddable":true,"href":"https:\/\/clubs.inverseteams.com\/ca\/wp-json\/wp\/v2\/sports?post=138371"},{"taxonomy":"customization-type","embeddable":true,"href":"https:\/\/clubs.inverseteams.com\/ca\/wp-json\/wp\/v2\/customization-type?post=138371"},{"taxonomy":"product_brand","embeddable":true,"href":"https:\/\/clubs.inverseteams.com\/ca\/wp-json\/wp\/v2\/product_brand?post=138371"},{"taxonomy":"product_cat","embeddable":true,"href":"https:\/\/clubs.inverseteams.com\/ca\/wp-json\/wp\/v2\/product_cat?post=138371"},{"taxonomy":"product_tag","embeddable":true,"href":"https:\/\/clubs.inverseteams.com\/ca\/wp-json\/wp\/v2\/product_tag?post=138371"}],"curies":[{"name":"wp","href":"https:\/\/api.w.org\/{rel}","templated":true}]}}