{"id":21378,"date":"2025-09-02T10:07:36","date_gmt":"2025-09-02T10:07:36","guid":{"rendered":"https:\/\/clubs.inverseteams.com\/?post_type=product&#038;p=21378"},"modified":"2025-09-26T10:08:31","modified_gmt":"2025-09-26T10:08:31","slug":"pantalon-chandal-perchado-sc76-s-19751","status":"publish","type":"product","link":"https:\/\/clubs.inverseteams.com\/ca\/producte\/pantalon-chandal-perchado-sc76-s-19751\/","title":{"rendered":"Pantal\u00f3n ch\u00e1ndal"},"content":{"rendered":"<p>Este pantal\u00f3n de ch\u00e1ndal tiene 2 bolsillos laterales con cremallera, donde podr\u00e1s guardar lo que quieras sin miedo a perderlo. La cintura esl\u00e1stica se adapta muy bi\u00e9n al cuerpo sin incomodar y adem\u00e1s incorpora un cord\u00f3n para regular el ajuste a tu gusto.<br \/>\nLos bajos est\u00e1n acabados con un canal\u00e9 1&#215;1. El tejido t\u00e9cnico perchado garantiza un buen mantenimiento del calor corporal.<br \/>\nSon unos pantalones perfectos para el d\u00eda a d\u00eda y para protegerte del fr\u00edo.<\/p>\n","protected":false},"excerpt":{"rendered":"<p>Este pantal\u00f3n de ch\u00e1ndal tiene 2 bolsillos laterales con cremallera, donde podr\u00e1s guardar lo que quieras sin miedo a perderlo. La cintura esl\u00e1stica se adapta muy bi\u00e9n al cuerpo sin incomodar y adem\u00e1s incorpora un cord\u00f3n para regular el ajuste a tu gusto.<br \/>\nLos bajos est\u00e1n acabados con un canal\u00e9 1&#215;1. El tejido t\u00e9cnico perchado garantiza un buen mantenimiento del calor corporal.<br \/>\nSon unos pantalones perfectos para el d\u00eda a d\u00eda y para protegerte del fr\u00edo.<\/p>\n","protected":false},"featured_media":20685,"comment_status":"closed","ping_status":"closed","template":"","meta":{"_acf_changed":false},"sports":[158],"customization-type":[],"product_brand":[],"product_cat":[531],"product_tag":[],"class_list":{"0":"post-21378","1":"product","2":"type-product","3":"status-publish","4":"has-post-thumbnail","6":"sports-futbol","7":"product_cat-cd-montornes-norte","9":"first","10":"instock","11":"taxable","12":"shipping-taxable","13":"product-type-variable","14":"grid-item futbol"},"acf":[],"yoast_head":"<!-- This site is optimized with the Yoast SEO plugin v27.1.1 - https:\/\/yoast.com\/product\/yoast-seo-wordpress\/ -->\n<title>Pantal\u00f3n ch\u00e1ndal - INVERSE<\/title>\n<meta name=\"robots\" content=\"index, follow, max-snippet:-1, max-image-preview:large, max-video-preview:-1\" \/>\n<link rel=\"canonical\" href=\"https:\/\/clubs.inverseteams.com\/ca\/producte\/pantalon-chandal-perchado-sc76-s-19751\/\" \/>\n<meta property=\"og:locale\" content=\"ca_ES\" \/>\n<meta property=\"og:type\" content=\"article\" \/>\n<meta property=\"og:title\" content=\"Pantal\u00f3n ch\u00e1ndal - INVERSE\" \/>\n<meta property=\"og:description\" content=\"Este pantal\u00f3n de ch\u00e1ndal tiene 2 bolsillos laterales con cremallera, donde podr\u00e1s guardar lo que quieras sin miedo a perderlo. La cintura esl\u00e1stica se adapta muy bi\u00e9n al cuerpo sin incomodar y adem\u00e1s incorpora un cord\u00f3n para regular el ajuste a tu gusto. Los bajos est\u00e1n acabados con un canal\u00e9 1x1. El tejido t\u00e9cnico perchado garantiza un buen mantenimiento del calor corporal. Son unos pantalones perfectos para el d\u00eda a d\u00eda y para protegerte del fr\u00edo.\" \/>\n<meta property=\"og:url\" content=\"https:\/\/clubs.inverseteams.com\/ca\/producte\/pantalon-chandal-perchado-sc76-s-19751\/\" \/>\n<meta property=\"og:site_name\" content=\"INVERSE\" \/>\n<meta property=\"article:modified_time\" content=\"2025-09-26T10:08:31+00:00\" \/>\n<meta property=\"og:image\" content=\"https:\/\/clubs.inverseteams.com\/wp-content\/uploads\/PANTALON-CHANDAL-1-3.png\" \/>\n\t<meta property=\"og:image:width\" content=\"900\" \/>\n\t<meta property=\"og:image:height\" content=\"990\" \/>\n\t<meta property=\"og:image:type\" content=\"image\/png\" \/>\n<meta name=\"twitter:card\" content=\"summary_large_image\" \/>\n<meta name=\"twitter:label1\" content=\"Temps estimat de lectura\" \/>\n\t<meta name=\"twitter:data1\" content=\"1 minut\" \/>\n<script type=\"application\/ld+json\" class=\"yoast-schema-graph\">{\"@context\":\"https:\/\/schema.org\",\"@graph\":[{\"@type\":\"WebPage\",\"@id\":\"https:\/\/clubs.inverseteams.com\/ca\/producte\/pantalon-chandal-perchado-sc76-s-19751\/\",\"url\":\"https:\/\/clubs.inverseteams.com\/ca\/producte\/pantalon-chandal-perchado-sc76-s-19751\/\",\"name\":\"Pantal\u00f3n ch\u00e1ndal - INVERSE\",\"isPartOf\":{\"@id\":\"https:\/\/clubs.inverseteams.com\/ca\/#website\"},\"primaryImageOfPage\":{\"@id\":\"https:\/\/clubs.inverseteams.com\/ca\/producte\/pantalon-chandal-perchado-sc76-s-19751\/#primaryimage\"},\"image\":{\"@id\":\"https:\/\/clubs.inverseteams.com\/ca\/producte\/pantalon-chandal-perchado-sc76-s-19751\/#primaryimage\"},\"thumbnailUrl\":\"https:\/\/clubs.inverseteams.com\/wp-content\/uploads\/PANTALON-CHANDAL-1-3.png\",\"datePublished\":\"2025-09-02T10:07:36+00:00\",\"dateModified\":\"2025-09-26T10:08:31+00:00\",\"breadcrumb\":{\"@id\":\"https:\/\/clubs.inverseteams.com\/ca\/producte\/pantalon-chandal-perchado-sc76-s-19751\/#breadcrumb\"},\"inLanguage\":\"ca\",\"potentialAction\":[{\"@type\":\"ReadAction\",\"target\":[\"https:\/\/clubs.inverseteams.com\/ca\/producte\/pantalon-chandal-perchado-sc76-s-19751\/\"]}]},{\"@type\":\"ImageObject\",\"inLanguage\":\"ca\",\"@id\":\"https:\/\/clubs.inverseteams.com\/ca\/producte\/pantalon-chandal-perchado-sc76-s-19751\/#primaryimage\",\"url\":\"https:\/\/clubs.inverseteams.com\/wp-content\/uploads\/PANTALON-CHANDAL-1-3.png\",\"contentUrl\":\"https:\/\/clubs.inverseteams.com\/wp-content\/uploads\/PANTALON-CHANDAL-1-3.png\",\"width\":900,\"height\":990},{\"@type\":\"BreadcrumbList\",\"@id\":\"https:\/\/clubs.inverseteams.com\/ca\/producte\/pantalon-chandal-perchado-sc76-s-19751\/#breadcrumb\",\"itemListElement\":[{\"@type\":\"ListItem\",\"position\":1,\"name\":\"Portada\",\"item\":\"https:\/\/clubs.inverseteams.com\/ca\/\"},{\"@type\":\"ListItem\",\"position\":2,\"name\":\"Productes\",\"item\":\"https:\/\/clubs.inverseteams.com\/ca\/shop\/\"},{\"@type\":\"ListItem\",\"position\":3,\"name\":\"Pantal\u00f3n ch\u00e1ndal\"}]},{\"@type\":\"WebSite\",\"@id\":\"https:\/\/clubs.inverseteams.com\/ca\/#website\",\"url\":\"https:\/\/clubs.inverseteams.com\/ca\/\",\"name\":\"INVERSE\",\"description\":\"CUSTOM SPORTSWEAR\",\"potentialAction\":[{\"@type\":\"SearchAction\",\"target\":{\"@type\":\"EntryPoint\",\"urlTemplate\":\"https:\/\/clubs.inverseteams.com\/ca\/?s={search_term_string}\"},\"query-input\":{\"@type\":\"PropertyValueSpecification\",\"valueRequired\":true,\"valueName\":\"search_term_string\"}}],\"inLanguage\":\"ca\"}]}<\/script>\n<!-- \/ Yoast SEO plugin. -->","yoast_head_json":{"title":"Pantal\u00f3n ch\u00e1ndal - INVERSE","robots":{"index":"index","follow":"follow","max-snippet":"max-snippet:-1","max-image-preview":"max-image-preview:large","max-video-preview":"max-video-preview:-1"},"canonical":"https:\/\/clubs.inverseteams.com\/ca\/producte\/pantalon-chandal-perchado-sc76-s-19751\/","og_locale":"ca_ES","og_type":"article","og_title":"Pantal\u00f3n ch\u00e1ndal - INVERSE","og_description":"Este pantal\u00f3n de ch\u00e1ndal tiene 2 bolsillos laterales con cremallera, donde podr\u00e1s guardar lo que quieras sin miedo a perderlo. La cintura esl\u00e1stica se adapta muy bi\u00e9n al cuerpo sin incomodar y adem\u00e1s incorpora un cord\u00f3n para regular el ajuste a tu gusto. Los bajos est\u00e1n acabados con un canal\u00e9 1x1. El tejido t\u00e9cnico perchado garantiza un buen mantenimiento del calor corporal. Son unos pantalones perfectos para el d\u00eda a d\u00eda y para protegerte del fr\u00edo.","og_url":"https:\/\/clubs.inverseteams.com\/ca\/producte\/pantalon-chandal-perchado-sc76-s-19751\/","og_site_name":"INVERSE","article_modified_time":"2025-09-26T10:08:31+00:00","og_image":[{"width":900,"height":990,"url":"https:\/\/clubs.inverseteams.com\/wp-content\/uploads\/PANTALON-CHANDAL-1-3.png","type":"image\/png"}],"twitter_card":"summary_large_image","twitter_misc":{"Temps estimat de lectura":"1 minut"},"schema":{"@context":"https:\/\/schema.org","@graph":[{"@type":"WebPage","@id":"https:\/\/clubs.inverseteams.com\/ca\/producte\/pantalon-chandal-perchado-sc76-s-19751\/","url":"https:\/\/clubs.inverseteams.com\/ca\/producte\/pantalon-chandal-perchado-sc76-s-19751\/","name":"Pantal\u00f3n ch\u00e1ndal - INVERSE","isPartOf":{"@id":"https:\/\/clubs.inverseteams.com\/ca\/#website"},"primaryImageOfPage":{"@id":"https:\/\/clubs.inverseteams.com\/ca\/producte\/pantalon-chandal-perchado-sc76-s-19751\/#primaryimage"},"image":{"@id":"https:\/\/clubs.inverseteams.com\/ca\/producte\/pantalon-chandal-perchado-sc76-s-19751\/#primaryimage"},"thumbnailUrl":"https:\/\/clubs.inverseteams.com\/wp-content\/uploads\/PANTALON-CHANDAL-1-3.png","datePublished":"2025-09-02T10:07:36+00:00","dateModified":"2025-09-26T10:08:31+00:00","breadcrumb":{"@id":"https:\/\/clubs.inverseteams.com\/ca\/producte\/pantalon-chandal-perchado-sc76-s-19751\/#breadcrumb"},"inLanguage":"ca","potentialAction":[{"@type":"ReadAction","target":["https:\/\/clubs.inverseteams.com\/ca\/producte\/pantalon-chandal-perchado-sc76-s-19751\/"]}]},{"@type":"ImageObject","inLanguage":"ca","@id":"https:\/\/clubs.inverseteams.com\/ca\/producte\/pantalon-chandal-perchado-sc76-s-19751\/#primaryimage","url":"https:\/\/clubs.inverseteams.com\/wp-content\/uploads\/PANTALON-CHANDAL-1-3.png","contentUrl":"https:\/\/clubs.inverseteams.com\/wp-content\/uploads\/PANTALON-CHANDAL-1-3.png","width":900,"height":990},{"@type":"BreadcrumbList","@id":"https:\/\/clubs.inverseteams.com\/ca\/producte\/pantalon-chandal-perchado-sc76-s-19751\/#breadcrumb","itemListElement":[{"@type":"ListItem","position":1,"name":"Portada","item":"https:\/\/clubs.inverseteams.com\/ca\/"},{"@type":"ListItem","position":2,"name":"Productes","item":"https:\/\/clubs.inverseteams.com\/ca\/shop\/"},{"@type":"ListItem","position":3,"name":"Pantal\u00f3n ch\u00e1ndal"}]},{"@type":"WebSite","@id":"https:\/\/clubs.inverseteams.com\/ca\/#website","url":"https:\/\/clubs.inverseteams.com\/ca\/","name":"INVERSE","description":"CUSTOM SPORTSWEAR","potentialAction":[{"@type":"SearchAction","target":{"@type":"EntryPoint","urlTemplate":"https:\/\/clubs.inverseteams.com\/ca\/?s={search_term_string}"},"query-input":{"@type":"PropertyValueSpecification","valueRequired":true,"valueName":"search_term_string"}}],"inLanguage":"ca"}]}},"_links":{"self":[{"href":"https:\/\/clubs.inverseteams.com\/ca\/wp-json\/wp\/v2\/product\/21378","targetHints":{"allow":["GET"]}}],"collection":[{"href":"https:\/\/clubs.inverseteams.com\/ca\/wp-json\/wp\/v2\/product"}],"about":[{"href":"https:\/\/clubs.inverseteams.com\/ca\/wp-json\/wp\/v2\/types\/product"}],"replies":[{"embeddable":true,"href":"https:\/\/clubs.inverseteams.com\/ca\/wp-json\/wp\/v2\/comments?post=21378"}],"wp:featuredmedia":[{"embeddable":true,"href":"https:\/\/clubs.inverseteams.com\/ca\/wp-json\/wp\/v2\/media\/20685"}],"wp:attachment":[{"href":"https:\/\/clubs.inverseteams.com\/ca\/wp-json\/wp\/v2\/media?parent=21378"}],"wp:term":[{"taxonomy":"sports","embeddable":true,"href":"https:\/\/clubs.inverseteams.com\/ca\/wp-json\/wp\/v2\/sports?post=21378"},{"taxonomy":"customization-type","embeddable":true,"href":"https:\/\/clubs.inverseteams.com\/ca\/wp-json\/wp\/v2\/customization-type?post=21378"},{"taxonomy":"product_brand","embeddable":true,"href":"https:\/\/clubs.inverseteams.com\/ca\/wp-json\/wp\/v2\/product_brand?post=21378"},{"taxonomy":"product_cat","embeddable":true,"href":"https:\/\/clubs.inverseteams.com\/ca\/wp-json\/wp\/v2\/product_cat?post=21378"},{"taxonomy":"product_tag","embeddable":true,"href":"https:\/\/clubs.inverseteams.com\/ca\/wp-json\/wp\/v2\/product_tag?post=21378"}],"curies":[{"name":"wp","href":"https:\/\/api.w.org\/{rel}","templated":true}]}}