{"id":22513,"date":"2025-09-09T11:13:28","date_gmt":"2025-09-09T11:13:28","guid":{"rendered":"https:\/\/clubs.inverseteams.com\/?post_type=product&#038;p=22513"},"modified":"2025-10-01T05:47:35","modified_gmt":"2025-10-01T05:47:35","slug":"sudadera-tecnica-sc71-s-19766","status":"publish","type":"product","link":"https:\/\/clubs.inverseteams.com\/ca\/producte\/sudadera-tecnica-sc71-s-19766\/","title":{"rendered":"Sudadera t\u00e9cnica"},"content":{"rendered":"<p>100% personalizada con la t\u00e9cnica de la sublimaci\u00f3n. Esto garantiza una resistencia y duraci\u00f3n de los colores inigualable. Las tintas utilizadas para la sublimaci\u00f3n son ecol\u00f3gicas, cumplen con la norma OEKO-TEX\u00ae ECO PASSPORT que certifica que son respetuosas con el medio ambiente e inocuas para la salud.<br \/>\nEs una sudadera t\u00e9cnica perfecta para el deporte al aire libre. Su perchado interior mantendr\u00e1 la temperatura corporal. El tejido t\u00e9cnico con el que est\u00e1 confeccionada acelera la expulsi\u00f3n del sudor hacia el exterior, ayudando a mantener la piel seca durante todo el ejercicio.<br \/>\nEn el pecho tiene una cremallera corta para poder regular la ventilaci\u00f3n y los pu\u00f1os de las mangas est\u00e1n finalizados con un canal\u00e9 1&#215;1. Se ajustan muy bien al brazo sin presionar.<br \/>\nEl patronaje de la sudadera y la elasticidad del tejido te permitir\u00e1n una gran libertad de movimientos.<\/p>\n","protected":false},"excerpt":{"rendered":"<p>100% personalizada con la t\u00e9cnica de la sublimaci\u00f3n. Esto garantiza una resistencia y duraci\u00f3n de los colores inigualable. Las tintas utilizadas para la sublimaci\u00f3n son ecol\u00f3gicas, cumplen con la norma OEKO-TEX\u00ae ECO PASSPORT que certifica que son respetuosas con el medio ambiente e inocuas para la salud.<br \/>\nEs una sudadera t\u00e9cnica perfecta para el deporte al aire libre. Su perchado interior mantendr\u00e1 la temperatura corporal. El tejido t\u00e9cnico con el que est\u00e1 confeccionada acelera la expulsi\u00f3n del sudor hacia el exterior, ayudando a mantener la piel seca durante todo el ejercicio.<br \/>\nEn el pecho tiene una cremallera corta para poder regular la ventilaci\u00f3n y los pu\u00f1os de las mangas est\u00e1n finalizados con un canal\u00e9 1&#215;1. Se ajustan muy bien al brazo sin presionar.<br \/>\nEl patronaje de la sudadera y la elasticidad del tejido te permitir\u00e1n una gran libertad de movimientos.<\/p>\n","protected":false},"featured_media":22393,"comment_status":"closed","ping_status":"closed","template":"","meta":{"_acf_changed":false},"sports":[159],"customization-type":[],"product_brand":[],"product_cat":[496],"product_tag":[],"class_list":{"0":"post-22513","1":"product","2":"type-product","3":"status-publish","4":"has-post-thumbnail","6":"sports-baloncesto","7":"product_cat-cb-santfeliuenc","9":"first","10":"instock","11":"taxable","12":"shipping-taxable","13":"product-type-variable","14":"grid-item baloncesto"},"acf":[],"yoast_head":"<!-- This site is optimized with the Yoast SEO plugin v27.1.1 - https:\/\/yoast.com\/product\/yoast-seo-wordpress\/ -->\n<title>Sudadera t\u00e9cnica - INVERSE<\/title>\n<meta name=\"robots\" content=\"index, follow, max-snippet:-1, max-image-preview:large, max-video-preview:-1\" \/>\n<link rel=\"canonical\" href=\"https:\/\/clubs.inverseteams.com\/ca\/producte\/sudadera-tecnica-sc71-s-19766\/\" \/>\n<meta property=\"og:locale\" content=\"ca_ES\" \/>\n<meta property=\"og:type\" content=\"article\" \/>\n<meta property=\"og:title\" content=\"Sudadera t\u00e9cnica - INVERSE\" \/>\n<meta property=\"og:description\" content=\"100% personalizada con la t\u00e9cnica de la sublimaci\u00f3n. Esto garantiza una resistencia y duraci\u00f3n de los colores inigualable. Las tintas utilizadas para la sublimaci\u00f3n son ecol\u00f3gicas, cumplen con la norma OEKO-TEX\u00ae ECO PASSPORT que certifica que son respetuosas con el medio ambiente e inocuas para la salud. Es una sudadera t\u00e9cnica perfecta para el deporte al aire libre. Su perchado interior mantendr\u00e1 la temperatura corporal. El tejido t\u00e9cnico con el que est\u00e1 confeccionada acelera la expulsi\u00f3n del sudor hacia el exterior, ayudando a mantener la piel seca durante todo el ejercicio. En el pecho tiene una cremallera corta para poder regular la ventilaci\u00f3n y los pu\u00f1os de las mangas est\u00e1n finalizados con un canal\u00e9 1x1. Se ajustan muy bien al brazo sin presionar. El patronaje de la sudadera y la elasticidad del tejido te permitir\u00e1n una gran libertad de movimientos.\" \/>\n<meta property=\"og:url\" content=\"https:\/\/clubs.inverseteams.com\/ca\/producte\/sudadera-tecnica-sc71-s-19766\/\" \/>\n<meta property=\"og:site_name\" content=\"INVERSE\" \/>\n<meta property=\"article:modified_time\" content=\"2025-10-01T05:47:35+00:00\" \/>\n<meta property=\"og:image\" content=\"https:\/\/clubs.inverseteams.com\/wp-content\/uploads\/SUDADERA-TECNICA-1-1.png\" \/>\n\t<meta property=\"og:image:width\" content=\"900\" \/>\n\t<meta property=\"og:image:height\" content=\"990\" \/>\n\t<meta property=\"og:image:type\" content=\"image\/png\" \/>\n<meta name=\"twitter:card\" content=\"summary_large_image\" \/>\n<meta name=\"twitter:label1\" content=\"Temps estimat de lectura\" \/>\n\t<meta name=\"twitter:data1\" content=\"1 minut\" \/>\n<script type=\"application\/ld+json\" class=\"yoast-schema-graph\">{\"@context\":\"https:\/\/schema.org\",\"@graph\":[{\"@type\":\"WebPage\",\"@id\":\"https:\/\/clubs.inverseteams.com\/ca\/producte\/sudadera-tecnica-sc71-s-19766\/\",\"url\":\"https:\/\/clubs.inverseteams.com\/ca\/producte\/sudadera-tecnica-sc71-s-19766\/\",\"name\":\"Sudadera t\u00e9cnica - INVERSE\",\"isPartOf\":{\"@id\":\"https:\/\/clubs.inverseteams.com\/ca\/#website\"},\"primaryImageOfPage\":{\"@id\":\"https:\/\/clubs.inverseteams.com\/ca\/producte\/sudadera-tecnica-sc71-s-19766\/#primaryimage\"},\"image\":{\"@id\":\"https:\/\/clubs.inverseteams.com\/ca\/producte\/sudadera-tecnica-sc71-s-19766\/#primaryimage\"},\"thumbnailUrl\":\"https:\/\/clubs.inverseteams.com\/wp-content\/uploads\/SUDADERA-TECNICA-1-1.png\",\"datePublished\":\"2025-09-09T11:13:28+00:00\",\"dateModified\":\"2025-10-01T05:47:35+00:00\",\"breadcrumb\":{\"@id\":\"https:\/\/clubs.inverseteams.com\/ca\/producte\/sudadera-tecnica-sc71-s-19766\/#breadcrumb\"},\"inLanguage\":\"ca\",\"potentialAction\":[{\"@type\":\"ReadAction\",\"target\":[\"https:\/\/clubs.inverseteams.com\/ca\/producte\/sudadera-tecnica-sc71-s-19766\/\"]}]},{\"@type\":\"ImageObject\",\"inLanguage\":\"ca\",\"@id\":\"https:\/\/clubs.inverseteams.com\/ca\/producte\/sudadera-tecnica-sc71-s-19766\/#primaryimage\",\"url\":\"https:\/\/clubs.inverseteams.com\/wp-content\/uploads\/SUDADERA-TECNICA-1-1.png\",\"contentUrl\":\"https:\/\/clubs.inverseteams.com\/wp-content\/uploads\/SUDADERA-TECNICA-1-1.png\",\"width\":900,\"height\":990},{\"@type\":\"BreadcrumbList\",\"@id\":\"https:\/\/clubs.inverseteams.com\/ca\/producte\/sudadera-tecnica-sc71-s-19766\/#breadcrumb\",\"itemListElement\":[{\"@type\":\"ListItem\",\"position\":1,\"name\":\"Portada\",\"item\":\"https:\/\/clubs.inverseteams.com\/ca\/\"},{\"@type\":\"ListItem\",\"position\":2,\"name\":\"Productes\",\"item\":\"https:\/\/clubs.inverseteams.com\/ca\/shop\/\"},{\"@type\":\"ListItem\",\"position\":3,\"name\":\"Sudadera t\u00e9cnica\"}]},{\"@type\":\"WebSite\",\"@id\":\"https:\/\/clubs.inverseteams.com\/ca\/#website\",\"url\":\"https:\/\/clubs.inverseteams.com\/ca\/\",\"name\":\"INVERSE\",\"description\":\"CUSTOM SPORTSWEAR\",\"potentialAction\":[{\"@type\":\"SearchAction\",\"target\":{\"@type\":\"EntryPoint\",\"urlTemplate\":\"https:\/\/clubs.inverseteams.com\/ca\/?s={search_term_string}\"},\"query-input\":{\"@type\":\"PropertyValueSpecification\",\"valueRequired\":true,\"valueName\":\"search_term_string\"}}],\"inLanguage\":\"ca\"}]}<\/script>\n<!-- \/ Yoast SEO plugin. -->","yoast_head_json":{"title":"Sudadera t\u00e9cnica - INVERSE","robots":{"index":"index","follow":"follow","max-snippet":"max-snippet:-1","max-image-preview":"max-image-preview:large","max-video-preview":"max-video-preview:-1"},"canonical":"https:\/\/clubs.inverseteams.com\/ca\/producte\/sudadera-tecnica-sc71-s-19766\/","og_locale":"ca_ES","og_type":"article","og_title":"Sudadera t\u00e9cnica - INVERSE","og_description":"100% personalizada con la t\u00e9cnica de la sublimaci\u00f3n. Esto garantiza una resistencia y duraci\u00f3n de los colores inigualable. Las tintas utilizadas para la sublimaci\u00f3n son ecol\u00f3gicas, cumplen con la norma OEKO-TEX\u00ae ECO PASSPORT que certifica que son respetuosas con el medio ambiente e inocuas para la salud. Es una sudadera t\u00e9cnica perfecta para el deporte al aire libre. Su perchado interior mantendr\u00e1 la temperatura corporal. El tejido t\u00e9cnico con el que est\u00e1 confeccionada acelera la expulsi\u00f3n del sudor hacia el exterior, ayudando a mantener la piel seca durante todo el ejercicio. En el pecho tiene una cremallera corta para poder regular la ventilaci\u00f3n y los pu\u00f1os de las mangas est\u00e1n finalizados con un canal\u00e9 1x1. Se ajustan muy bien al brazo sin presionar. El patronaje de la sudadera y la elasticidad del tejido te permitir\u00e1n una gran libertad de movimientos.","og_url":"https:\/\/clubs.inverseteams.com\/ca\/producte\/sudadera-tecnica-sc71-s-19766\/","og_site_name":"INVERSE","article_modified_time":"2025-10-01T05:47:35+00:00","og_image":[{"width":900,"height":990,"url":"https:\/\/clubs.inverseteams.com\/wp-content\/uploads\/SUDADERA-TECNICA-1-1.png","type":"image\/png"}],"twitter_card":"summary_large_image","twitter_misc":{"Temps estimat de lectura":"1 minut"},"schema":{"@context":"https:\/\/schema.org","@graph":[{"@type":"WebPage","@id":"https:\/\/clubs.inverseteams.com\/ca\/producte\/sudadera-tecnica-sc71-s-19766\/","url":"https:\/\/clubs.inverseteams.com\/ca\/producte\/sudadera-tecnica-sc71-s-19766\/","name":"Sudadera t\u00e9cnica - INVERSE","isPartOf":{"@id":"https:\/\/clubs.inverseteams.com\/ca\/#website"},"primaryImageOfPage":{"@id":"https:\/\/clubs.inverseteams.com\/ca\/producte\/sudadera-tecnica-sc71-s-19766\/#primaryimage"},"image":{"@id":"https:\/\/clubs.inverseteams.com\/ca\/producte\/sudadera-tecnica-sc71-s-19766\/#primaryimage"},"thumbnailUrl":"https:\/\/clubs.inverseteams.com\/wp-content\/uploads\/SUDADERA-TECNICA-1-1.png","datePublished":"2025-09-09T11:13:28+00:00","dateModified":"2025-10-01T05:47:35+00:00","breadcrumb":{"@id":"https:\/\/clubs.inverseteams.com\/ca\/producte\/sudadera-tecnica-sc71-s-19766\/#breadcrumb"},"inLanguage":"ca","potentialAction":[{"@type":"ReadAction","target":["https:\/\/clubs.inverseteams.com\/ca\/producte\/sudadera-tecnica-sc71-s-19766\/"]}]},{"@type":"ImageObject","inLanguage":"ca","@id":"https:\/\/clubs.inverseteams.com\/ca\/producte\/sudadera-tecnica-sc71-s-19766\/#primaryimage","url":"https:\/\/clubs.inverseteams.com\/wp-content\/uploads\/SUDADERA-TECNICA-1-1.png","contentUrl":"https:\/\/clubs.inverseteams.com\/wp-content\/uploads\/SUDADERA-TECNICA-1-1.png","width":900,"height":990},{"@type":"BreadcrumbList","@id":"https:\/\/clubs.inverseteams.com\/ca\/producte\/sudadera-tecnica-sc71-s-19766\/#breadcrumb","itemListElement":[{"@type":"ListItem","position":1,"name":"Portada","item":"https:\/\/clubs.inverseteams.com\/ca\/"},{"@type":"ListItem","position":2,"name":"Productes","item":"https:\/\/clubs.inverseteams.com\/ca\/shop\/"},{"@type":"ListItem","position":3,"name":"Sudadera t\u00e9cnica"}]},{"@type":"WebSite","@id":"https:\/\/clubs.inverseteams.com\/ca\/#website","url":"https:\/\/clubs.inverseteams.com\/ca\/","name":"INVERSE","description":"CUSTOM SPORTSWEAR","potentialAction":[{"@type":"SearchAction","target":{"@type":"EntryPoint","urlTemplate":"https:\/\/clubs.inverseteams.com\/ca\/?s={search_term_string}"},"query-input":{"@type":"PropertyValueSpecification","valueRequired":true,"valueName":"search_term_string"}}],"inLanguage":"ca"}]}},"_links":{"self":[{"href":"https:\/\/clubs.inverseteams.com\/ca\/wp-json\/wp\/v2\/product\/22513","targetHints":{"allow":["GET"]}}],"collection":[{"href":"https:\/\/clubs.inverseteams.com\/ca\/wp-json\/wp\/v2\/product"}],"about":[{"href":"https:\/\/clubs.inverseteams.com\/ca\/wp-json\/wp\/v2\/types\/product"}],"replies":[{"embeddable":true,"href":"https:\/\/clubs.inverseteams.com\/ca\/wp-json\/wp\/v2\/comments?post=22513"}],"wp:featuredmedia":[{"embeddable":true,"href":"https:\/\/clubs.inverseteams.com\/ca\/wp-json\/wp\/v2\/media\/22393"}],"wp:attachment":[{"href":"https:\/\/clubs.inverseteams.com\/ca\/wp-json\/wp\/v2\/media?parent=22513"}],"wp:term":[{"taxonomy":"sports","embeddable":true,"href":"https:\/\/clubs.inverseteams.com\/ca\/wp-json\/wp\/v2\/sports?post=22513"},{"taxonomy":"customization-type","embeddable":true,"href":"https:\/\/clubs.inverseteams.com\/ca\/wp-json\/wp\/v2\/customization-type?post=22513"},{"taxonomy":"product_brand","embeddable":true,"href":"https:\/\/clubs.inverseteams.com\/ca\/wp-json\/wp\/v2\/product_brand?post=22513"},{"taxonomy":"product_cat","embeddable":true,"href":"https:\/\/clubs.inverseteams.com\/ca\/wp-json\/wp\/v2\/product_cat?post=22513"},{"taxonomy":"product_tag","embeddable":true,"href":"https:\/\/clubs.inverseteams.com\/ca\/wp-json\/wp\/v2\/product_tag?post=22513"}],"curies":[{"name":"wp","href":"https:\/\/api.w.org\/{rel}","templated":true}]}}