{"id":37692,"date":"2025-11-24T16:29:19","date_gmt":"2025-11-24T16:29:19","guid":{"rendered":"https:\/\/clubs.inverseteams.com\/?post_type=product&#038;p=37692"},"modified":"2026-03-25T12:48:16","modified_gmt":"2026-03-25T12:48:16","slug":"chaqueta-ciclismo-tempus-20366","status":"publish","type":"product","link":"https:\/\/clubs.inverseteams.com\/ca\/producte\/chaqueta-ciclismo-tempus-20366\/","title":{"rendered":"Chaqueta ciclismo TEMPUS"},"content":{"rendered":"<p>Esta chaqueta es perfecta para protegerte del fr\u00edo y la lluvia. El modelo TEMPUS est\u00e1 confeccionado con 2 tejidos diferente.<br \/>\nEl tejido AEROTECH est\u00e1 compuesto de 3 membranas. La capa exterior act\u00faa como barrera para evitar que el agua penetre. La capa interna ayuda a evacuar el sudor y a mantener el calor corporal. Tendr\u00e1s la piel seca y evitar\u00e1s un sobrecalentamiento para poder rendir al m\u00e1ximo.<br \/>\nLos laterales fabricados con SPIRIT-T\u00c9RMICO son el\u00e1sticos y se adaptan a cualquier posici\u00f3n sobre la bici sin oponer resistencia.<br \/>\nEl cuello anat\u00f3mico se ajusta muy bien al cuerpo sin causarte molestias y evita la entrada de aire. La chaqueta de ciclismo TEMPUS combina diferentes tecnolog\u00edas para que siempre se mantenga en la posici\u00f3n ideal. Al final de las mangas tiene un pu\u00f1o de doble capa cortado a laser que se ajusta muy bien al brazo y evita que entre aire. \u00c9stas est\u00e1n cosidas con unas costuras planas super resistentes. En la cintura tiene un ribete que se adaptar\u00e1 a tu cuerpo. \u00c9ste incorpora unas l\u00edneas reflectantes 360\u00ba que aumentar\u00e1n tu seguridad ya que reflejar\u00e1n la luz de los veh\u00edculos.<br \/>\nEn la zona lumbar incorpora 3 bolsillos con el nuevo sistema de Seguridad ISP \u2013 Inverse Safe Pocket \u2013 donde podr\u00e1s guardar cualquier objeto sin miedo a perderlo. Disfruta del ciclismo sin preocupaciones.<\/p>\n","protected":false},"excerpt":{"rendered":"<p>Esta chaqueta es perfecta para protegerte del fr\u00edo y la lluvia. El modelo TEMPUS est\u00e1 confeccionado con 2 tejidos diferente.<br \/>\nEl tejido AEROTECH est\u00e1 compuesto de 3 membranas. La capa exterior act\u00faa como barrera para evitar que el agua penetre. La capa interna ayuda a evacuar el sudor y a mantener el calor corporal. Tendr\u00e1s la piel seca y evitar\u00e1s un sobrecalentamiento para poder rendir al m\u00e1ximo.<br \/>\nLos laterales fabricados con SPIRIT-T\u00c9RMICO son el\u00e1sticos y se adaptan a cualquier posici\u00f3n sobre la bici sin oponer resistencia.<br \/>\nEl cuello anat\u00f3mico se ajusta muy bien al cuerpo sin causarte molestias y evita la entrada de aire. La chaqueta de ciclismo TEMPUS combina diferentes tecnolog\u00edas para que siempre se mantenga en la posici\u00f3n ideal. Al final de las mangas tiene un pu\u00f1o de doble capa cortado a laser que se ajusta muy bien al brazo y evita que entre aire. \u00c9stas est\u00e1n cosidas con unas costuras planas super resistentes. En la cintura tiene un ribete que se adaptar\u00e1 a tu cuerpo. \u00c9ste incorpora unas l\u00edneas reflectantes 360\u00ba que aumentar\u00e1n tu seguridad ya que reflejar\u00e1n la luz de los veh\u00edculos.<br \/>\nEn la zona lumbar incorpora 3 bolsillos con el nuevo sistema de Seguridad ISP \u2013 Inverse Safe Pocket \u2013 donde podr\u00e1s guardar cualquier objeto sin miedo a perderlo. Disfruta del ciclismo sin preocupaciones.<\/p>\n","protected":false},"featured_media":37063,"comment_status":"closed","ping_status":"closed","template":"","meta":{"_acf_changed":false},"sports":[170],"customization-type":[],"product_brand":[],"product_cat":[920],"product_tag":[],"class_list":{"0":"post-37692","1":"product","2":"type-product","3":"status-publish","4":"has-post-thumbnail","6":"sports-ciclismo","7":"product_cat-presuntos-triatletas","9":"first","10":"instock","11":"taxable","12":"shipping-taxable","13":"product-type-variable","14":"grid-item ciclismo"},"acf":[],"yoast_head":"<!-- This site is optimized with the Yoast SEO plugin v27.1.1 - https:\/\/yoast.com\/product\/yoast-seo-wordpress\/ -->\n<title>Chaqueta ciclismo TEMPUS - INVERSE<\/title>\n<meta name=\"robots\" content=\"index, follow, max-snippet:-1, max-image-preview:large, max-video-preview:-1\" \/>\n<link rel=\"canonical\" href=\"https:\/\/clubs.inverseteams.com\/ca\/producte\/chaqueta-ciclismo-tempus-20366\/\" \/>\n<meta property=\"og:locale\" content=\"ca_ES\" \/>\n<meta property=\"og:type\" content=\"article\" \/>\n<meta property=\"og:title\" content=\"Chaqueta ciclismo TEMPUS - INVERSE\" \/>\n<meta property=\"og:description\" content=\"Esta chaqueta es perfecta para protegerte del fr\u00edo y la lluvia. El modelo TEMPUS est\u00e1 confeccionado con 2 tejidos diferente. El tejido AEROTECH est\u00e1 compuesto de 3 membranas. La capa exterior act\u00faa como barrera para evitar que el agua penetre. La capa interna ayuda a evacuar el sudor y a mantener el calor corporal. Tendr\u00e1s la piel seca y evitar\u00e1s un sobrecalentamiento para poder rendir al m\u00e1ximo. Los laterales fabricados con SPIRIT-T\u00c9RMICO son el\u00e1sticos y se adaptan a cualquier posici\u00f3n sobre la bici sin oponer resistencia. El cuello anat\u00f3mico se ajusta muy bien al cuerpo sin causarte molestias y evita la entrada de aire. La chaqueta de ciclismo TEMPUS combina diferentes tecnolog\u00edas para que siempre se mantenga en la posici\u00f3n ideal. Al final de las mangas tiene un pu\u00f1o de doble capa cortado a laser que se ajusta muy bien al brazo y evita que entre aire. \u00c9stas est\u00e1n cosidas con unas costuras planas super resistentes. En la cintura tiene un ribete que se adaptar\u00e1 a tu cuerpo. \u00c9ste incorpora unas l\u00edneas reflectantes 360\u00ba que aumentar\u00e1n tu seguridad ya que reflejar\u00e1n la luz de los veh\u00edculos. En la zona lumbar incorpora 3 bolsillos con el nuevo sistema de Seguridad ISP \u2013 Inverse Safe Pocket \u2013 donde podr\u00e1s guardar cualquier objeto sin miedo a perderlo. Disfruta del ciclismo sin preocupaciones.\" \/>\n<meta property=\"og:url\" content=\"https:\/\/clubs.inverseteams.com\/ca\/producte\/chaqueta-ciclismo-tempus-20366\/\" \/>\n<meta property=\"og:site_name\" content=\"INVERSE\" \/>\n<meta property=\"article:modified_time\" content=\"2026-03-25T12:48:16+00:00\" \/>\n<meta property=\"og:image\" content=\"https:\/\/clubs.inverseteams.com\/wp-content\/uploads\/CHAQUETA-CICLISMO-1-3.png\" \/>\n\t<meta property=\"og:image:width\" content=\"900\" \/>\n\t<meta property=\"og:image:height\" content=\"990\" \/>\n\t<meta property=\"og:image:type\" content=\"image\/png\" \/>\n<meta name=\"twitter:card\" content=\"summary_large_image\" \/>\n<meta name=\"twitter:label1\" content=\"Temps estimat de lectura\" \/>\n\t<meta name=\"twitter:data1\" content=\"2 minuts\" \/>\n<script type=\"application\/ld+json\" class=\"yoast-schema-graph\">{\"@context\":\"https:\/\/schema.org\",\"@graph\":[{\"@type\":\"WebPage\",\"@id\":\"https:\/\/clubs.inverseteams.com\/ca\/producte\/chaqueta-ciclismo-tempus-20366\/\",\"url\":\"https:\/\/clubs.inverseteams.com\/ca\/producte\/chaqueta-ciclismo-tempus-20366\/\",\"name\":\"Chaqueta ciclismo TEMPUS - INVERSE\",\"isPartOf\":{\"@id\":\"https:\/\/clubs.inverseteams.com\/ca\/#website\"},\"primaryImageOfPage\":{\"@id\":\"https:\/\/clubs.inverseteams.com\/ca\/producte\/chaqueta-ciclismo-tempus-20366\/#primaryimage\"},\"image\":{\"@id\":\"https:\/\/clubs.inverseteams.com\/ca\/producte\/chaqueta-ciclismo-tempus-20366\/#primaryimage\"},\"thumbnailUrl\":\"https:\/\/clubs.inverseteams.com\/wp-content\/uploads\/CHAQUETA-CICLISMO-1-3.png\",\"datePublished\":\"2025-11-24T16:29:19+00:00\",\"dateModified\":\"2026-03-25T12:48:16+00:00\",\"breadcrumb\":{\"@id\":\"https:\/\/clubs.inverseteams.com\/ca\/producte\/chaqueta-ciclismo-tempus-20366\/#breadcrumb\"},\"inLanguage\":\"ca\",\"potentialAction\":[{\"@type\":\"ReadAction\",\"target\":[\"https:\/\/clubs.inverseteams.com\/ca\/producte\/chaqueta-ciclismo-tempus-20366\/\"]}]},{\"@type\":\"ImageObject\",\"inLanguage\":\"ca\",\"@id\":\"https:\/\/clubs.inverseteams.com\/ca\/producte\/chaqueta-ciclismo-tempus-20366\/#primaryimage\",\"url\":\"https:\/\/clubs.inverseteams.com\/wp-content\/uploads\/CHAQUETA-CICLISMO-1-3.png\",\"contentUrl\":\"https:\/\/clubs.inverseteams.com\/wp-content\/uploads\/CHAQUETA-CICLISMO-1-3.png\",\"width\":900,\"height\":990},{\"@type\":\"BreadcrumbList\",\"@id\":\"https:\/\/clubs.inverseteams.com\/ca\/producte\/chaqueta-ciclismo-tempus-20366\/#breadcrumb\",\"itemListElement\":[{\"@type\":\"ListItem\",\"position\":1,\"name\":\"Portada\",\"item\":\"https:\/\/clubs.inverseteams.com\/ca\/\"},{\"@type\":\"ListItem\",\"position\":2,\"name\":\"Productes\",\"item\":\"https:\/\/clubs.inverseteams.com\/ca\/shop\/\"},{\"@type\":\"ListItem\",\"position\":3,\"name\":\"Chaqueta ciclismo TEMPUS\"}]},{\"@type\":\"WebSite\",\"@id\":\"https:\/\/clubs.inverseteams.com\/ca\/#website\",\"url\":\"https:\/\/clubs.inverseteams.com\/ca\/\",\"name\":\"INVERSE\",\"description\":\"CUSTOM SPORTSWEAR\",\"potentialAction\":[{\"@type\":\"SearchAction\",\"target\":{\"@type\":\"EntryPoint\",\"urlTemplate\":\"https:\/\/clubs.inverseteams.com\/ca\/?s={search_term_string}\"},\"query-input\":{\"@type\":\"PropertyValueSpecification\",\"valueRequired\":true,\"valueName\":\"search_term_string\"}}],\"inLanguage\":\"ca\"}]}<\/script>\n<!-- \/ Yoast SEO plugin. -->","yoast_head_json":{"title":"Chaqueta ciclismo TEMPUS - INVERSE","robots":{"index":"index","follow":"follow","max-snippet":"max-snippet:-1","max-image-preview":"max-image-preview:large","max-video-preview":"max-video-preview:-1"},"canonical":"https:\/\/clubs.inverseteams.com\/ca\/producte\/chaqueta-ciclismo-tempus-20366\/","og_locale":"ca_ES","og_type":"article","og_title":"Chaqueta ciclismo TEMPUS - INVERSE","og_description":"Esta chaqueta es perfecta para protegerte del fr\u00edo y la lluvia. El modelo TEMPUS est\u00e1 confeccionado con 2 tejidos diferente. El tejido AEROTECH est\u00e1 compuesto de 3 membranas. La capa exterior act\u00faa como barrera para evitar que el agua penetre. La capa interna ayuda a evacuar el sudor y a mantener el calor corporal. Tendr\u00e1s la piel seca y evitar\u00e1s un sobrecalentamiento para poder rendir al m\u00e1ximo. Los laterales fabricados con SPIRIT-T\u00c9RMICO son el\u00e1sticos y se adaptan a cualquier posici\u00f3n sobre la bici sin oponer resistencia. El cuello anat\u00f3mico se ajusta muy bien al cuerpo sin causarte molestias y evita la entrada de aire. La chaqueta de ciclismo TEMPUS combina diferentes tecnolog\u00edas para que siempre se mantenga en la posici\u00f3n ideal. Al final de las mangas tiene un pu\u00f1o de doble capa cortado a laser que se ajusta muy bien al brazo y evita que entre aire. \u00c9stas est\u00e1n cosidas con unas costuras planas super resistentes. En la cintura tiene un ribete que se adaptar\u00e1 a tu cuerpo. \u00c9ste incorpora unas l\u00edneas reflectantes 360\u00ba que aumentar\u00e1n tu seguridad ya que reflejar\u00e1n la luz de los veh\u00edculos. En la zona lumbar incorpora 3 bolsillos con el nuevo sistema de Seguridad ISP \u2013 Inverse Safe Pocket \u2013 donde podr\u00e1s guardar cualquier objeto sin miedo a perderlo. Disfruta del ciclismo sin preocupaciones.","og_url":"https:\/\/clubs.inverseteams.com\/ca\/producte\/chaqueta-ciclismo-tempus-20366\/","og_site_name":"INVERSE","article_modified_time":"2026-03-25T12:48:16+00:00","og_image":[{"width":900,"height":990,"url":"https:\/\/clubs.inverseteams.com\/wp-content\/uploads\/CHAQUETA-CICLISMO-1-3.png","type":"image\/png"}],"twitter_card":"summary_large_image","twitter_misc":{"Temps estimat de lectura":"2 minuts"},"schema":{"@context":"https:\/\/schema.org","@graph":[{"@type":"WebPage","@id":"https:\/\/clubs.inverseteams.com\/ca\/producte\/chaqueta-ciclismo-tempus-20366\/","url":"https:\/\/clubs.inverseteams.com\/ca\/producte\/chaqueta-ciclismo-tempus-20366\/","name":"Chaqueta ciclismo TEMPUS - INVERSE","isPartOf":{"@id":"https:\/\/clubs.inverseteams.com\/ca\/#website"},"primaryImageOfPage":{"@id":"https:\/\/clubs.inverseteams.com\/ca\/producte\/chaqueta-ciclismo-tempus-20366\/#primaryimage"},"image":{"@id":"https:\/\/clubs.inverseteams.com\/ca\/producte\/chaqueta-ciclismo-tempus-20366\/#primaryimage"},"thumbnailUrl":"https:\/\/clubs.inverseteams.com\/wp-content\/uploads\/CHAQUETA-CICLISMO-1-3.png","datePublished":"2025-11-24T16:29:19+00:00","dateModified":"2026-03-25T12:48:16+00:00","breadcrumb":{"@id":"https:\/\/clubs.inverseteams.com\/ca\/producte\/chaqueta-ciclismo-tempus-20366\/#breadcrumb"},"inLanguage":"ca","potentialAction":[{"@type":"ReadAction","target":["https:\/\/clubs.inverseteams.com\/ca\/producte\/chaqueta-ciclismo-tempus-20366\/"]}]},{"@type":"ImageObject","inLanguage":"ca","@id":"https:\/\/clubs.inverseteams.com\/ca\/producte\/chaqueta-ciclismo-tempus-20366\/#primaryimage","url":"https:\/\/clubs.inverseteams.com\/wp-content\/uploads\/CHAQUETA-CICLISMO-1-3.png","contentUrl":"https:\/\/clubs.inverseteams.com\/wp-content\/uploads\/CHAQUETA-CICLISMO-1-3.png","width":900,"height":990},{"@type":"BreadcrumbList","@id":"https:\/\/clubs.inverseteams.com\/ca\/producte\/chaqueta-ciclismo-tempus-20366\/#breadcrumb","itemListElement":[{"@type":"ListItem","position":1,"name":"Portada","item":"https:\/\/clubs.inverseteams.com\/ca\/"},{"@type":"ListItem","position":2,"name":"Productes","item":"https:\/\/clubs.inverseteams.com\/ca\/shop\/"},{"@type":"ListItem","position":3,"name":"Chaqueta ciclismo TEMPUS"}]},{"@type":"WebSite","@id":"https:\/\/clubs.inverseteams.com\/ca\/#website","url":"https:\/\/clubs.inverseteams.com\/ca\/","name":"INVERSE","description":"CUSTOM SPORTSWEAR","potentialAction":[{"@type":"SearchAction","target":{"@type":"EntryPoint","urlTemplate":"https:\/\/clubs.inverseteams.com\/ca\/?s={search_term_string}"},"query-input":{"@type":"PropertyValueSpecification","valueRequired":true,"valueName":"search_term_string"}}],"inLanguage":"ca"}]}},"_links":{"self":[{"href":"https:\/\/clubs.inverseteams.com\/ca\/wp-json\/wp\/v2\/product\/37692","targetHints":{"allow":["GET"]}}],"collection":[{"href":"https:\/\/clubs.inverseteams.com\/ca\/wp-json\/wp\/v2\/product"}],"about":[{"href":"https:\/\/clubs.inverseteams.com\/ca\/wp-json\/wp\/v2\/types\/product"}],"replies":[{"embeddable":true,"href":"https:\/\/clubs.inverseteams.com\/ca\/wp-json\/wp\/v2\/comments?post=37692"}],"wp:featuredmedia":[{"embeddable":true,"href":"https:\/\/clubs.inverseteams.com\/ca\/wp-json\/wp\/v2\/media\/37063"}],"wp:attachment":[{"href":"https:\/\/clubs.inverseteams.com\/ca\/wp-json\/wp\/v2\/media?parent=37692"}],"wp:term":[{"taxonomy":"sports","embeddable":true,"href":"https:\/\/clubs.inverseteams.com\/ca\/wp-json\/wp\/v2\/sports?post=37692"},{"taxonomy":"customization-type","embeddable":true,"href":"https:\/\/clubs.inverseteams.com\/ca\/wp-json\/wp\/v2\/customization-type?post=37692"},{"taxonomy":"product_brand","embeddable":true,"href":"https:\/\/clubs.inverseteams.com\/ca\/wp-json\/wp\/v2\/product_brand?post=37692"},{"taxonomy":"product_cat","embeddable":true,"href":"https:\/\/clubs.inverseteams.com\/ca\/wp-json\/wp\/v2\/product_cat?post=37692"},{"taxonomy":"product_tag","embeddable":true,"href":"https:\/\/clubs.inverseteams.com\/ca\/wp-json\/wp\/v2\/product_tag?post=37692"}],"curies":[{"name":"wp","href":"https:\/\/api.w.org\/{rel}","templated":true}]}}