{"id":30863,"date":"2025-11-07T08:00:23","date_gmt":"2025-11-07T08:00:23","guid":{"rendered":"https:\/\/clubs.inverseteams.com\/cookie-policy\/"},"modified":"2025-11-07T09:07:33","modified_gmt":"2025-11-07T09:07:33","slug":"cookie-richtlinie","status":"publish","type":"page","link":"https:\/\/clubs.inverseteams.com\/de\/cookie-richtlinie\/","title":{"rendered":"Cookie-Richtlinie"},"content":{"rendered":"\n<p>G\u00fcltig ab: 15. Mai 2024<\/p>\n\n\n\n<p><strong>Was sind Cookies?<\/strong><\/p>\n\n\n\n<p>Diese Cookie-Richtlinie erkl\u00e4rt, was Cookies sind und wie wir sie verwenden, welche Arten von Cookies wir einsetzen (d. h. welche Informationen wir mithilfe von Cookies sammeln) und wie diese Informationen verwendet werden. Au\u00dferdem erfahren Sie, wie Sie Ihre Cookie-Einstellungen verwalten k\u00f6nnen.<\/p>\n\n\n\n<p>Cookies sind kleine Textdateien, die Informationen speichern. Sie werden auf Ihrem Ger\u00e4t gespeichert, sobald Sie unsere Website in Ihrem Browser aufrufen. Mithilfe dieser Cookies stellen wir sicher, dass unsere Website ordnungsgem\u00e4\u00df funktioniert, bieten Ihnen ein besseres Nutzererlebnis und analysieren die Leistung unserer Website, um zu verstehen, was gut funktioniert und wo Verbesserungsbedarf besteht.<\/p>\n\n\n\n<p><strong>Wie verwenden wir Cookies?<\/strong><\/p>\n\n\n\n<p>Wie die meisten Online-Dienste verwendet auch unsere Website Erstanbieter- und Drittanbieter-Cookies f\u00fcr verschiedene Zwecke. Erstanbieter-Cookies sind gr\u00f6\u00dftenteils notwendig, damit die Website ordnungsgem\u00e4\u00df funktioniert, und erfassen keine personenbezogenen Daten.<\/p>\n\n\n\n<p>Die auf unserer Website verwendeten Cookies von Drittanbietern dienen haupts\u00e4chlich dazu, die Leistung der Website und Ihre Interaktionen mit ihr zu analysieren, die Sicherheit unserer Dienste zu gew\u00e4hrleisten, Ihnen relevante Werbung anzuzeigen und Ihnen insgesamt ein besseres Nutzererlebnis zu bieten sowie Ihre zuk\u00fcnftigen Interaktionen mit unserer Website zu beschleunigen.<\/p>\n\n\n<p>[wcc_category_list]<\/p>\n\n\n\n<p><strong>Cookie-Einstellungen verwalten<\/strong><\/p>\n\n\n\n<p>Sie k\u00f6nnen Ihre Cookie-Einstellungen jederzeit \u00e4ndern, indem Sie auf die Schaltfl\u00e4che [wcc_preference_button] klicken. Dadurch gelangen Sie erneut zum Cookie-Banner und k\u00f6nnen Ihre Einstellungen \u00e4ndern oder Ihre Einwilligung sofort widerrufen. Dar\u00fcber hinaus bieten verschiedene Browser unterschiedliche Methoden zum Blockieren und L\u00f6schen von Website-Cookies. Sie k\u00f6nnen die Einstellungen Ihres Browsers entsprechend anpassen. Nachfolgend finden Sie Links zu den Hilfedokumenten, die Ihnen erkl\u00e4ren, wie Sie Cookies in den g\u00e4ngigen Webbrowsern verwalten und l\u00f6schen.<\/p>\n\n\n\n<p>Chrome: https:\/\/support.google.com\/accounts\/answer\/32050<\/p>\n\n\n\n<p>Safari: https:\/\/support.apple.com\/en-in\/guide\/safari\/sfri11471\/mac<\/p>\n\n\n\n<p>Firefox: https:\/\/support.mozilla.org\/en-US\/kb\/clear-cookies-and-site-data-firefox?redirectslug=delete-cookies-remove-info-websites-stored&amp;redirectlocale=en-US<\/p>\n\n\n\n<p>Microsoft Edge: Cookies in Microsoft Edge l\u00f6schen \u2013 Microsoft Support<\/p>\n\n\n\n<p>Wenn Sie einen anderen Webbrowser verwenden, besuchen Sie bitte die offizielle Support-Dokumentation Ihres Browsers.<\/p>\n","protected":false},"excerpt":{"rendered":"<p>G\u00fcltig ab: 15. Mai 2024 Was sind Cookies? Diese Cookie-Richtlinie erkl\u00e4rt, was Cookies sind und wie wir sie verwenden, welche Arten von Cookies wir einsetzen (d. h. welche Informationen wir &hellip;<\/p>\n","protected":false},"author":1,"featured_media":0,"parent":0,"menu_order":0,"comment_status":"closed","ping_status":"closed","template":"","meta":{"_acf_changed":false,"footnotes":""},"class_list":["post-30863","page","type-page","status-publish","hentry"],"acf":[],"yoast_head":"<!-- This site is optimized with the Yoast SEO plugin v27.3 - https:\/\/yoast.com\/product\/yoast-seo-wordpress\/ -->\n<title>Cookie-Richtlinie - INVERSE<\/title>\n<meta name=\"description\" content=\"G\u00fcltig ab: 15. Mai 2024 Was sind Cookies? Diese Cookie-Richtlinie erkl\u00e4rt, was Cookies sind und wie wir sie verwenden, welche Arten von Cookies wir\" \/>\n<meta name=\"robots\" content=\"index, follow, max-snippet:-1, max-image-preview:large, max-video-preview:-1\" \/>\n<link rel=\"canonical\" href=\"https:\/\/clubs.inverseteams.com\/de\/cookie-richtlinie\/\" \/>\n<meta property=\"og:locale\" content=\"de_DE\" \/>\n<meta property=\"og:type\" content=\"article\" \/>\n<meta property=\"og:title\" content=\"Cookie-Richtlinie - INVERSE\" \/>\n<meta property=\"og:description\" content=\"G\u00fcltig ab: 15. Mai 2024 Was sind Cookies? Diese Cookie-Richtlinie erkl\u00e4rt, was Cookies sind und wie wir sie verwenden, welche Arten von Cookies wir\" \/>\n<meta property=\"og:url\" content=\"https:\/\/clubs.inverseteams.com\/de\/cookie-richtlinie\/\" \/>\n<meta property=\"og:site_name\" content=\"INVERSE\" \/>\n<meta property=\"article:modified_time\" content=\"2025-11-07T09:07:33+00:00\" \/>\n<meta name=\"twitter:card\" content=\"summary_large_image\" \/>\n<meta name=\"twitter:label1\" content=\"Gesch\u00e4tzte Lesezeit\" \/>\n\t<meta name=\"twitter:data1\" content=\"2\u00a0Minuten\" \/>\n<script type=\"application\/ld+json\" class=\"yoast-schema-graph\">{\"@context\":\"https:\\\/\\\/schema.org\",\"@graph\":[{\"@type\":\"WebPage\",\"@id\":\"https:\\\/\\\/clubs.inverseteams.com\\\/de\\\/cookie-richtlinie\\\/\",\"url\":\"https:\\\/\\\/clubs.inverseteams.com\\\/de\\\/cookie-richtlinie\\\/\",\"name\":\"Cookie-Richtlinie - INVERSE\",\"isPartOf\":{\"@id\":\"https:\\\/\\\/clubs.inverseteams.com\\\/de\\\/#website\"},\"datePublished\":\"2025-11-07T08:00:23+00:00\",\"dateModified\":\"2025-11-07T09:07:33+00:00\",\"description\":\"G\u00fcltig ab: 15. Mai 2024 Was sind Cookies? Diese Cookie-Richtlinie erkl\u00e4rt, was Cookies sind und wie wir sie verwenden, welche Arten von Cookies wir\",\"breadcrumb\":{\"@id\":\"https:\\\/\\\/clubs.inverseteams.com\\\/de\\\/cookie-richtlinie\\\/#breadcrumb\"},\"inLanguage\":\"de\",\"potentialAction\":[{\"@type\":\"ReadAction\",\"target\":[\"https:\\\/\\\/clubs.inverseteams.com\\\/de\\\/cookie-richtlinie\\\/\"]}]},{\"@type\":\"BreadcrumbList\",\"@id\":\"https:\\\/\\\/clubs.inverseteams.com\\\/de\\\/cookie-richtlinie\\\/#breadcrumb\",\"itemListElement\":[{\"@type\":\"ListItem\",\"position\":1,\"name\":\"Portada\",\"item\":\"https:\\\/\\\/clubs.inverseteams.com\\\/de\\\/\"},{\"@type\":\"ListItem\",\"position\":2,\"name\":\"Cookie-Richtlinie\"}]},{\"@type\":\"WebSite\",\"@id\":\"https:\\\/\\\/clubs.inverseteams.com\\\/de\\\/#website\",\"url\":\"https:\\\/\\\/clubs.inverseteams.com\\\/de\\\/\",\"name\":\"INVERSE\",\"description\":\"CUSTOM SPORTSWEAR\",\"potentialAction\":[{\"@type\":\"SearchAction\",\"target\":{\"@type\":\"EntryPoint\",\"urlTemplate\":\"https:\\\/\\\/clubs.inverseteams.com\\\/de\\\/?s={search_term_string}\"},\"query-input\":{\"@type\":\"PropertyValueSpecification\",\"valueRequired\":true,\"valueName\":\"search_term_string\"}}],\"inLanguage\":\"de\"}]}<\/script>\n<!-- \/ Yoast SEO plugin. -->","yoast_head_json":{"title":"Cookie-Richtlinie - INVERSE","description":"G\u00fcltig ab: 15. Mai 2024 Was sind Cookies? Diese Cookie-Richtlinie erkl\u00e4rt, was Cookies sind und wie wir sie verwenden, welche Arten von Cookies wir","robots":{"index":"index","follow":"follow","max-snippet":"max-snippet:-1","max-image-preview":"max-image-preview:large","max-video-preview":"max-video-preview:-1"},"canonical":"https:\/\/clubs.inverseteams.com\/de\/cookie-richtlinie\/","og_locale":"de_DE","og_type":"article","og_title":"Cookie-Richtlinie - INVERSE","og_description":"G\u00fcltig ab: 15. Mai 2024 Was sind Cookies? Diese Cookie-Richtlinie erkl\u00e4rt, was Cookies sind und wie wir sie verwenden, welche Arten von Cookies wir","og_url":"https:\/\/clubs.inverseteams.com\/de\/cookie-richtlinie\/","og_site_name":"INVERSE","article_modified_time":"2025-11-07T09:07:33+00:00","twitter_card":"summary_large_image","twitter_misc":{"Gesch\u00e4tzte Lesezeit":"2\u00a0Minuten"},"schema":{"@context":"https:\/\/schema.org","@graph":[{"@type":"WebPage","@id":"https:\/\/clubs.inverseteams.com\/de\/cookie-richtlinie\/","url":"https:\/\/clubs.inverseteams.com\/de\/cookie-richtlinie\/","name":"Cookie-Richtlinie - INVERSE","isPartOf":{"@id":"https:\/\/clubs.inverseteams.com\/de\/#website"},"datePublished":"2025-11-07T08:00:23+00:00","dateModified":"2025-11-07T09:07:33+00:00","description":"G\u00fcltig ab: 15. Mai 2024 Was sind Cookies? Diese Cookie-Richtlinie erkl\u00e4rt, was Cookies sind und wie wir sie verwenden, welche Arten von Cookies wir","breadcrumb":{"@id":"https:\/\/clubs.inverseteams.com\/de\/cookie-richtlinie\/#breadcrumb"},"inLanguage":"de","potentialAction":[{"@type":"ReadAction","target":["https:\/\/clubs.inverseteams.com\/de\/cookie-richtlinie\/"]}]},{"@type":"BreadcrumbList","@id":"https:\/\/clubs.inverseteams.com\/de\/cookie-richtlinie\/#breadcrumb","itemListElement":[{"@type":"ListItem","position":1,"name":"Portada","item":"https:\/\/clubs.inverseteams.com\/de\/"},{"@type":"ListItem","position":2,"name":"Cookie-Richtlinie"}]},{"@type":"WebSite","@id":"https:\/\/clubs.inverseteams.com\/de\/#website","url":"https:\/\/clubs.inverseteams.com\/de\/","name":"INVERSE","description":"CUSTOM SPORTSWEAR","potentialAction":[{"@type":"SearchAction","target":{"@type":"EntryPoint","urlTemplate":"https:\/\/clubs.inverseteams.com\/de\/?s={search_term_string}"},"query-input":{"@type":"PropertyValueSpecification","valueRequired":true,"valueName":"search_term_string"}}],"inLanguage":"de"}]}},"_links":{"self":[{"href":"https:\/\/clubs.inverseteams.com\/de\/wp-json\/wp\/v2\/pages\/30863","targetHints":{"allow":["GET"]}}],"collection":[{"href":"https:\/\/clubs.inverseteams.com\/de\/wp-json\/wp\/v2\/pages"}],"about":[{"href":"https:\/\/clubs.inverseteams.com\/de\/wp-json\/wp\/v2\/types\/page"}],"author":[{"embeddable":true,"href":"https:\/\/clubs.inverseteams.com\/de\/wp-json\/wp\/v2\/users\/1"}],"replies":[{"embeddable":true,"href":"https:\/\/clubs.inverseteams.com\/de\/wp-json\/wp\/v2\/comments?post=30863"}],"version-history":[{"count":3,"href":"https:\/\/clubs.inverseteams.com\/de\/wp-json\/wp\/v2\/pages\/30863\/revisions"}],"predecessor-version":[{"id":30897,"href":"https:\/\/clubs.inverseteams.com\/de\/wp-json\/wp\/v2\/pages\/30863\/revisions\/30897"}],"wp:attachment":[{"href":"https:\/\/clubs.inverseteams.com\/de\/wp-json\/wp\/v2\/media?parent=30863"}],"curies":[{"name":"wp","href":"https:\/\/api.w.org\/{rel}","templated":true}]}}