{"id":30920,"date":"2025-06-06T09:46:42","date_gmt":"2025-06-06T09:46:42","guid":{"rendered":"https:\/\/clubs.inverseteams.com\/groessen-und-masse\/"},"modified":"2025-11-29T16:19:17","modified_gmt":"2025-11-29T16:19:17","slug":"groessen-und-masse","status":"publish","type":"page","link":"https:\/\/clubs.inverseteams.com\/de\/groessen-und-masse\/","title":{"rendered":"Gr\u00f6\u00dfen und Ma\u00dfe"},"content":{"rendered":"\n<h2 class=\"wp-block-heading\">Gr\u00f6\u00dfentabelleHerren<\/h2>\n\n\n\n<div class=\"wp-block-columns is-layout-flex wp-container-core-columns-is-layout-9d6595d7 wp-block-columns-is-layout-flex\">\n<div class=\"wp-block-column is-layout-flow wp-block-column-is-layout-flow\">\n<div class=\"cont--table\">\n<table style=\"width: 100%; height: 145px;\">\n<thead>\n<tr style=\"height: 24px;\">\n<th style=\"height: 24px; text-align: left; width: 53.2222%;\" colspan=\"2\">Herren<\/th>\n<th style=\"height: 24px; text-align: center; width: 5.44444%;\">XS<\/th>\n<th style=\"height: 24px; text-align: center; width: 5.44444%;\">S<\/th>\n<th style=\"height: 24px; text-align: center; width: 5.44444%;\">M<\/th>\n<th style=\"height: 24px; text-align: center; width: 5.44444%;\">L<\/th>\n<th style=\"height: 24px; text-align: center; width: 5.44444%;\">XL<\/th>\n<th style=\"height: 24px; text-align: center; width: 5.44444%;\">XXL<\/th>\n<th style=\"height: 24px; text-align: center; width: 5.55556%;\">3XL<\/th>\n<\/tr>\n<\/thead>\n<tbody>\n<tr style=\"height: 60px;\">\n<td style=\"height: 121px; width: 33.7778%;\" rowspan=\"2\"><img decoding=\"async\" src=\"https:\/\/clubs.inverseteams.com\/img-tallas-img-tallas-hombre\/\" alt=\"Hombre\" \/><\/td>\n<td style=\"height: 60px; text-align: left; width: 19.4444%;\">Brustumfang<\/td>\n<td style=\"height: 60px; text-align: center; width: 5.44444%;\">90<\/td>\n<td style=\"height: 60px; text-align: center; width: 5.44444%;\">94<\/td>\n<td style=\"height: 60px; text-align: center; width: 5.44444%;\">98<\/td>\n<td style=\"height: 60px; text-align: center; width: 5.44444%;\">102<\/td>\n<td style=\"height: 60px; text-align: center; width: 5.44444%;\">106<\/td>\n<td style=\"height: 60px; text-align: center; width: 5.44444%;\">110<\/td>\n<td style=\"height: 60px; text-align: center; width: 5.55556%;\">114<\/td>\n<\/tr>\n<tr style=\"height: 61px;\">\n<td style=\"height: 61px; text-align: left; width: 19.4444%;\">H\u00f6he<\/td>\n<td style=\"height: 61px; text-align: center; width: 5.44444%;\">166-170<\/td>\n<td style=\"height: 61px; text-align: center; width: 5.44444%;\">170-174<\/td>\n<td style=\"height: 61px; text-align: center; width: 5.44444%;\">174-178<\/td>\n<td style=\"height: 61px; text-align: center; width: 5.44444%;\">178-182<\/td>\n<td style=\"height: 61px; text-align: center; width: 5.44444%;\">182-185<\/td>\n<td style=\"height: 61px; text-align: center; width: 5.44444%;\">185-188<\/td>\n<td style=\"height: 61px; text-align: center; width: 5.55556%;\">189-192<\/td>\n<\/tr>\n<\/tbody>\n<\/table>\n<\/div>\n<p>Indikative Ma\u00dftabelle (cms.)<\/p>\n<div class=\"cont--table\">\n<table style=\"height: 266px; width: 100%;\">\n<thead>\n<tr style=\"height: 24px;\">\n<th style=\"text-align: left; width: 59.7778%; height: 24px;\" colspan=\"2\">Damen<\/th>\n<th style=\"text-align: center; width: 3.44444%; height: 24px;\">XS<\/th>\n<th style=\"text-align: center; width: 4.77778%; height: 24px;\">S<\/th>\n<th style=\"text-align: center; width: 3%; height: 24px;\">M<\/th>\n<th style=\"text-align: center; width: 4.88889%; height: 24px;\">L<\/th>\n<th style=\"text-align: center; width: 4.33333%; height: 24px;\">XL<\/th>\n<th style=\"text-align: center; width: 5.33333%; height: 24px;\">XXL<\/th>\n<th style=\"text-align: center; width: 5.11111%; height: 24px;\">3XL<\/th>\n<\/tr>\n<\/thead>\n<tbody>\n<tr style=\"height: 126px;\">\n<td style=\"width: 37.8889%; height: 318px;\" rowspan=\"2\"><img decoding=\"async\" src=\"https:\/\/clubs.inverseteams.com\/img-tallas-img-tallas-mujer\/\" alt=\"Mujer\" \/><\/td>\n<td style=\"text-align: left; width: 21.8889%; height: 126px;\">Brustumfang<\/td>\n<td style=\"text-align: center; width: 3.44444%; height: 126px;\">80<\/td>\n<td style=\"text-align: center; width: 4.77778%; height: 126px;\">84<\/td>\n<td style=\"text-align: center; width: 3%; height: 126px;\">88<\/td>\n<td style=\"text-align: center; width: 4.88889%; height: 126px;\">92<\/td>\n<td style=\"text-align: center; width: 4.33333%; height: 126px;\">96<\/td>\n<td style=\"text-align: center; width: 5.33333%; height: 126px;\">100<\/td>\n<td style=\"text-align: center; width: 5.11111%; height: 126px;\">104<\/td>\n<\/tr>\n<tr style=\"height: 192px;\">\n<td style=\"text-align: left; width: 21.8889%; height: 192px;\">H\u00f6he<\/td>\n<td style=\"text-align: center; width: 3.44444%; height: 192px;\">156-162<\/td>\n<td style=\"text-align: center; width: 4.77778%; height: 192px;\">160-168<\/td>\n<td style=\"text-align: center; width: 3%; height: 192px;\">164-171<\/td>\n<td style=\"text-align: center; width: 4.88889%; height: 192px;\">167-173<\/td>\n<td style=\"text-align: center; width: 4.33333%; height: 192px;\">169-175<\/td>\n<td style=\"text-align: center; width: 5.33333%; height: 192px;\">173-177<\/td>\n<td style=\"text-align: center; width: 5.11111%; height: 192px;\">177-180<\/td>\n<\/tr>\n<\/tbody>\n<\/table>\n<\/div>\n<p>Indikative Ma\u00dftabelle (cms.)<\/p>\n<div class=\"cont--table\">\n<table style=\"height: 266px; width: 100%;\">\n<thead>\n<tr style=\"height: 24px;\">\n<th style=\"text-align: left; height: 24px;\" colspan=\"2\">Kinder<\/th>\n<th style=\"text-align: center; height: 24px;\">6<\/th>\n<th style=\"text-align: center; height: 24px;\">8<\/th>\n<th style=\"text-align: center; height: 24px;\">10<\/th>\n<th style=\"text-align: center; height: 24px;\">12<\/th>\n<\/tr>\n<\/thead>\n<tbody>\n<tr style=\"height: 123px;\">\n<td style=\"height: 246px;\" rowspan=\"2\"><img decoding=\"async\" src=\"https:\/\/clubs.inverseteams.com\/img-tallas-img-tallas-kids\/\" alt=\"Ni\u00f1o\" \/><\/td>\n<td style=\"height: 123px;\">Brustumfang<\/td>\n<td style=\"text-align: center; height: 123px;\">74<\/td>\n<td style=\"text-align: center; height: 123px;\">80<\/td>\n<td style=\"text-align: center; height: 123px;\">84<\/td>\n<td style=\"text-align: center; height: 123px;\">86<\/td>\n<\/tr>\n<tr style=\"height: 123px;\">\n<td style=\"height: 123px;\">H\u00f6he<\/td>\n<td style=\"text-align: center; height: 123px;\">114-127<\/td>\n<td style=\"text-align: center; height: 123px;\">127-140<\/td>\n<td style=\"text-align: center; height: 123px;\">140-145<\/td>\n<td style=\"text-align: center; height: 123px;\">146-151<\/td>\n<\/tr>\n<\/tbody>\n<\/table>\n<\/div>\n<p>Indikative Ma\u00dftabelle (cms.)<\/p>\n<div class=\"cont--table\">\n<table style=\"width: 100%;\">\n<thead>\n<tr>\n<th style=\"text-align: left;\" colspan=\"2\">Socken<\/th>\n<th style=\"text-align: center;\">UE<\/th>\n<th style=\"text-align: center;\">UK<\/th>\n<\/tr>\n<\/thead>\n<tbody>\n<tr>\n<td rowspan=\"4\"><img decoding=\"async\" src=\"https:\/\/clubs.inverseteams.com\/img-tallas-img-tallas-calcetines\/\" alt=\"Calcetines\" \/><\/td>\n<td style=\"text-align: left;\">S<\/td>\n<td style=\"text-align: center;\">37\/39<\/td>\n<td style=\"text-align: center;\">4\/5.5<\/td>\n<\/tr>\n<tr>\n<td style=\"text-align: left;\">M<\/td>\n<td style=\"text-align: center;\">40\/42<\/td>\n<td style=\"text-align: center;\">6,5\/8<\/td>\n<\/tr>\n<tr>\n<td style=\"text-align: left;\">L<\/td>\n<td style=\"text-align: center;\">43\/45<\/td>\n<td style=\"text-align: center;\">9\/10,5<\/td>\n<\/tr>\n<tr>\n<td style=\"text-align: left;\">XL<\/td>\n<td style=\"text-align: center;\">46\/48<\/td>\n<td style=\"text-align: center;\">11,5\/13<\/td>\n<\/tr>\n<\/tbody>\n<\/table>\n<\/div>\n<p>\u00a0<\/p>\n<div class=\"cont--table\">\n<table style=\"width: 100%; height: 258px;\">\n<thead>\n<tr style=\"height: 24px;\">\n<th style=\"text-align: left; height: 24px;\" colspan=\"2\">Handschuhe<\/th>\n<th style=\"height: 24px;\">\u00a0<\/th>\n<\/tr>\n<\/thead>\n<tbody>\n<tr style=\"height: 39px;\">\n<td style=\"height: 234px;\" rowspan=\"6\"><img decoding=\"async\" src=\"https:\/\/clubs.inverseteams.com\/img-tallas-img-tallas-guantes\/\" alt=\"Guantes\" \/><\/td>\n<td style=\"text-align: left; height: 39px;\">XS<\/td>\n<td style=\"text-align: center; height: 39px;\">17-18 cm<\/td>\n<\/tr>\n<tr style=\"height: 39px;\">\n<td style=\"text-align: left; height: 39px;\">S<\/td>\n<td style=\"text-align: center; height: 39px;\">18-19,5 cm<\/td>\n<\/tr>\n<tr style=\"height: 39px;\">\n<td style=\"text-align: left; height: 39px;\">M<\/td>\n<td style=\"text-align: center; height: 39px;\">19,5-20,5 cm<\/td>\n<\/tr>\n<tr style=\"height: 39px;\">\n<td style=\"text-align: left; height: 39px;\">L<\/td>\n<td style=\"text-align: center; height: 39px;\">20,5-21,5 cm<\/td>\n<\/tr>\n<tr style=\"height: 39px;\">\n<td style=\"text-align: left; height: 39px;\">XL<\/td>\n<td style=\"text-align: center; height: 39px;\">21,5-23 cm<\/td>\n<\/tr>\n<tr style=\"height: 39px;\">\n<td style=\"text-align: left; height: 39px;\">XXL<\/td>\n<td style=\"text-align: center; height: 39px;\">23-25 cm<\/td>\n<\/tr>\n<\/tbody>\n<\/table>\n<\/div>\n<p>Indikative Ma\u00dftabelle (cms.)<\/p>\n<\/div>\n<\/div>\n","protected":false},"excerpt":{"rendered":"<p>Gr\u00f6\u00dfentabelleHerren Herren XS S M L XL XXL 3XL Brustumfang 90 94 98 102 106 110 114 H\u00f6he 166-170 170-174 174-178 178-182 182-185 185-188 189-192 Indikative Ma\u00dftabelle (cms.) Damen XS &hellip;<\/p>\n","protected":false},"author":1,"featured_media":0,"parent":0,"menu_order":0,"comment_status":"closed","ping_status":"closed","template":"","meta":{"_acf_changed":false,"footnotes":""},"class_list":["post-30920","page","type-page","status-publish","hentry"],"acf":[],"yoast_head":"<!-- This site is optimized with the Yoast SEO plugin v27.3 - https:\/\/yoast.com\/product\/yoast-seo-wordpress\/ -->\n<title>Gr\u00f6\u00dfen und Ma\u00dfe - INVERSE<\/title>\n<meta name=\"description\" content=\"Gr\u00f6\u00dfentabelleHerren Herren XS S M L XL XXL 3XL Brustumfang 90 94 98 102 106 110 114 H\u00f6he 166-170 170-174 174-178 178-182 182-185 185-188 189-192\" \/>\n<meta name=\"robots\" content=\"index, follow, max-snippet:-1, max-image-preview:large, max-video-preview:-1\" \/>\n<link rel=\"canonical\" href=\"https:\/\/clubs.inverseteams.com\/de\/groessen-und-masse\/\" \/>\n<meta property=\"og:locale\" content=\"de_DE\" \/>\n<meta property=\"og:type\" content=\"article\" \/>\n<meta property=\"og:title\" content=\"Gr\u00f6\u00dfen und Ma\u00dfe - INVERSE\" \/>\n<meta property=\"og:description\" content=\"Gr\u00f6\u00dfentabelleHerren Herren XS S M L XL XXL 3XL Brustumfang 90 94 98 102 106 110 114 H\u00f6he 166-170 170-174 174-178 178-182 182-185 185-188 189-192\" \/>\n<meta property=\"og:url\" content=\"https:\/\/clubs.inverseteams.com\/de\/groessen-und-masse\/\" \/>\n<meta property=\"og:site_name\" content=\"INVERSE\" \/>\n<meta property=\"article:modified_time\" content=\"2025-11-29T16:19:17+00:00\" \/>\n<meta property=\"og:image\" content=\"https:\/\/clubs.inverseteams.com\/img-tallas-img-tallas-hombre\/\" \/>\n<meta name=\"twitter:card\" content=\"summary_large_image\" \/>\n<meta name=\"twitter:label1\" content=\"Gesch\u00e4tzte Lesezeit\" \/>\n\t<meta name=\"twitter:data1\" content=\"2\u00a0Minuten\" \/>\n<script type=\"application\/ld+json\" class=\"yoast-schema-graph\">{\"@context\":\"https:\\\/\\\/schema.org\",\"@graph\":[{\"@type\":\"WebPage\",\"@id\":\"https:\\\/\\\/clubs.inverseteams.com\\\/de\\\/groessen-und-masse\\\/\",\"url\":\"https:\\\/\\\/clubs.inverseteams.com\\\/de\\\/groessen-und-masse\\\/\",\"name\":\"Gr\u00f6\u00dfen und Ma\u00dfe - INVERSE\",\"isPartOf\":{\"@id\":\"https:\\\/\\\/clubs.inverseteams.com\\\/de\\\/#website\"},\"primaryImageOfPage\":{\"@id\":\"https:\\\/\\\/clubs.inverseteams.com\\\/de\\\/groessen-und-masse\\\/#primaryimage\"},\"image\":{\"@id\":\"https:\\\/\\\/clubs.inverseteams.com\\\/de\\\/groessen-und-masse\\\/#primaryimage\"},\"thumbnailUrl\":\"https:\\\/\\\/clubs.inverseteams.com\\\/img-tallas-img-tallas-hombre\\\/\",\"datePublished\":\"2025-06-06T09:46:42+00:00\",\"dateModified\":\"2025-11-29T16:19:17+00:00\",\"description\":\"Gr\u00f6\u00dfentabelleHerren Herren XS S M L XL XXL 3XL Brustumfang 90 94 98 102 106 110 114 H\u00f6he 166-170 170-174 174-178 178-182 182-185 185-188 189-192\",\"breadcrumb\":{\"@id\":\"https:\\\/\\\/clubs.inverseteams.com\\\/de\\\/groessen-und-masse\\\/#breadcrumb\"},\"inLanguage\":\"de\",\"potentialAction\":[{\"@type\":\"ReadAction\",\"target\":[\"https:\\\/\\\/clubs.inverseteams.com\\\/de\\\/groessen-und-masse\\\/\"]}]},{\"@type\":\"ImageObject\",\"inLanguage\":\"de\",\"@id\":\"https:\\\/\\\/clubs.inverseteams.com\\\/de\\\/groessen-und-masse\\\/#primaryimage\",\"url\":\"https:\\\/\\\/clubs.inverseteams.com\\\/img-tallas-img-tallas-hombre\\\/\",\"contentUrl\":\"https:\\\/\\\/clubs.inverseteams.com\\\/img-tallas-img-tallas-hombre\\\/\"},{\"@type\":\"BreadcrumbList\",\"@id\":\"https:\\\/\\\/clubs.inverseteams.com\\\/de\\\/groessen-und-masse\\\/#breadcrumb\",\"itemListElement\":[{\"@type\":\"ListItem\",\"position\":1,\"name\":\"Portada\",\"item\":\"https:\\\/\\\/clubs.inverseteams.com\\\/de\\\/\"},{\"@type\":\"ListItem\",\"position\":2,\"name\":\"Gr\u00f6\u00dfen und Ma\u00dfe\"}]},{\"@type\":\"WebSite\",\"@id\":\"https:\\\/\\\/clubs.inverseteams.com\\\/de\\\/#website\",\"url\":\"https:\\\/\\\/clubs.inverseteams.com\\\/de\\\/\",\"name\":\"INVERSE\",\"description\":\"CUSTOM SPORTSWEAR\",\"potentialAction\":[{\"@type\":\"SearchAction\",\"target\":{\"@type\":\"EntryPoint\",\"urlTemplate\":\"https:\\\/\\\/clubs.inverseteams.com\\\/de\\\/?s={search_term_string}\"},\"query-input\":{\"@type\":\"PropertyValueSpecification\",\"valueRequired\":true,\"valueName\":\"search_term_string\"}}],\"inLanguage\":\"de\"}]}<\/script>\n<!-- \/ Yoast SEO plugin. -->","yoast_head_json":{"title":"Gr\u00f6\u00dfen und Ma\u00dfe - INVERSE","description":"Gr\u00f6\u00dfentabelleHerren Herren XS S M L XL XXL 3XL Brustumfang 90 94 98 102 106 110 114 H\u00f6he 166-170 170-174 174-178 178-182 182-185 185-188 189-192","robots":{"index":"index","follow":"follow","max-snippet":"max-snippet:-1","max-image-preview":"max-image-preview:large","max-video-preview":"max-video-preview:-1"},"canonical":"https:\/\/clubs.inverseteams.com\/de\/groessen-und-masse\/","og_locale":"de_DE","og_type":"article","og_title":"Gr\u00f6\u00dfen und Ma\u00dfe - INVERSE","og_description":"Gr\u00f6\u00dfentabelleHerren Herren XS S M L XL XXL 3XL Brustumfang 90 94 98 102 106 110 114 H\u00f6he 166-170 170-174 174-178 178-182 182-185 185-188 189-192","og_url":"https:\/\/clubs.inverseteams.com\/de\/groessen-und-masse\/","og_site_name":"INVERSE","article_modified_time":"2025-11-29T16:19:17+00:00","og_image":[{"url":"https:\/\/clubs.inverseteams.com\/img-tallas-img-tallas-hombre\/","type":"","width":"","height":""}],"twitter_card":"summary_large_image","twitter_misc":{"Gesch\u00e4tzte Lesezeit":"2\u00a0Minuten"},"schema":{"@context":"https:\/\/schema.org","@graph":[{"@type":"WebPage","@id":"https:\/\/clubs.inverseteams.com\/de\/groessen-und-masse\/","url":"https:\/\/clubs.inverseteams.com\/de\/groessen-und-masse\/","name":"Gr\u00f6\u00dfen und Ma\u00dfe - INVERSE","isPartOf":{"@id":"https:\/\/clubs.inverseteams.com\/de\/#website"},"primaryImageOfPage":{"@id":"https:\/\/clubs.inverseteams.com\/de\/groessen-und-masse\/#primaryimage"},"image":{"@id":"https:\/\/clubs.inverseteams.com\/de\/groessen-und-masse\/#primaryimage"},"thumbnailUrl":"https:\/\/clubs.inverseteams.com\/img-tallas-img-tallas-hombre\/","datePublished":"2025-06-06T09:46:42+00:00","dateModified":"2025-11-29T16:19:17+00:00","description":"Gr\u00f6\u00dfentabelleHerren Herren XS S M L XL XXL 3XL Brustumfang 90 94 98 102 106 110 114 H\u00f6he 166-170 170-174 174-178 178-182 182-185 185-188 189-192","breadcrumb":{"@id":"https:\/\/clubs.inverseteams.com\/de\/groessen-und-masse\/#breadcrumb"},"inLanguage":"de","potentialAction":[{"@type":"ReadAction","target":["https:\/\/clubs.inverseteams.com\/de\/groessen-und-masse\/"]}]},{"@type":"ImageObject","inLanguage":"de","@id":"https:\/\/clubs.inverseteams.com\/de\/groessen-und-masse\/#primaryimage","url":"https:\/\/clubs.inverseteams.com\/img-tallas-img-tallas-hombre\/","contentUrl":"https:\/\/clubs.inverseteams.com\/img-tallas-img-tallas-hombre\/"},{"@type":"BreadcrumbList","@id":"https:\/\/clubs.inverseteams.com\/de\/groessen-und-masse\/#breadcrumb","itemListElement":[{"@type":"ListItem","position":1,"name":"Portada","item":"https:\/\/clubs.inverseteams.com\/de\/"},{"@type":"ListItem","position":2,"name":"Gr\u00f6\u00dfen und Ma\u00dfe"}]},{"@type":"WebSite","@id":"https:\/\/clubs.inverseteams.com\/de\/#website","url":"https:\/\/clubs.inverseteams.com\/de\/","name":"INVERSE","description":"CUSTOM SPORTSWEAR","potentialAction":[{"@type":"SearchAction","target":{"@type":"EntryPoint","urlTemplate":"https:\/\/clubs.inverseteams.com\/de\/?s={search_term_string}"},"query-input":{"@type":"PropertyValueSpecification","valueRequired":true,"valueName":"search_term_string"}}],"inLanguage":"de"}]}},"_links":{"self":[{"href":"https:\/\/clubs.inverseteams.com\/de\/wp-json\/wp\/v2\/pages\/30920","targetHints":{"allow":["GET"]}}],"collection":[{"href":"https:\/\/clubs.inverseteams.com\/de\/wp-json\/wp\/v2\/pages"}],"about":[{"href":"https:\/\/clubs.inverseteams.com\/de\/wp-json\/wp\/v2\/types\/page"}],"author":[{"embeddable":true,"href":"https:\/\/clubs.inverseteams.com\/de\/wp-json\/wp\/v2\/users\/1"}],"replies":[{"embeddable":true,"href":"https:\/\/clubs.inverseteams.com\/de\/wp-json\/wp\/v2\/comments?post=30920"}],"version-history":[{"count":2,"href":"https:\/\/clubs.inverseteams.com\/de\/wp-json\/wp\/v2\/pages\/30920\/revisions"}],"predecessor-version":[{"id":43720,"href":"https:\/\/clubs.inverseteams.com\/de\/wp-json\/wp\/v2\/pages\/30920\/revisions\/43720"}],"wp:attachment":[{"href":"https:\/\/clubs.inverseteams.com\/de\/wp-json\/wp\/v2\/media?parent=30920"}],"curies":[{"name":"wp","href":"https:\/\/api.w.org\/{rel}","templated":true}]}}