{"id":28378,"date":"2025-10-07T06:41:13","date_gmt":"2025-10-07T06:41:13","guid":{"rendered":"https:\/\/clubs.inverseteams.com\/?post_type=product&#038;p=28378"},"modified":"2025-10-07T08:28:18","modified_gmt":"2025-10-07T08:28:18","slug":"bermuda-19925","status":"publish","type":"product","link":"https:\/\/clubs.inverseteams.com\/de\/produkt\/bermuda-19925\/","title":{"rendered":"Bermuda"},"content":{"rendered":"<p>Este pantal\u00f3n combina 2 tejidos muy ligeros y resistentes. La banda lateral y el interior de la pierna est\u00e1n confeccionados un tejido muy abierto con una gran capacidad de expulsi\u00f3n del sudor.<br \/>\nTiene una malla de rejilla interior y la cintura el\u00e1tica se adapta perfectamente al cuerpo sin apretar. Adem\u00e1s tiene un cord\u00f3n para poder regular el ajuste al gusto del deportista. Con 2 bolsillos laterales y un patronage extremadamente c\u00f3modo, este pantal\u00f3n es ideal para el d\u00eda a d\u00eda.<\/p>\n","protected":false},"excerpt":{"rendered":"<p>Este pantal\u00f3n combina 2 tejidos muy ligeros y resistentes. La banda lateral y el interior de la pierna est\u00e1n confeccionados un tejido muy abierto con una gran capacidad de expulsi\u00f3n del sudor.<br \/>\nTiene una malla de rejilla interior y la cintura el\u00e1tica se adapta perfectamente al cuerpo sin apretar. Adem\u00e1s tiene un cord\u00f3n para poder regular el ajuste al gusto del deportista. Con 2 bolsillos laterales y un patronage extremadamente c\u00f3modo, este pantal\u00f3n es ideal para el d\u00eda a d\u00eda.<\/p>\n","protected":false},"featured_media":28400,"comment_status":"closed","ping_status":"closed","template":"","meta":{"_acf_changed":false},"sports":[158],"customization-type":[],"product_brand":[],"product_cat":[536],"product_tag":[],"class_list":{"0":"post-28378","1":"product","2":"type-product","3":"status-publish","4":"has-post-thumbnail","6":"sports-futbol","7":"product_cat-cf-montornes","9":"first","10":"instock","11":"taxable","12":"shipping-taxable","13":"product-type-variable","14":"grid-item futbol"},"acf":[],"yoast_head":"<!-- This site is optimized with the Yoast SEO plugin v27.1.1 - https:\/\/yoast.com\/product\/yoast-seo-wordpress\/ -->\n<title>Bermuda - INVERSE<\/title>\n<meta name=\"robots\" content=\"index, follow, max-snippet:-1, max-image-preview:large, max-video-preview:-1\" \/>\n<link rel=\"canonical\" href=\"https:\/\/clubs.inverseteams.com\/de\/produkt\/bermuda-19925\/\" \/>\n<meta property=\"og:locale\" content=\"de_DE\" \/>\n<meta property=\"og:type\" content=\"article\" \/>\n<meta property=\"og:title\" content=\"Bermuda - INVERSE\" \/>\n<meta property=\"og:description\" content=\"Este pantal\u00f3n combina 2 tejidos muy ligeros y resistentes. La banda lateral y el interior de la pierna est\u00e1n confeccionados un tejido muy abierto con una gran capacidad de expulsi\u00f3n del sudor. Tiene una malla de rejilla interior y la cintura el\u00e1tica se adapta perfectamente al cuerpo sin apretar. Adem\u00e1s tiene un cord\u00f3n para poder regular el ajuste al gusto del deportista. Con 2 bolsillos laterales y un patronage extremadamente c\u00f3modo, este pantal\u00f3n es ideal para el d\u00eda a d\u00eda.\" \/>\n<meta property=\"og:url\" content=\"https:\/\/clubs.inverseteams.com\/de\/produkt\/bermuda-19925\/\" \/>\n<meta property=\"og:site_name\" content=\"INVERSE\" \/>\n<meta property=\"article:modified_time\" content=\"2025-10-07T08:28:18+00:00\" \/>\n<meta property=\"og:image\" content=\"https:\/\/clubs.inverseteams.com\/wp-content\/uploads\/BERMUDA-1-2.png\" \/>\n\t<meta property=\"og:image:width\" content=\"900\" \/>\n\t<meta property=\"og:image:height\" content=\"990\" \/>\n\t<meta property=\"og:image:type\" content=\"image\/png\" \/>\n<meta name=\"twitter:card\" content=\"summary_large_image\" \/>\n<meta name=\"twitter:label1\" content=\"Gesch\u00e4tzte Lesezeit\" \/>\n\t<meta name=\"twitter:data1\" content=\"1\u00a0Minute\" \/>\n<script type=\"application\/ld+json\" class=\"yoast-schema-graph\">{\"@context\":\"https:\/\/schema.org\",\"@graph\":[{\"@type\":\"WebPage\",\"@id\":\"https:\/\/clubs.inverseteams.com\/de\/produkt\/bermuda-19925\/\",\"url\":\"https:\/\/clubs.inverseteams.com\/de\/produkt\/bermuda-19925\/\",\"name\":\"Bermuda - INVERSE\",\"isPartOf\":{\"@id\":\"https:\/\/clubs.inverseteams.com\/de\/#website\"},\"primaryImageOfPage\":{\"@id\":\"https:\/\/clubs.inverseteams.com\/de\/produkt\/bermuda-19925\/#primaryimage\"},\"image\":{\"@id\":\"https:\/\/clubs.inverseteams.com\/de\/produkt\/bermuda-19925\/#primaryimage\"},\"thumbnailUrl\":\"https:\/\/clubs.inverseteams.com\/wp-content\/uploads\/BERMUDA-1-2.png\",\"datePublished\":\"2025-10-07T06:41:13+00:00\",\"dateModified\":\"2025-10-07T08:28:18+00:00\",\"breadcrumb\":{\"@id\":\"https:\/\/clubs.inverseteams.com\/de\/produkt\/bermuda-19925\/#breadcrumb\"},\"inLanguage\":\"de\",\"potentialAction\":[{\"@type\":\"ReadAction\",\"target\":[\"https:\/\/clubs.inverseteams.com\/de\/produkt\/bermuda-19925\/\"]}]},{\"@type\":\"ImageObject\",\"inLanguage\":\"de\",\"@id\":\"https:\/\/clubs.inverseteams.com\/de\/produkt\/bermuda-19925\/#primaryimage\",\"url\":\"https:\/\/clubs.inverseteams.com\/wp-content\/uploads\/BERMUDA-1-2.png\",\"contentUrl\":\"https:\/\/clubs.inverseteams.com\/wp-content\/uploads\/BERMUDA-1-2.png\",\"width\":900,\"height\":990},{\"@type\":\"BreadcrumbList\",\"@id\":\"https:\/\/clubs.inverseteams.com\/de\/produkt\/bermuda-19925\/#breadcrumb\",\"itemListElement\":[{\"@type\":\"ListItem\",\"position\":1,\"name\":\"Portada\",\"item\":\"https:\/\/clubs.inverseteams.com\/de\/\"},{\"@type\":\"ListItem\",\"position\":2,\"name\":\"Produkte\",\"item\":\"https:\/\/clubs.inverseteams.com\/de\/shop\/\"},{\"@type\":\"ListItem\",\"position\":3,\"name\":\"Bermuda\"}]},{\"@type\":\"WebSite\",\"@id\":\"https:\/\/clubs.inverseteams.com\/de\/#website\",\"url\":\"https:\/\/clubs.inverseteams.com\/de\/\",\"name\":\"INVERSE\",\"description\":\"CUSTOM SPORTSWEAR\",\"potentialAction\":[{\"@type\":\"SearchAction\",\"target\":{\"@type\":\"EntryPoint\",\"urlTemplate\":\"https:\/\/clubs.inverseteams.com\/de\/?s={search_term_string}\"},\"query-input\":{\"@type\":\"PropertyValueSpecification\",\"valueRequired\":true,\"valueName\":\"search_term_string\"}}],\"inLanguage\":\"de\"}]}<\/script>\n<!-- \/ Yoast SEO plugin. -->","yoast_head_json":{"title":"Bermuda - INVERSE","robots":{"index":"index","follow":"follow","max-snippet":"max-snippet:-1","max-image-preview":"max-image-preview:large","max-video-preview":"max-video-preview:-1"},"canonical":"https:\/\/clubs.inverseteams.com\/de\/produkt\/bermuda-19925\/","og_locale":"de_DE","og_type":"article","og_title":"Bermuda - INVERSE","og_description":"Este pantal\u00f3n combina 2 tejidos muy ligeros y resistentes. La banda lateral y el interior de la pierna est\u00e1n confeccionados un tejido muy abierto con una gran capacidad de expulsi\u00f3n del sudor. Tiene una malla de rejilla interior y la cintura el\u00e1tica se adapta perfectamente al cuerpo sin apretar. Adem\u00e1s tiene un cord\u00f3n para poder regular el ajuste al gusto del deportista. Con 2 bolsillos laterales y un patronage extremadamente c\u00f3modo, este pantal\u00f3n es ideal para el d\u00eda a d\u00eda.","og_url":"https:\/\/clubs.inverseteams.com\/de\/produkt\/bermuda-19925\/","og_site_name":"INVERSE","article_modified_time":"2025-10-07T08:28:18+00:00","og_image":[{"width":900,"height":990,"url":"https:\/\/clubs.inverseteams.com\/wp-content\/uploads\/BERMUDA-1-2.png","type":"image\/png"}],"twitter_card":"summary_large_image","twitter_misc":{"Gesch\u00e4tzte Lesezeit":"1\u00a0Minute"},"schema":{"@context":"https:\/\/schema.org","@graph":[{"@type":"WebPage","@id":"https:\/\/clubs.inverseteams.com\/de\/produkt\/bermuda-19925\/","url":"https:\/\/clubs.inverseteams.com\/de\/produkt\/bermuda-19925\/","name":"Bermuda - INVERSE","isPartOf":{"@id":"https:\/\/clubs.inverseteams.com\/de\/#website"},"primaryImageOfPage":{"@id":"https:\/\/clubs.inverseteams.com\/de\/produkt\/bermuda-19925\/#primaryimage"},"image":{"@id":"https:\/\/clubs.inverseteams.com\/de\/produkt\/bermuda-19925\/#primaryimage"},"thumbnailUrl":"https:\/\/clubs.inverseteams.com\/wp-content\/uploads\/BERMUDA-1-2.png","datePublished":"2025-10-07T06:41:13+00:00","dateModified":"2025-10-07T08:28:18+00:00","breadcrumb":{"@id":"https:\/\/clubs.inverseteams.com\/de\/produkt\/bermuda-19925\/#breadcrumb"},"inLanguage":"de","potentialAction":[{"@type":"ReadAction","target":["https:\/\/clubs.inverseteams.com\/de\/produkt\/bermuda-19925\/"]}]},{"@type":"ImageObject","inLanguage":"de","@id":"https:\/\/clubs.inverseteams.com\/de\/produkt\/bermuda-19925\/#primaryimage","url":"https:\/\/clubs.inverseteams.com\/wp-content\/uploads\/BERMUDA-1-2.png","contentUrl":"https:\/\/clubs.inverseteams.com\/wp-content\/uploads\/BERMUDA-1-2.png","width":900,"height":990},{"@type":"BreadcrumbList","@id":"https:\/\/clubs.inverseteams.com\/de\/produkt\/bermuda-19925\/#breadcrumb","itemListElement":[{"@type":"ListItem","position":1,"name":"Portada","item":"https:\/\/clubs.inverseteams.com\/de\/"},{"@type":"ListItem","position":2,"name":"Produkte","item":"https:\/\/clubs.inverseteams.com\/de\/shop\/"},{"@type":"ListItem","position":3,"name":"Bermuda"}]},{"@type":"WebSite","@id":"https:\/\/clubs.inverseteams.com\/de\/#website","url":"https:\/\/clubs.inverseteams.com\/de\/","name":"INVERSE","description":"CUSTOM SPORTSWEAR","potentialAction":[{"@type":"SearchAction","target":{"@type":"EntryPoint","urlTemplate":"https:\/\/clubs.inverseteams.com\/de\/?s={search_term_string}"},"query-input":{"@type":"PropertyValueSpecification","valueRequired":true,"valueName":"search_term_string"}}],"inLanguage":"de"}]}},"_links":{"self":[{"href":"https:\/\/clubs.inverseteams.com\/de\/wp-json\/wp\/v2\/product\/28378","targetHints":{"allow":["GET"]}}],"collection":[{"href":"https:\/\/clubs.inverseteams.com\/de\/wp-json\/wp\/v2\/product"}],"about":[{"href":"https:\/\/clubs.inverseteams.com\/de\/wp-json\/wp\/v2\/types\/product"}],"replies":[{"embeddable":true,"href":"https:\/\/clubs.inverseteams.com\/de\/wp-json\/wp\/v2\/comments?post=28378"}],"wp:featuredmedia":[{"embeddable":true,"href":"https:\/\/clubs.inverseteams.com\/de\/wp-json\/wp\/v2\/media\/28400"}],"wp:attachment":[{"href":"https:\/\/clubs.inverseteams.com\/de\/wp-json\/wp\/v2\/media?parent=28378"}],"wp:term":[{"taxonomy":"sports","embeddable":true,"href":"https:\/\/clubs.inverseteams.com\/de\/wp-json\/wp\/v2\/sports?post=28378"},{"taxonomy":"customization-type","embeddable":true,"href":"https:\/\/clubs.inverseteams.com\/de\/wp-json\/wp\/v2\/customization-type?post=28378"},{"taxonomy":"product_brand","embeddable":true,"href":"https:\/\/clubs.inverseteams.com\/de\/wp-json\/wp\/v2\/product_brand?post=28378"},{"taxonomy":"product_cat","embeddable":true,"href":"https:\/\/clubs.inverseteams.com\/de\/wp-json\/wp\/v2\/product_cat?post=28378"},{"taxonomy":"product_tag","embeddable":true,"href":"https:\/\/clubs.inverseteams.com\/de\/wp-json\/wp\/v2\/product_tag?post=28378"}],"curies":[{"name":"wp","href":"https:\/\/api.w.org\/{rel}","templated":true}]}}