{"id":42493,"date":"2026-02-04T12:10:48","date_gmt":"2026-02-04T12:10:48","guid":{"rendered":"https:\/\/clubs.inverseteams.com\/?post_type=product&#038;p=42493"},"modified":"2026-02-04T12:10:48","modified_gmt":"2026-02-04T12:10:48","slug":"camiseta-tirantes-mujer-veloce-20241","status":"publish","type":"product","link":"https:\/\/clubs.inverseteams.com\/de\/produkt\/camiseta-tirantes-mujer-veloce-20241\/","title":{"rendered":"Camiseta tirantes VELOCE"},"content":{"rendered":"<p>Dise\u00f1o y tecnolog\u00eda se combinan perfectamente en esta camiseta t\u00e9cnica de running. Su patronaje, ligereza y suavidad te har\u00e1n sentir muy confortable durante el entreno o la competici\u00f3n. Es una camiseta ideal para los d\u00edas soleados.<br \/>\nEl acabado Dual Confort System del tejido regula la temperatura corporal y evita el sobrecalentamiento de la piel. Adem\u00e1s, la estructura de sus filamentos permite expulsar r\u00e1pidamente el sudor hacia el exterior para mantener tu piel seca.<br \/>\nLa nueva camiseta de running te ayudar\u00e1 a optimizar tus esfuerzos y a disfrutar del deporte al aire libre.<\/p>\n","protected":false},"excerpt":{"rendered":"<p>Dise\u00f1o y tecnolog\u00eda se combinan perfectamente en esta camiseta t\u00e9cnica de running. Su patronaje, ligereza y suavidad te har\u00e1n sentir muy confortable durante el entreno o la competici\u00f3n. Es una camiseta ideal para los d\u00edas soleados.<br \/>\nEl acabado Dual Confort System del tejido regula la temperatura corporal y evita el sobrecalentamiento de la piel. Adem\u00e1s, la estructura de sus filamentos permite expulsar r\u00e1pidamente el sudor hacia el exterior para mantener tu piel seca.<br \/>\nLa nueva camiseta de running te ayudar\u00e1 a optimizar tus esfuerzos y a disfrutar del deporte al aire libre.<\/p>\n","protected":false},"featured_media":46831,"comment_status":"closed","ping_status":"closed","template":"","meta":{"_acf_changed":false},"sports":[163],"customization-type":[],"product_brand":[],"product_cat":[945],"product_tag":[],"class_list":{"0":"post-42493","1":"product","2":"type-product","3":"status-publish","4":"has-post-thumbnail","6":"sports-running","7":"product_cat-epilacorre","8":"product_shipping_class-envio-gratis","10":"first","11":"instock","12":"taxable","13":"shipping-taxable","14":"product-type-variable","15":"grid-item running"},"acf":[],"yoast_head":"<!-- This site is optimized with the Yoast SEO plugin v27.1.1 - https:\/\/yoast.com\/product\/yoast-seo-wordpress\/ -->\n<title>Camiseta tirantes VELOCE - INVERSE<\/title>\n<meta name=\"robots\" content=\"index, follow, max-snippet:-1, max-image-preview:large, max-video-preview:-1\" \/>\n<link rel=\"canonical\" href=\"https:\/\/clubs.inverseteams.com\/de\/produkt\/camiseta-tirantes-mujer-veloce-20241\/\" \/>\n<meta property=\"og:locale\" content=\"de_DE\" \/>\n<meta property=\"og:type\" content=\"article\" \/>\n<meta property=\"og:title\" content=\"Camiseta tirantes VELOCE - INVERSE\" \/>\n<meta property=\"og:description\" content=\"Dise\u00f1o y tecnolog\u00eda se combinan perfectamente en esta camiseta t\u00e9cnica de running. Su patronaje, ligereza y suavidad te har\u00e1n sentir muy confortable durante el entreno o la competici\u00f3n. Es una camiseta ideal para los d\u00edas soleados. El acabado Dual Confort System del tejido regula la temperatura corporal y evita el sobrecalentamiento de la piel. Adem\u00e1s, la estructura de sus filamentos permite expulsar r\u00e1pidamente el sudor hacia el exterior para mantener tu piel seca. La nueva camiseta de running te ayudar\u00e1 a optimizar tus esfuerzos y a disfrutar del deporte al aire libre.\" \/>\n<meta property=\"og:url\" content=\"https:\/\/clubs.inverseteams.com\/de\/produkt\/camiseta-tirantes-mujer-veloce-20241\/\" \/>\n<meta property=\"og:site_name\" content=\"INVERSE\" \/>\n<meta property=\"og:image\" content=\"https:\/\/clubs.inverseteams.com\/wp-content\/uploads\/EPILACORRE-CAMISETA-CT-VELOCE-MUJER-1.png\" \/>\n\t<meta property=\"og:image:width\" content=\"900\" \/>\n\t<meta property=\"og:image:height\" content=\"990\" \/>\n\t<meta property=\"og:image:type\" content=\"image\/png\" \/>\n<meta name=\"twitter:card\" content=\"summary_large_image\" \/>\n<meta name=\"twitter:label1\" content=\"Gesch\u00e4tzte Lesezeit\" \/>\n\t<meta name=\"twitter:data1\" content=\"1\u00a0Minute\" \/>\n<script type=\"application\/ld+json\" class=\"yoast-schema-graph\">{\"@context\":\"https:\/\/schema.org\",\"@graph\":[{\"@type\":\"WebPage\",\"@id\":\"https:\/\/clubs.inverseteams.com\/de\/produkt\/camiseta-tirantes-mujer-veloce-20241\/\",\"url\":\"https:\/\/clubs.inverseteams.com\/de\/produkt\/camiseta-tirantes-mujer-veloce-20241\/\",\"name\":\"Camiseta tirantes VELOCE - INVERSE\",\"isPartOf\":{\"@id\":\"https:\/\/clubs.inverseteams.com\/de\/#website\"},\"primaryImageOfPage\":{\"@id\":\"https:\/\/clubs.inverseteams.com\/de\/produkt\/camiseta-tirantes-mujer-veloce-20241\/#primaryimage\"},\"image\":{\"@id\":\"https:\/\/clubs.inverseteams.com\/de\/produkt\/camiseta-tirantes-mujer-veloce-20241\/#primaryimage\"},\"thumbnailUrl\":\"https:\/\/clubs.inverseteams.com\/wp-content\/uploads\/EPILACORRE-CAMISETA-CT-VELOCE-MUJER-1.png\",\"datePublished\":\"2026-02-04T12:10:48+00:00\",\"breadcrumb\":{\"@id\":\"https:\/\/clubs.inverseteams.com\/de\/produkt\/camiseta-tirantes-mujer-veloce-20241\/#breadcrumb\"},\"inLanguage\":\"de\",\"potentialAction\":[{\"@type\":\"ReadAction\",\"target\":[\"https:\/\/clubs.inverseteams.com\/de\/produkt\/camiseta-tirantes-mujer-veloce-20241\/\"]}]},{\"@type\":\"ImageObject\",\"inLanguage\":\"de\",\"@id\":\"https:\/\/clubs.inverseteams.com\/de\/produkt\/camiseta-tirantes-mujer-veloce-20241\/#primaryimage\",\"url\":\"https:\/\/clubs.inverseteams.com\/wp-content\/uploads\/EPILACORRE-CAMISETA-CT-VELOCE-MUJER-1.png\",\"contentUrl\":\"https:\/\/clubs.inverseteams.com\/wp-content\/uploads\/EPILACORRE-CAMISETA-CT-VELOCE-MUJER-1.png\",\"width\":900,\"height\":990},{\"@type\":\"BreadcrumbList\",\"@id\":\"https:\/\/clubs.inverseteams.com\/de\/produkt\/camiseta-tirantes-mujer-veloce-20241\/#breadcrumb\",\"itemListElement\":[{\"@type\":\"ListItem\",\"position\":1,\"name\":\"Portada\",\"item\":\"https:\/\/clubs.inverseteams.com\/de\/\"},{\"@type\":\"ListItem\",\"position\":2,\"name\":\"Produkte\",\"item\":\"https:\/\/clubs.inverseteams.com\/de\/shop\/\"},{\"@type\":\"ListItem\",\"position\":3,\"name\":\"Camiseta tirantes VELOCE\"}]},{\"@type\":\"WebSite\",\"@id\":\"https:\/\/clubs.inverseteams.com\/de\/#website\",\"url\":\"https:\/\/clubs.inverseteams.com\/de\/\",\"name\":\"INVERSE\",\"description\":\"CUSTOM SPORTSWEAR\",\"potentialAction\":[{\"@type\":\"SearchAction\",\"target\":{\"@type\":\"EntryPoint\",\"urlTemplate\":\"https:\/\/clubs.inverseteams.com\/de\/?s={search_term_string}\"},\"query-input\":{\"@type\":\"PropertyValueSpecification\",\"valueRequired\":true,\"valueName\":\"search_term_string\"}}],\"inLanguage\":\"de\"}]}<\/script>\n<!-- \/ Yoast SEO plugin. -->","yoast_head_json":{"title":"Camiseta tirantes VELOCE - INVERSE","robots":{"index":"index","follow":"follow","max-snippet":"max-snippet:-1","max-image-preview":"max-image-preview:large","max-video-preview":"max-video-preview:-1"},"canonical":"https:\/\/clubs.inverseteams.com\/de\/produkt\/camiseta-tirantes-mujer-veloce-20241\/","og_locale":"de_DE","og_type":"article","og_title":"Camiseta tirantes VELOCE - INVERSE","og_description":"Dise\u00f1o y tecnolog\u00eda se combinan perfectamente en esta camiseta t\u00e9cnica de running. Su patronaje, ligereza y suavidad te har\u00e1n sentir muy confortable durante el entreno o la competici\u00f3n. Es una camiseta ideal para los d\u00edas soleados. El acabado Dual Confort System del tejido regula la temperatura corporal y evita el sobrecalentamiento de la piel. Adem\u00e1s, la estructura de sus filamentos permite expulsar r\u00e1pidamente el sudor hacia el exterior para mantener tu piel seca. La nueva camiseta de running te ayudar\u00e1 a optimizar tus esfuerzos y a disfrutar del deporte al aire libre.","og_url":"https:\/\/clubs.inverseteams.com\/de\/produkt\/camiseta-tirantes-mujer-veloce-20241\/","og_site_name":"INVERSE","og_image":[{"width":900,"height":990,"url":"https:\/\/clubs.inverseteams.com\/wp-content\/uploads\/EPILACORRE-CAMISETA-CT-VELOCE-MUJER-1.png","type":"image\/png"}],"twitter_card":"summary_large_image","twitter_misc":{"Gesch\u00e4tzte Lesezeit":"1\u00a0Minute"},"schema":{"@context":"https:\/\/schema.org","@graph":[{"@type":"WebPage","@id":"https:\/\/clubs.inverseteams.com\/de\/produkt\/camiseta-tirantes-mujer-veloce-20241\/","url":"https:\/\/clubs.inverseteams.com\/de\/produkt\/camiseta-tirantes-mujer-veloce-20241\/","name":"Camiseta tirantes VELOCE - INVERSE","isPartOf":{"@id":"https:\/\/clubs.inverseteams.com\/de\/#website"},"primaryImageOfPage":{"@id":"https:\/\/clubs.inverseteams.com\/de\/produkt\/camiseta-tirantes-mujer-veloce-20241\/#primaryimage"},"image":{"@id":"https:\/\/clubs.inverseteams.com\/de\/produkt\/camiseta-tirantes-mujer-veloce-20241\/#primaryimage"},"thumbnailUrl":"https:\/\/clubs.inverseteams.com\/wp-content\/uploads\/EPILACORRE-CAMISETA-CT-VELOCE-MUJER-1.png","datePublished":"2026-02-04T12:10:48+00:00","breadcrumb":{"@id":"https:\/\/clubs.inverseteams.com\/de\/produkt\/camiseta-tirantes-mujer-veloce-20241\/#breadcrumb"},"inLanguage":"de","potentialAction":[{"@type":"ReadAction","target":["https:\/\/clubs.inverseteams.com\/de\/produkt\/camiseta-tirantes-mujer-veloce-20241\/"]}]},{"@type":"ImageObject","inLanguage":"de","@id":"https:\/\/clubs.inverseteams.com\/de\/produkt\/camiseta-tirantes-mujer-veloce-20241\/#primaryimage","url":"https:\/\/clubs.inverseteams.com\/wp-content\/uploads\/EPILACORRE-CAMISETA-CT-VELOCE-MUJER-1.png","contentUrl":"https:\/\/clubs.inverseteams.com\/wp-content\/uploads\/EPILACORRE-CAMISETA-CT-VELOCE-MUJER-1.png","width":900,"height":990},{"@type":"BreadcrumbList","@id":"https:\/\/clubs.inverseteams.com\/de\/produkt\/camiseta-tirantes-mujer-veloce-20241\/#breadcrumb","itemListElement":[{"@type":"ListItem","position":1,"name":"Portada","item":"https:\/\/clubs.inverseteams.com\/de\/"},{"@type":"ListItem","position":2,"name":"Produkte","item":"https:\/\/clubs.inverseteams.com\/de\/shop\/"},{"@type":"ListItem","position":3,"name":"Camiseta tirantes VELOCE"}]},{"@type":"WebSite","@id":"https:\/\/clubs.inverseteams.com\/de\/#website","url":"https:\/\/clubs.inverseteams.com\/de\/","name":"INVERSE","description":"CUSTOM SPORTSWEAR","potentialAction":[{"@type":"SearchAction","target":{"@type":"EntryPoint","urlTemplate":"https:\/\/clubs.inverseteams.com\/de\/?s={search_term_string}"},"query-input":{"@type":"PropertyValueSpecification","valueRequired":true,"valueName":"search_term_string"}}],"inLanguage":"de"}]}},"_links":{"self":[{"href":"https:\/\/clubs.inverseteams.com\/de\/wp-json\/wp\/v2\/product\/42493","targetHints":{"allow":["GET"]}}],"collection":[{"href":"https:\/\/clubs.inverseteams.com\/de\/wp-json\/wp\/v2\/product"}],"about":[{"href":"https:\/\/clubs.inverseteams.com\/de\/wp-json\/wp\/v2\/types\/product"}],"replies":[{"embeddable":true,"href":"https:\/\/clubs.inverseteams.com\/de\/wp-json\/wp\/v2\/comments?post=42493"}],"wp:featuredmedia":[{"embeddable":true,"href":"https:\/\/clubs.inverseteams.com\/de\/wp-json\/wp\/v2\/media\/46831"}],"wp:attachment":[{"href":"https:\/\/clubs.inverseteams.com\/de\/wp-json\/wp\/v2\/media?parent=42493"}],"wp:term":[{"taxonomy":"sports","embeddable":true,"href":"https:\/\/clubs.inverseteams.com\/de\/wp-json\/wp\/v2\/sports?post=42493"},{"taxonomy":"customization-type","embeddable":true,"href":"https:\/\/clubs.inverseteams.com\/de\/wp-json\/wp\/v2\/customization-type?post=42493"},{"taxonomy":"product_brand","embeddable":true,"href":"https:\/\/clubs.inverseteams.com\/de\/wp-json\/wp\/v2\/product_brand?post=42493"},{"taxonomy":"product_cat","embeddable":true,"href":"https:\/\/clubs.inverseteams.com\/de\/wp-json\/wp\/v2\/product_cat?post=42493"},{"taxonomy":"product_tag","embeddable":true,"href":"https:\/\/clubs.inverseteams.com\/de\/wp-json\/wp\/v2\/product_tag?post=42493"}],"curies":[{"name":"wp","href":"https:\/\/api.w.org\/{rel}","templated":true}]}}