{"id":73835,"date":"2026-01-12T09:52:24","date_gmt":"2026-01-12T09:52:24","guid":{"rendered":"https:\/\/clubs.inverseteams.com\/?post_type=product&#038;p=73835"},"modified":"2026-01-19T16:37:03","modified_gmt":"2026-01-19T16:37:03","slug":"tritraje-larga-distancia-manga-corta-terram-20358","status":"publish","type":"product","link":"https:\/\/clubs.inverseteams.com\/de\/produkt\/tritraje-larga-distancia-manga-corta-terram-20358\/","title":{"rendered":"Tritraje larga distancia manga corta TERRAM"},"content":{"rendered":"<p>La parte superior del mono est\u00e1 fabricada con un tejido s\u00faper ligero de estructura abierta que te permitir\u00e1 evacuar r\u00e1pidamente el sudor. De este modo podr\u00e1s rendir al m\u00e1ximo en pruebas de larga duraci\u00f3n. La elasticidad y ligereza de su tejido te permitir\u00e1 una total libertad de movimientos y no sentir\u00e1s ninguna molestia durante las diferentes etapas del triatl\u00f3n. El cuello est\u00e1 finalizado con el ribete Evolution. Es fino y suave y no provoca ning\u00fan tipo de rozadura. Adem\u00e1s, es el\u00e1stico y se adapta perfectamente al cuello para evitar lo m\u00e1ximo posible la entrada de agua durante la nataci\u00f3n o de aire durante el ciclismo. Las mangas tienen un grip interior en el pu\u00f1o para que siempre est\u00e9n bien ajustadas y aumenten notablemente tu aerodin\u00e1mica. A parte, son esenciales para proteger tus hombros del sol. La cremallera el\u00e1stica se adapta a todas las posiciones sin incomodarte. En la zona lumbar hay un bolsillo el\u00e1stico de rejilla que expulsa r\u00e1pidamente el agua y es muy \u00fatil para guardar las barritas nutritivas. Al final de las piernas tiene una banda el\u00e1stica microperforada con un grip de silicona hipoalerg\u00e9nica en su interior. \u00c9sta evita que aumente la sudoraci\u00f3n y mantiene la prenda bien sujeta a la pierna. Todos los paneles que conforman el mono de triatl\u00f3n han sido dise\u00f1ados para adaptarse a todas las posiciones y optimizar tu rendimiento. Las costuras planas que los unen son super resistentes y adem\u00e1s aportan un dise\u00f1o muy atractivo a la prenda.<\/p>\n","protected":false},"excerpt":{"rendered":"<p>La parte superior del mono est\u00e1 fabricada con un tejido s\u00faper ligero de estructura abierta que te permitir\u00e1 evacuar r\u00e1pidamente el sudor. De este modo podr\u00e1s rendir al m\u00e1ximo en pruebas de larga duraci\u00f3n. La elasticidad y ligereza de su tejido te permitir\u00e1 una total libertad de movimientos y no sentir\u00e1s ninguna molestia durante las diferentes etapas del triatl\u00f3n. El cuello est\u00e1 finalizado con el ribete Evolution. Es fino y suave y no provoca ning\u00fan tipo de rozadura. Adem\u00e1s, es el\u00e1stico y se adapta perfectamente al cuello para evitar lo m\u00e1ximo posible la entrada de agua durante la nataci\u00f3n o de aire durante el ciclismo. Las mangas tienen un grip interior en el pu\u00f1o para que siempre est\u00e9n bien ajustadas y aumenten notablemente tu aerodin\u00e1mica. A parte, son esenciales para proteger tus hombros del sol. La cremallera el\u00e1stica se adapta a todas las posiciones sin incomodarte. En la zona lumbar hay un bolsillo el\u00e1stico de rejilla que expulsa r\u00e1pidamente el agua y es muy \u00fatil para guardar las barritas nutritivas. Al final de las piernas tiene una banda el\u00e1stica microperforada con un grip de silicona hipoalerg\u00e9nica en su interior. \u00c9sta evita que aumente la sudoraci\u00f3n y mantiene la prenda bien sujeta a la pierna. Todos los paneles que conforman el mono de triatl\u00f3n han sido dise\u00f1ados para adaptarse a todas las posiciones y optimizar tu rendimiento. Las costuras planas que los unen son super resistentes y adem\u00e1s aportan un dise\u00f1o muy atractivo a la prenda.<\/p>\n","protected":false},"featured_media":80988,"comment_status":"closed","ping_status":"closed","template":"","meta":{"_acf_changed":false},"sports":[168],"customization-type":[],"product_brand":[],"product_cat":[1067],"product_tag":[],"class_list":{"0":"post-73835","1":"product","2":"type-product","3":"status-publish","4":"has-post-thumbnail","6":"sports-triatlon","7":"product_cat-cn-pabellon-ourense","8":"product_shipping_class-envio-gratis","10":"first","11":"instock","12":"taxable","13":"shipping-taxable","14":"product-type-variable","15":"grid-item triatlon"},"acf":[],"yoast_head":"<!-- This site is optimized with the Yoast SEO plugin v27.1.1 - https:\/\/yoast.com\/product\/yoast-seo-wordpress\/ -->\n<title>Tritraje larga distancia manga corta TERRAM - INVERSE<\/title>\n<meta name=\"robots\" content=\"index, follow, max-snippet:-1, max-image-preview:large, max-video-preview:-1\" \/>\n<link rel=\"canonical\" href=\"https:\/\/clubs.inverseteams.com\/de\/produkt\/tritraje-larga-distancia-manga-corta-terram-20358\/\" \/>\n<meta property=\"og:locale\" content=\"de_DE\" \/>\n<meta property=\"og:type\" content=\"article\" \/>\n<meta property=\"og:title\" content=\"Tritraje larga distancia manga corta TERRAM - INVERSE\" \/>\n<meta property=\"og:description\" content=\"La parte superior del mono est\u00e1 fabricada con un tejido s\u00faper ligero de estructura abierta que te permitir\u00e1 evacuar r\u00e1pidamente el sudor. De este modo podr\u00e1s rendir al m\u00e1ximo en pruebas de larga duraci\u00f3n. La elasticidad y ligereza de su tejido te permitir\u00e1 una total libertad de movimientos y no sentir\u00e1s ninguna molestia durante las diferentes etapas del triatl\u00f3n. El cuello est\u00e1 finalizado con el ribete Evolution. Es fino y suave y no provoca ning\u00fan tipo de rozadura. Adem\u00e1s, es el\u00e1stico y se adapta perfectamente al cuello para evitar lo m\u00e1ximo posible la entrada de agua durante la nataci\u00f3n o de aire durante el ciclismo. Las mangas tienen un grip interior en el pu\u00f1o para que siempre est\u00e9n bien ajustadas y aumenten notablemente tu aerodin\u00e1mica. A parte, son esenciales para proteger tus hombros del sol. La cremallera el\u00e1stica se adapta a todas las posiciones sin incomodarte. En la zona lumbar hay un bolsillo el\u00e1stico de rejilla que expulsa r\u00e1pidamente el agua y es muy \u00fatil para guardar las barritas nutritivas. Al final de las piernas tiene una banda el\u00e1stica microperforada con un grip de silicona hipoalerg\u00e9nica en su interior. \u00c9sta evita que aumente la sudoraci\u00f3n y mantiene la prenda bien sujeta a la pierna. Todos los paneles que conforman el mono de triatl\u00f3n han sido dise\u00f1ados para adaptarse a todas las posiciones y optimizar tu rendimiento. Las costuras planas que los unen son super resistentes y adem\u00e1s aportan un dise\u00f1o muy atractivo a la prenda.\" \/>\n<meta property=\"og:url\" content=\"https:\/\/clubs.inverseteams.com\/de\/produkt\/tritraje-larga-distancia-manga-corta-terram-20358\/\" \/>\n<meta property=\"og:site_name\" content=\"INVERSE\" \/>\n<meta property=\"article:modified_time\" content=\"2026-01-19T16:37:03+00:00\" \/>\n<meta property=\"og:image\" content=\"https:\/\/clubs.inverseteams.com\/wp-content\/uploads\/CNPO-TRITRAJE-MC-1.png\" \/>\n\t<meta property=\"og:image:width\" content=\"900\" \/>\n\t<meta property=\"og:image:height\" content=\"990\" \/>\n\t<meta property=\"og:image:type\" content=\"image\/png\" \/>\n<meta name=\"twitter:card\" content=\"summary_large_image\" \/>\n<meta name=\"twitter:label1\" content=\"Gesch\u00e4tzte Lesezeit\" \/>\n\t<meta name=\"twitter:data1\" content=\"2\u00a0Minuten\" \/>\n<script type=\"application\/ld+json\" class=\"yoast-schema-graph\">{\"@context\":\"https:\/\/schema.org\",\"@graph\":[{\"@type\":\"WebPage\",\"@id\":\"https:\/\/clubs.inverseteams.com\/de\/produkt\/tritraje-larga-distancia-manga-corta-terram-20358\/\",\"url\":\"https:\/\/clubs.inverseteams.com\/de\/produkt\/tritraje-larga-distancia-manga-corta-terram-20358\/\",\"name\":\"Tritraje larga distancia manga corta TERRAM - INVERSE\",\"isPartOf\":{\"@id\":\"https:\/\/clubs.inverseteams.com\/de\/#website\"},\"primaryImageOfPage\":{\"@id\":\"https:\/\/clubs.inverseteams.com\/de\/produkt\/tritraje-larga-distancia-manga-corta-terram-20358\/#primaryimage\"},\"image\":{\"@id\":\"https:\/\/clubs.inverseteams.com\/de\/produkt\/tritraje-larga-distancia-manga-corta-terram-20358\/#primaryimage\"},\"thumbnailUrl\":\"https:\/\/clubs.inverseteams.com\/wp-content\/uploads\/CNPO-TRITRAJE-MC-1.png\",\"datePublished\":\"2026-01-12T09:52:24+00:00\",\"dateModified\":\"2026-01-19T16:37:03+00:00\",\"breadcrumb\":{\"@id\":\"https:\/\/clubs.inverseteams.com\/de\/produkt\/tritraje-larga-distancia-manga-corta-terram-20358\/#breadcrumb\"},\"inLanguage\":\"de\",\"potentialAction\":[{\"@type\":\"ReadAction\",\"target\":[\"https:\/\/clubs.inverseteams.com\/de\/produkt\/tritraje-larga-distancia-manga-corta-terram-20358\/\"]}]},{\"@type\":\"ImageObject\",\"inLanguage\":\"de\",\"@id\":\"https:\/\/clubs.inverseteams.com\/de\/produkt\/tritraje-larga-distancia-manga-corta-terram-20358\/#primaryimage\",\"url\":\"https:\/\/clubs.inverseteams.com\/wp-content\/uploads\/CNPO-TRITRAJE-MC-1.png\",\"contentUrl\":\"https:\/\/clubs.inverseteams.com\/wp-content\/uploads\/CNPO-TRITRAJE-MC-1.png\",\"width\":900,\"height\":990},{\"@type\":\"BreadcrumbList\",\"@id\":\"https:\/\/clubs.inverseteams.com\/de\/produkt\/tritraje-larga-distancia-manga-corta-terram-20358\/#breadcrumb\",\"itemListElement\":[{\"@type\":\"ListItem\",\"position\":1,\"name\":\"Portada\",\"item\":\"https:\/\/clubs.inverseteams.com\/de\/\"},{\"@type\":\"ListItem\",\"position\":2,\"name\":\"Produkte\",\"item\":\"https:\/\/clubs.inverseteams.com\/de\/shop\/\"},{\"@type\":\"ListItem\",\"position\":3,\"name\":\"Tritraje larga distancia manga corta TERRAM\"}]},{\"@type\":\"WebSite\",\"@id\":\"https:\/\/clubs.inverseteams.com\/de\/#website\",\"url\":\"https:\/\/clubs.inverseteams.com\/de\/\",\"name\":\"INVERSE\",\"description\":\"CUSTOM SPORTSWEAR\",\"potentialAction\":[{\"@type\":\"SearchAction\",\"target\":{\"@type\":\"EntryPoint\",\"urlTemplate\":\"https:\/\/clubs.inverseteams.com\/de\/?s={search_term_string}\"},\"query-input\":{\"@type\":\"PropertyValueSpecification\",\"valueRequired\":true,\"valueName\":\"search_term_string\"}}],\"inLanguage\":\"de\"}]}<\/script>\n<!-- \/ Yoast SEO plugin. -->","yoast_head_json":{"title":"Tritraje larga distancia manga corta TERRAM - INVERSE","robots":{"index":"index","follow":"follow","max-snippet":"max-snippet:-1","max-image-preview":"max-image-preview:large","max-video-preview":"max-video-preview:-1"},"canonical":"https:\/\/clubs.inverseteams.com\/de\/produkt\/tritraje-larga-distancia-manga-corta-terram-20358\/","og_locale":"de_DE","og_type":"article","og_title":"Tritraje larga distancia manga corta TERRAM - INVERSE","og_description":"La parte superior del mono est\u00e1 fabricada con un tejido s\u00faper ligero de estructura abierta que te permitir\u00e1 evacuar r\u00e1pidamente el sudor. De este modo podr\u00e1s rendir al m\u00e1ximo en pruebas de larga duraci\u00f3n. La elasticidad y ligereza de su tejido te permitir\u00e1 una total libertad de movimientos y no sentir\u00e1s ninguna molestia durante las diferentes etapas del triatl\u00f3n. El cuello est\u00e1 finalizado con el ribete Evolution. Es fino y suave y no provoca ning\u00fan tipo de rozadura. Adem\u00e1s, es el\u00e1stico y se adapta perfectamente al cuello para evitar lo m\u00e1ximo posible la entrada de agua durante la nataci\u00f3n o de aire durante el ciclismo. Las mangas tienen un grip interior en el pu\u00f1o para que siempre est\u00e9n bien ajustadas y aumenten notablemente tu aerodin\u00e1mica. A parte, son esenciales para proteger tus hombros del sol. La cremallera el\u00e1stica se adapta a todas las posiciones sin incomodarte. En la zona lumbar hay un bolsillo el\u00e1stico de rejilla que expulsa r\u00e1pidamente el agua y es muy \u00fatil para guardar las barritas nutritivas. Al final de las piernas tiene una banda el\u00e1stica microperforada con un grip de silicona hipoalerg\u00e9nica en su interior. \u00c9sta evita que aumente la sudoraci\u00f3n y mantiene la prenda bien sujeta a la pierna. Todos los paneles que conforman el mono de triatl\u00f3n han sido dise\u00f1ados para adaptarse a todas las posiciones y optimizar tu rendimiento. Las costuras planas que los unen son super resistentes y adem\u00e1s aportan un dise\u00f1o muy atractivo a la prenda.","og_url":"https:\/\/clubs.inverseteams.com\/de\/produkt\/tritraje-larga-distancia-manga-corta-terram-20358\/","og_site_name":"INVERSE","article_modified_time":"2026-01-19T16:37:03+00:00","og_image":[{"width":900,"height":990,"url":"https:\/\/clubs.inverseteams.com\/wp-content\/uploads\/CNPO-TRITRAJE-MC-1.png","type":"image\/png"}],"twitter_card":"summary_large_image","twitter_misc":{"Gesch\u00e4tzte Lesezeit":"2\u00a0Minuten"},"schema":{"@context":"https:\/\/schema.org","@graph":[{"@type":"WebPage","@id":"https:\/\/clubs.inverseteams.com\/de\/produkt\/tritraje-larga-distancia-manga-corta-terram-20358\/","url":"https:\/\/clubs.inverseteams.com\/de\/produkt\/tritraje-larga-distancia-manga-corta-terram-20358\/","name":"Tritraje larga distancia manga corta TERRAM - INVERSE","isPartOf":{"@id":"https:\/\/clubs.inverseteams.com\/de\/#website"},"primaryImageOfPage":{"@id":"https:\/\/clubs.inverseteams.com\/de\/produkt\/tritraje-larga-distancia-manga-corta-terram-20358\/#primaryimage"},"image":{"@id":"https:\/\/clubs.inverseteams.com\/de\/produkt\/tritraje-larga-distancia-manga-corta-terram-20358\/#primaryimage"},"thumbnailUrl":"https:\/\/clubs.inverseteams.com\/wp-content\/uploads\/CNPO-TRITRAJE-MC-1.png","datePublished":"2026-01-12T09:52:24+00:00","dateModified":"2026-01-19T16:37:03+00:00","breadcrumb":{"@id":"https:\/\/clubs.inverseteams.com\/de\/produkt\/tritraje-larga-distancia-manga-corta-terram-20358\/#breadcrumb"},"inLanguage":"de","potentialAction":[{"@type":"ReadAction","target":["https:\/\/clubs.inverseteams.com\/de\/produkt\/tritraje-larga-distancia-manga-corta-terram-20358\/"]}]},{"@type":"ImageObject","inLanguage":"de","@id":"https:\/\/clubs.inverseteams.com\/de\/produkt\/tritraje-larga-distancia-manga-corta-terram-20358\/#primaryimage","url":"https:\/\/clubs.inverseteams.com\/wp-content\/uploads\/CNPO-TRITRAJE-MC-1.png","contentUrl":"https:\/\/clubs.inverseteams.com\/wp-content\/uploads\/CNPO-TRITRAJE-MC-1.png","width":900,"height":990},{"@type":"BreadcrumbList","@id":"https:\/\/clubs.inverseteams.com\/de\/produkt\/tritraje-larga-distancia-manga-corta-terram-20358\/#breadcrumb","itemListElement":[{"@type":"ListItem","position":1,"name":"Portada","item":"https:\/\/clubs.inverseteams.com\/de\/"},{"@type":"ListItem","position":2,"name":"Produkte","item":"https:\/\/clubs.inverseteams.com\/de\/shop\/"},{"@type":"ListItem","position":3,"name":"Tritraje larga distancia manga corta TERRAM"}]},{"@type":"WebSite","@id":"https:\/\/clubs.inverseteams.com\/de\/#website","url":"https:\/\/clubs.inverseteams.com\/de\/","name":"INVERSE","description":"CUSTOM SPORTSWEAR","potentialAction":[{"@type":"SearchAction","target":{"@type":"EntryPoint","urlTemplate":"https:\/\/clubs.inverseteams.com\/de\/?s={search_term_string}"},"query-input":{"@type":"PropertyValueSpecification","valueRequired":true,"valueName":"search_term_string"}}],"inLanguage":"de"}]}},"_links":{"self":[{"href":"https:\/\/clubs.inverseteams.com\/de\/wp-json\/wp\/v2\/product\/73835","targetHints":{"allow":["GET"]}}],"collection":[{"href":"https:\/\/clubs.inverseteams.com\/de\/wp-json\/wp\/v2\/product"}],"about":[{"href":"https:\/\/clubs.inverseteams.com\/de\/wp-json\/wp\/v2\/types\/product"}],"replies":[{"embeddable":true,"href":"https:\/\/clubs.inverseteams.com\/de\/wp-json\/wp\/v2\/comments?post=73835"}],"wp:featuredmedia":[{"embeddable":true,"href":"https:\/\/clubs.inverseteams.com\/de\/wp-json\/wp\/v2\/media\/80988"}],"wp:attachment":[{"href":"https:\/\/clubs.inverseteams.com\/de\/wp-json\/wp\/v2\/media?parent=73835"}],"wp:term":[{"taxonomy":"sports","embeddable":true,"href":"https:\/\/clubs.inverseteams.com\/de\/wp-json\/wp\/v2\/sports?post=73835"},{"taxonomy":"customization-type","embeddable":true,"href":"https:\/\/clubs.inverseteams.com\/de\/wp-json\/wp\/v2\/customization-type?post=73835"},{"taxonomy":"product_brand","embeddable":true,"href":"https:\/\/clubs.inverseteams.com\/de\/wp-json\/wp\/v2\/product_brand?post=73835"},{"taxonomy":"product_cat","embeddable":true,"href":"https:\/\/clubs.inverseteams.com\/de\/wp-json\/wp\/v2\/product_cat?post=73835"},{"taxonomy":"product_tag","embeddable":true,"href":"https:\/\/clubs.inverseteams.com\/de\/wp-json\/wp\/v2\/product_tag?post=73835"}],"curies":[{"name":"wp","href":"https:\/\/api.w.org\/{rel}","templated":true}]}}