{"id":129874,"date":"2026-03-02T16:59:10","date_gmt":"2026-03-02T16:59:10","guid":{"rendered":"https:\/\/clubs.inverseteams.com\/?post_type=product&#038;p=129874"},"modified":"2026-03-20T11:50:42","modified_gmt":"2026-03-20T11:50:42","slug":"tritraje-aqua-20504","status":"publish","type":"product","link":"https:\/\/clubs.inverseteams.com\/en\/product\/tritraje-aqua-20504\/","title":{"rendered":"Tritraje AQUA"},"content":{"rendered":"<p>Su acabado hidr\u00f3fugo repele el agua y te ayuda a deslizarte durante la nataci\u00f3n con m\u00e1s facilidad y a secarte r\u00e1pidamente durante la transici\u00f3n. Esta propiedad es ideal para las pruebas en las que no se usa neopreno.<br \/>\nTrimono perfecto para las pruebas m\u00e1s exigentes. La elasticidad y ligereza de su tejido te permitir\u00e1 una total libertad de movimientos y no sentir\u00e1s ninguna molestia durante las diferentes etapas del triatl\u00f3n.<br \/>\nEl cuello y las sisas est\u00e1n finalizadas con el ribete Evolution. Es fino y suave y no provoca ning\u00fan tipo de rozadura. Adem\u00e1s, es el\u00e1stico y se adapta perfectamente al cuerpo para evitar lo m\u00e1ximo posible la entrada de agua durante la nataci\u00f3n o de aire durante el ciclismo.<br \/>\nLa cremallera el\u00e1stica se adapta a todas las posiciones sin incomodarte. En la zona lumbar hay un bolsillo el\u00e1stico de rejilla que expulsa r\u00e1pidamente el agua y es muy \u00fatil para guardar las barritas nutritivas. Al final de las piernas tiene una banda el\u00e1stica microperforada con un grip de silicona hipoalerg\u00e9nica en su interior. \u00c9sta evita que aumente la sudoraci\u00f3n y mantiene la prenda bien sujeta a la pierna.<br \/>\nTodos los paneles que conforman el mono de triatl\u00f3n han sido dise\u00f1ados para adaptarse a todas las posiciones y optimizar tu rendimiento. Las costuras planas que los unen son super resistentes y adem\u00e1s aportan un dise\u00f1o muy atractivo a la prenda.<\/p>\n","protected":false},"excerpt":{"rendered":"<p>Su acabado hidr\u00f3fugo repele el agua y te ayuda a deslizarte durante la nataci\u00f3n con m\u00e1s facilidad y a secarte r\u00e1pidamente durante la transici\u00f3n. Esta propiedad es ideal para las pruebas en las que no se usa neopreno.<br \/>\nTrimono perfecto para las pruebas m\u00e1s exigentes. La elasticidad y ligereza de su tejido te permitir\u00e1 una total libertad de movimientos y no sentir\u00e1s ninguna molestia durante las diferentes etapas del triatl\u00f3n.<br \/>\nEl cuello y las sisas est\u00e1n finalizadas con el ribete Evolution. Es fino y suave y no provoca ning\u00fan tipo de rozadura. Adem\u00e1s, es el\u00e1stico y se adapta perfectamente al cuerpo para evitar lo m\u00e1ximo posible la entrada de agua durante la nataci\u00f3n o de aire durante el ciclismo.<br \/>\nLa cremallera el\u00e1stica se adapta a todas las posiciones sin incomodarte. En la zona lumbar hay un bolsillo el\u00e1stico de rejilla que expulsa r\u00e1pidamente el agua y es muy \u00fatil para guardar las barritas nutritivas. Al final de las piernas tiene una banda el\u00e1stica microperforada con un grip de silicona hipoalerg\u00e9nica en su interior. \u00c9sta evita que aumente la sudoraci\u00f3n y mantiene la prenda bien sujeta a la pierna.<br \/>\nTodos los paneles que conforman el mono de triatl\u00f3n han sido dise\u00f1ados para adaptarse a todas las posiciones y optimizar tu rendimiento. Las costuras planas que los unen son super resistentes y adem\u00e1s aportan un dise\u00f1o muy atractivo a la prenda.<\/p>\n","protected":false},"featured_media":130056,"comment_status":"closed","ping_status":"closed","template":"","meta":{"_acf_changed":false},"sports":[168],"customization-type":[],"product_brand":[],"product_cat":[1193],"product_tag":[],"class_list":{"0":"post-129874","1":"product","2":"type-product","3":"status-publish","4":"has-post-thumbnail","6":"sports-triatlon","7":"product_cat-club-de-la-defense-de-varces","9":"first","10":"instock","11":"taxable","12":"shipping-taxable","13":"product-type-variable","14":"grid-item triatlon"},"acf":[],"yoast_head":"<!-- This site is optimized with the Yoast SEO plugin v27.1.1 - https:\/\/yoast.com\/product\/yoast-seo-wordpress\/ -->\n<title>Tritraje AQUA - INVERSE<\/title>\n<meta name=\"robots\" content=\"index, follow, max-snippet:-1, max-image-preview:large, max-video-preview:-1\" \/>\n<link rel=\"canonical\" href=\"https:\/\/clubs.inverseteams.com\/en\/product\/tritraje-aqua-20504\/\" \/>\n<meta property=\"og:locale\" content=\"en_US\" \/>\n<meta property=\"og:type\" content=\"article\" \/>\n<meta property=\"og:title\" content=\"Tritraje AQUA - INVERSE\" \/>\n<meta property=\"og:description\" content=\"Su acabado hidr\u00f3fugo repele el agua y te ayuda a deslizarte durante la nataci\u00f3n con m\u00e1s facilidad y a secarte r\u00e1pidamente durante la transici\u00f3n. Esta propiedad es ideal para las pruebas en las que no se usa neopreno. Trimono perfecto para las pruebas m\u00e1s exigentes. La elasticidad y ligereza de su tejido te permitir\u00e1 una total libertad de movimientos y no sentir\u00e1s ninguna molestia durante las diferentes etapas del triatl\u00f3n. El cuello y las sisas est\u00e1n finalizadas con el ribete Evolution. Es fino y suave y no provoca ning\u00fan tipo de rozadura. Adem\u00e1s, es el\u00e1stico y se adapta perfectamente al cuerpo para evitar lo m\u00e1ximo posible la entrada de agua durante la nataci\u00f3n o de aire durante el ciclismo. La cremallera el\u00e1stica se adapta a todas las posiciones sin incomodarte. En la zona lumbar hay un bolsillo el\u00e1stico de rejilla que expulsa r\u00e1pidamente el agua y es muy \u00fatil para guardar las barritas nutritivas. Al final de las piernas tiene una banda el\u00e1stica microperforada con un grip de silicona hipoalerg\u00e9nica en su interior. \u00c9sta evita que aumente la sudoraci\u00f3n y mantiene la prenda bien sujeta a la pierna. Todos los paneles que conforman el mono de triatl\u00f3n han sido dise\u00f1ados para adaptarse a todas las posiciones y optimizar tu rendimiento. Las costuras planas que los unen son super resistentes y adem\u00e1s aportan un dise\u00f1o muy atractivo a la prenda.\" \/>\n<meta property=\"og:url\" content=\"https:\/\/clubs.inverseteams.com\/en\/product\/tritraje-aqua-20504\/\" \/>\n<meta property=\"og:site_name\" content=\"INVERSE\" \/>\n<meta property=\"article:modified_time\" content=\"2026-03-20T11:50:42+00:00\" \/>\n<meta property=\"og:image\" content=\"https:\/\/clubs.inverseteams.com\/wp-content\/uploads\/VARCES-TRITRAJE-1.png\" \/>\n\t<meta property=\"og:image:width\" content=\"900\" \/>\n\t<meta property=\"og:image:height\" content=\"990\" \/>\n\t<meta property=\"og:image:type\" content=\"image\/png\" \/>\n<meta name=\"twitter:card\" content=\"summary_large_image\" \/>\n<meta name=\"twitter:label1\" content=\"Est. reading time\" \/>\n\t<meta name=\"twitter:data1\" content=\"2 minutes\" \/>\n<script type=\"application\/ld+json\" class=\"yoast-schema-graph\">{\"@context\":\"https:\/\/schema.org\",\"@graph\":[{\"@type\":\"WebPage\",\"@id\":\"https:\/\/clubs.inverseteams.com\/en\/product\/tritraje-aqua-20504\/\",\"url\":\"https:\/\/clubs.inverseteams.com\/en\/product\/tritraje-aqua-20504\/\",\"name\":\"Tritraje AQUA - INVERSE\",\"isPartOf\":{\"@id\":\"https:\/\/clubs.inverseteams.com\/en\/#website\"},\"primaryImageOfPage\":{\"@id\":\"https:\/\/clubs.inverseteams.com\/en\/product\/tritraje-aqua-20504\/#primaryimage\"},\"image\":{\"@id\":\"https:\/\/clubs.inverseteams.com\/en\/product\/tritraje-aqua-20504\/#primaryimage\"},\"thumbnailUrl\":\"https:\/\/clubs.inverseteams.com\/wp-content\/uploads\/VARCES-TRITRAJE-1.png\",\"datePublished\":\"2026-03-02T16:59:10+00:00\",\"dateModified\":\"2026-03-20T11:50:42+00:00\",\"breadcrumb\":{\"@id\":\"https:\/\/clubs.inverseteams.com\/en\/product\/tritraje-aqua-20504\/#breadcrumb\"},\"inLanguage\":\"en-US\",\"potentialAction\":[{\"@type\":\"ReadAction\",\"target\":[\"https:\/\/clubs.inverseteams.com\/en\/product\/tritraje-aqua-20504\/\"]}]},{\"@type\":\"ImageObject\",\"inLanguage\":\"en-US\",\"@id\":\"https:\/\/clubs.inverseteams.com\/en\/product\/tritraje-aqua-20504\/#primaryimage\",\"url\":\"https:\/\/clubs.inverseteams.com\/wp-content\/uploads\/VARCES-TRITRAJE-1.png\",\"contentUrl\":\"https:\/\/clubs.inverseteams.com\/wp-content\/uploads\/VARCES-TRITRAJE-1.png\",\"width\":900,\"height\":990},{\"@type\":\"BreadcrumbList\",\"@id\":\"https:\/\/clubs.inverseteams.com\/en\/product\/tritraje-aqua-20504\/#breadcrumb\",\"itemListElement\":[{\"@type\":\"ListItem\",\"position\":1,\"name\":\"Portada\",\"item\":\"https:\/\/clubs.inverseteams.com\/en\/\"},{\"@type\":\"ListItem\",\"position\":2,\"name\":\"Products\",\"item\":\"https:\/\/clubs.inverseteams.com\/en\/shop\/\"},{\"@type\":\"ListItem\",\"position\":3,\"name\":\"Tritraje AQUA\"}]},{\"@type\":\"WebSite\",\"@id\":\"https:\/\/clubs.inverseteams.com\/en\/#website\",\"url\":\"https:\/\/clubs.inverseteams.com\/en\/\",\"name\":\"INVERSE\",\"description\":\"CUSTOM SPORTSWEAR\",\"potentialAction\":[{\"@type\":\"SearchAction\",\"target\":{\"@type\":\"EntryPoint\",\"urlTemplate\":\"https:\/\/clubs.inverseteams.com\/en\/?s={search_term_string}\"},\"query-input\":{\"@type\":\"PropertyValueSpecification\",\"valueRequired\":true,\"valueName\":\"search_term_string\"}}],\"inLanguage\":\"en-US\"}]}<\/script>\n<!-- \/ Yoast SEO plugin. -->","yoast_head_json":{"title":"Tritraje AQUA - INVERSE","robots":{"index":"index","follow":"follow","max-snippet":"max-snippet:-1","max-image-preview":"max-image-preview:large","max-video-preview":"max-video-preview:-1"},"canonical":"https:\/\/clubs.inverseteams.com\/en\/product\/tritraje-aqua-20504\/","og_locale":"en_US","og_type":"article","og_title":"Tritraje AQUA - INVERSE","og_description":"Su acabado hidr\u00f3fugo repele el agua y te ayuda a deslizarte durante la nataci\u00f3n con m\u00e1s facilidad y a secarte r\u00e1pidamente durante la transici\u00f3n. Esta propiedad es ideal para las pruebas en las que no se usa neopreno. Trimono perfecto para las pruebas m\u00e1s exigentes. La elasticidad y ligereza de su tejido te permitir\u00e1 una total libertad de movimientos y no sentir\u00e1s ninguna molestia durante las diferentes etapas del triatl\u00f3n. El cuello y las sisas est\u00e1n finalizadas con el ribete Evolution. Es fino y suave y no provoca ning\u00fan tipo de rozadura. Adem\u00e1s, es el\u00e1stico y se adapta perfectamente al cuerpo para evitar lo m\u00e1ximo posible la entrada de agua durante la nataci\u00f3n o de aire durante el ciclismo. La cremallera el\u00e1stica se adapta a todas las posiciones sin incomodarte. En la zona lumbar hay un bolsillo el\u00e1stico de rejilla que expulsa r\u00e1pidamente el agua y es muy \u00fatil para guardar las barritas nutritivas. Al final de las piernas tiene una banda el\u00e1stica microperforada con un grip de silicona hipoalerg\u00e9nica en su interior. \u00c9sta evita que aumente la sudoraci\u00f3n y mantiene la prenda bien sujeta a la pierna. Todos los paneles que conforman el mono de triatl\u00f3n han sido dise\u00f1ados para adaptarse a todas las posiciones y optimizar tu rendimiento. Las costuras planas que los unen son super resistentes y adem\u00e1s aportan un dise\u00f1o muy atractivo a la prenda.","og_url":"https:\/\/clubs.inverseteams.com\/en\/product\/tritraje-aqua-20504\/","og_site_name":"INVERSE","article_modified_time":"2026-03-20T11:50:42+00:00","og_image":[{"width":900,"height":990,"url":"https:\/\/clubs.inverseteams.com\/wp-content\/uploads\/VARCES-TRITRAJE-1.png","type":"image\/png"}],"twitter_card":"summary_large_image","twitter_misc":{"Est. reading time":"2 minutes"},"schema":{"@context":"https:\/\/schema.org","@graph":[{"@type":"WebPage","@id":"https:\/\/clubs.inverseteams.com\/en\/product\/tritraje-aqua-20504\/","url":"https:\/\/clubs.inverseteams.com\/en\/product\/tritraje-aqua-20504\/","name":"Tritraje AQUA - INVERSE","isPartOf":{"@id":"https:\/\/clubs.inverseteams.com\/en\/#website"},"primaryImageOfPage":{"@id":"https:\/\/clubs.inverseteams.com\/en\/product\/tritraje-aqua-20504\/#primaryimage"},"image":{"@id":"https:\/\/clubs.inverseteams.com\/en\/product\/tritraje-aqua-20504\/#primaryimage"},"thumbnailUrl":"https:\/\/clubs.inverseteams.com\/wp-content\/uploads\/VARCES-TRITRAJE-1.png","datePublished":"2026-03-02T16:59:10+00:00","dateModified":"2026-03-20T11:50:42+00:00","breadcrumb":{"@id":"https:\/\/clubs.inverseteams.com\/en\/product\/tritraje-aqua-20504\/#breadcrumb"},"inLanguage":"en-US","potentialAction":[{"@type":"ReadAction","target":["https:\/\/clubs.inverseteams.com\/en\/product\/tritraje-aqua-20504\/"]}]},{"@type":"ImageObject","inLanguage":"en-US","@id":"https:\/\/clubs.inverseteams.com\/en\/product\/tritraje-aqua-20504\/#primaryimage","url":"https:\/\/clubs.inverseteams.com\/wp-content\/uploads\/VARCES-TRITRAJE-1.png","contentUrl":"https:\/\/clubs.inverseteams.com\/wp-content\/uploads\/VARCES-TRITRAJE-1.png","width":900,"height":990},{"@type":"BreadcrumbList","@id":"https:\/\/clubs.inverseteams.com\/en\/product\/tritraje-aqua-20504\/#breadcrumb","itemListElement":[{"@type":"ListItem","position":1,"name":"Portada","item":"https:\/\/clubs.inverseteams.com\/en\/"},{"@type":"ListItem","position":2,"name":"Products","item":"https:\/\/clubs.inverseteams.com\/en\/shop\/"},{"@type":"ListItem","position":3,"name":"Tritraje AQUA"}]},{"@type":"WebSite","@id":"https:\/\/clubs.inverseteams.com\/en\/#website","url":"https:\/\/clubs.inverseteams.com\/en\/","name":"INVERSE","description":"CUSTOM SPORTSWEAR","potentialAction":[{"@type":"SearchAction","target":{"@type":"EntryPoint","urlTemplate":"https:\/\/clubs.inverseteams.com\/en\/?s={search_term_string}"},"query-input":{"@type":"PropertyValueSpecification","valueRequired":true,"valueName":"search_term_string"}}],"inLanguage":"en-US"}]}},"_links":{"self":[{"href":"https:\/\/clubs.inverseteams.com\/en\/wp-json\/wp\/v2\/product\/129874","targetHints":{"allow":["GET"]}}],"collection":[{"href":"https:\/\/clubs.inverseteams.com\/en\/wp-json\/wp\/v2\/product"}],"about":[{"href":"https:\/\/clubs.inverseteams.com\/en\/wp-json\/wp\/v2\/types\/product"}],"replies":[{"embeddable":true,"href":"https:\/\/clubs.inverseteams.com\/en\/wp-json\/wp\/v2\/comments?post=129874"}],"wp:featuredmedia":[{"embeddable":true,"href":"https:\/\/clubs.inverseteams.com\/en\/wp-json\/wp\/v2\/media\/130056"}],"wp:attachment":[{"href":"https:\/\/clubs.inverseteams.com\/en\/wp-json\/wp\/v2\/media?parent=129874"}],"wp:term":[{"taxonomy":"sports","embeddable":true,"href":"https:\/\/clubs.inverseteams.com\/en\/wp-json\/wp\/v2\/sports?post=129874"},{"taxonomy":"customization-type","embeddable":true,"href":"https:\/\/clubs.inverseteams.com\/en\/wp-json\/wp\/v2\/customization-type?post=129874"},{"taxonomy":"product_brand","embeddable":true,"href":"https:\/\/clubs.inverseteams.com\/en\/wp-json\/wp\/v2\/product_brand?post=129874"},{"taxonomy":"product_cat","embeddable":true,"href":"https:\/\/clubs.inverseteams.com\/en\/wp-json\/wp\/v2\/product_cat?post=129874"},{"taxonomy":"product_tag","embeddable":true,"href":"https:\/\/clubs.inverseteams.com\/en\/wp-json\/wp\/v2\/product_tag?post=129874"}],"curies":[{"name":"wp","href":"https:\/\/api.w.org\/{rel}","templated":true}]}}