{"id":139370,"date":"2026-03-18T14:35:24","date_gmt":"2026-03-18T14:35:24","guid":{"rendered":"https:\/\/clubs.inverseteams.com\/?post_type=product&#038;p=139370"},"modified":"2026-03-24T10:45:27","modified_gmt":"2026-03-24T10:45:27","slug":"culotte-largo-ciclista-con-tirantes-tempus-11148","status":"publish","type":"product","link":"https:\/\/clubs.inverseteams.com\/en\/product\/culotte-largo-ciclista-con-tirantes-tempus-11148\/","title":{"rendered":"Culotte largo ciclista con tirantes TEMPUS"},"content":{"rendered":"<p>Extraordinario pantal\u00f3n ciclista para combatir el fr\u00edo. Combina los tejidos SUPERROUBAIX y SPIRIT T\u00c9RMICO que mantienen el calor y ofrecen la compresi\u00f3n muscular necesaria para retardar la fatiga. Su elasticidad te permitir\u00e1 una gran libertad de movimientos. Los paneles del pantal\u00f3n ciclista est\u00e1n dise\u00f1ados para que se adapten perfectamente a las diferentes posiciones del pedaleo. No notar\u00e1s ninguna resistencia.<br \/>\nLos tirantes microperforados permiten evacuar r\u00e1pidamente el sudor. \u00c9stos est\u00e1n formados por un panel central y dos laterales que distribuyen adecuadamente el peso para evitar lesiones y as\u00ed podr\u00e1s disfrutar del ciclismo durante horas.<br \/>\nAl final de las piernas tiene una banda el\u00e1stica con un grip de silicona hipoalerg\u00e9nica en su interior. \u00c9sta mantiene la prenda bien sujeta a la pierna. En el exterior tiene unas l\u00edneas reflectantes 360\u00ba que aumentar\u00e1n tu seguridad ya que reflejar\u00e1n la luz de los veh\u00edculos.<\/p>\n","protected":false},"excerpt":{"rendered":"<p>Extraordinario pantal\u00f3n ciclista para combatir el fr\u00edo. Combina los tejidos SUPERROUBAIX y SPIRIT T\u00c9RMICO que mantienen el calor y ofrecen la compresi\u00f3n muscular necesaria para retardar la fatiga. Su elasticidad te permitir\u00e1 una gran libertad de movimientos. Los paneles del pantal\u00f3n ciclista est\u00e1n dise\u00f1ados para que se adapten perfectamente a las diferentes posiciones del pedaleo. No notar\u00e1s ninguna resistencia.<br \/>\nLos tirantes microperforados permiten evacuar r\u00e1pidamente el sudor. \u00c9stos est\u00e1n formados por un panel central y dos laterales que distribuyen adecuadamente el peso para evitar lesiones y as\u00ed podr\u00e1s disfrutar del ciclismo durante horas.<br \/>\nAl final de las piernas tiene una banda el\u00e1stica con un grip de silicona hipoalerg\u00e9nica en su interior. \u00c9sta mantiene la prenda bien sujeta a la pierna. En el exterior tiene unas l\u00edneas reflectantes 360\u00ba que aumentar\u00e1n tu seguridad ya que reflejar\u00e1n la luz de los veh\u00edculos.<\/p>\n","protected":false},"featured_media":140391,"comment_status":"closed","ping_status":"closed","template":"","meta":{"_acf_changed":false},"sports":[170],"customization-type":[],"product_brand":[],"product_cat":[1244],"product_tag":[],"class_list":{"0":"post-139370","1":"product","2":"type-product","3":"status-publish","4":"has-post-thumbnail","6":"sports-ciclismo","7":"product_cat-btteiros-cova-da-serpe","8":"product_shipping_class-envio-gratis","10":"first","11":"instock","12":"taxable","13":"shipping-taxable","14":"product-type-variable","15":"grid-item ciclismo"},"acf":[],"yoast_head":"<!-- This site is optimized with the Yoast SEO plugin v27.1.1 - https:\/\/yoast.com\/product\/yoast-seo-wordpress\/ -->\n<title>Culotte largo ciclista con tirantes TEMPUS - INVERSE<\/title>\n<meta name=\"robots\" content=\"index, follow, max-snippet:-1, max-image-preview:large, max-video-preview:-1\" \/>\n<link rel=\"canonical\" href=\"https:\/\/clubs.inverseteams.com\/en\/product\/culotte-largo-ciclista-con-tirantes-tempus-11148\/\" \/>\n<meta property=\"og:locale\" content=\"en_US\" \/>\n<meta property=\"og:type\" content=\"article\" \/>\n<meta property=\"og:title\" content=\"Culotte largo ciclista con tirantes TEMPUS - INVERSE\" \/>\n<meta property=\"og:description\" content=\"Extraordinario pantal\u00f3n ciclista para combatir el fr\u00edo. Combina los tejidos SUPERROUBAIX y SPIRIT T\u00c9RMICO que mantienen el calor y ofrecen la compresi\u00f3n muscular necesaria para retardar la fatiga. Su elasticidad te permitir\u00e1 una gran libertad de movimientos. Los paneles del pantal\u00f3n ciclista est\u00e1n dise\u00f1ados para que se adapten perfectamente a las diferentes posiciones del pedaleo. No notar\u00e1s ninguna resistencia. Los tirantes microperforados permiten evacuar r\u00e1pidamente el sudor. \u00c9stos est\u00e1n formados por un panel central y dos laterales que distribuyen adecuadamente el peso para evitar lesiones y as\u00ed podr\u00e1s disfrutar del ciclismo durante horas. Al final de las piernas tiene una banda el\u00e1stica con un grip de silicona hipoalerg\u00e9nica en su interior. \u00c9sta mantiene la prenda bien sujeta a la pierna. En el exterior tiene unas l\u00edneas reflectantes 360\u00ba que aumentar\u00e1n tu seguridad ya que reflejar\u00e1n la luz de los veh\u00edculos.\" \/>\n<meta property=\"og:url\" content=\"https:\/\/clubs.inverseteams.com\/en\/product\/culotte-largo-ciclista-con-tirantes-tempus-11148\/\" \/>\n<meta property=\"og:site_name\" content=\"INVERSE\" \/>\n<meta property=\"article:modified_time\" content=\"2026-03-24T10:45:27+00:00\" \/>\n<meta property=\"og:image\" content=\"https:\/\/clubs.inverseteams.com\/wp-content\/uploads\/BTTEIROS-PANTALON-CT-1.png\" \/>\n\t<meta property=\"og:image:width\" content=\"900\" \/>\n\t<meta property=\"og:image:height\" content=\"990\" \/>\n\t<meta property=\"og:image:type\" content=\"image\/png\" \/>\n<meta name=\"twitter:card\" content=\"summary_large_image\" \/>\n<meta name=\"twitter:label1\" content=\"Est. reading time\" \/>\n\t<meta name=\"twitter:data1\" content=\"1 minute\" \/>\n<script type=\"application\/ld+json\" class=\"yoast-schema-graph\">{\"@context\":\"https:\/\/schema.org\",\"@graph\":[{\"@type\":\"WebPage\",\"@id\":\"https:\/\/clubs.inverseteams.com\/en\/product\/culotte-largo-ciclista-con-tirantes-tempus-11148\/\",\"url\":\"https:\/\/clubs.inverseteams.com\/en\/product\/culotte-largo-ciclista-con-tirantes-tempus-11148\/\",\"name\":\"Culotte largo ciclista con tirantes TEMPUS - INVERSE\",\"isPartOf\":{\"@id\":\"https:\/\/clubs.inverseteams.com\/en\/#website\"},\"primaryImageOfPage\":{\"@id\":\"https:\/\/clubs.inverseteams.com\/en\/product\/culotte-largo-ciclista-con-tirantes-tempus-11148\/#primaryimage\"},\"image\":{\"@id\":\"https:\/\/clubs.inverseteams.com\/en\/product\/culotte-largo-ciclista-con-tirantes-tempus-11148\/#primaryimage\"},\"thumbnailUrl\":\"https:\/\/clubs.inverseteams.com\/wp-content\/uploads\/BTTEIROS-PANTALON-CT-1.png\",\"datePublished\":\"2026-03-18T14:35:24+00:00\",\"dateModified\":\"2026-03-24T10:45:27+00:00\",\"breadcrumb\":{\"@id\":\"https:\/\/clubs.inverseteams.com\/en\/product\/culotte-largo-ciclista-con-tirantes-tempus-11148\/#breadcrumb\"},\"inLanguage\":\"en-US\",\"potentialAction\":[{\"@type\":\"ReadAction\",\"target\":[\"https:\/\/clubs.inverseteams.com\/en\/product\/culotte-largo-ciclista-con-tirantes-tempus-11148\/\"]}]},{\"@type\":\"ImageObject\",\"inLanguage\":\"en-US\",\"@id\":\"https:\/\/clubs.inverseteams.com\/en\/product\/culotte-largo-ciclista-con-tirantes-tempus-11148\/#primaryimage\",\"url\":\"https:\/\/clubs.inverseteams.com\/wp-content\/uploads\/BTTEIROS-PANTALON-CT-1.png\",\"contentUrl\":\"https:\/\/clubs.inverseteams.com\/wp-content\/uploads\/BTTEIROS-PANTALON-CT-1.png\",\"width\":900,\"height\":990},{\"@type\":\"BreadcrumbList\",\"@id\":\"https:\/\/clubs.inverseteams.com\/en\/product\/culotte-largo-ciclista-con-tirantes-tempus-11148\/#breadcrumb\",\"itemListElement\":[{\"@type\":\"ListItem\",\"position\":1,\"name\":\"Portada\",\"item\":\"https:\/\/clubs.inverseteams.com\/en\/\"},{\"@type\":\"ListItem\",\"position\":2,\"name\":\"Products\",\"item\":\"https:\/\/clubs.inverseteams.com\/en\/shop\/\"},{\"@type\":\"ListItem\",\"position\":3,\"name\":\"Culotte largo ciclista con tirantes TEMPUS\"}]},{\"@type\":\"WebSite\",\"@id\":\"https:\/\/clubs.inverseteams.com\/en\/#website\",\"url\":\"https:\/\/clubs.inverseteams.com\/en\/\",\"name\":\"INVERSE\",\"description\":\"CUSTOM SPORTSWEAR\",\"potentialAction\":[{\"@type\":\"SearchAction\",\"target\":{\"@type\":\"EntryPoint\",\"urlTemplate\":\"https:\/\/clubs.inverseteams.com\/en\/?s={search_term_string}\"},\"query-input\":{\"@type\":\"PropertyValueSpecification\",\"valueRequired\":true,\"valueName\":\"search_term_string\"}}],\"inLanguage\":\"en-US\"}]}<\/script>\n<!-- \/ Yoast SEO plugin. -->","yoast_head_json":{"title":"Culotte largo ciclista con tirantes TEMPUS - INVERSE","robots":{"index":"index","follow":"follow","max-snippet":"max-snippet:-1","max-image-preview":"max-image-preview:large","max-video-preview":"max-video-preview:-1"},"canonical":"https:\/\/clubs.inverseteams.com\/en\/product\/culotte-largo-ciclista-con-tirantes-tempus-11148\/","og_locale":"en_US","og_type":"article","og_title":"Culotte largo ciclista con tirantes TEMPUS - INVERSE","og_description":"Extraordinario pantal\u00f3n ciclista para combatir el fr\u00edo. Combina los tejidos SUPERROUBAIX y SPIRIT T\u00c9RMICO que mantienen el calor y ofrecen la compresi\u00f3n muscular necesaria para retardar la fatiga. Su elasticidad te permitir\u00e1 una gran libertad de movimientos. Los paneles del pantal\u00f3n ciclista est\u00e1n dise\u00f1ados para que se adapten perfectamente a las diferentes posiciones del pedaleo. No notar\u00e1s ninguna resistencia. Los tirantes microperforados permiten evacuar r\u00e1pidamente el sudor. \u00c9stos est\u00e1n formados por un panel central y dos laterales que distribuyen adecuadamente el peso para evitar lesiones y as\u00ed podr\u00e1s disfrutar del ciclismo durante horas. Al final de las piernas tiene una banda el\u00e1stica con un grip de silicona hipoalerg\u00e9nica en su interior. \u00c9sta mantiene la prenda bien sujeta a la pierna. En el exterior tiene unas l\u00edneas reflectantes 360\u00ba que aumentar\u00e1n tu seguridad ya que reflejar\u00e1n la luz de los veh\u00edculos.","og_url":"https:\/\/clubs.inverseteams.com\/en\/product\/culotte-largo-ciclista-con-tirantes-tempus-11148\/","og_site_name":"INVERSE","article_modified_time":"2026-03-24T10:45:27+00:00","og_image":[{"width":900,"height":990,"url":"https:\/\/clubs.inverseteams.com\/wp-content\/uploads\/BTTEIROS-PANTALON-CT-1.png","type":"image\/png"}],"twitter_card":"summary_large_image","twitter_misc":{"Est. reading time":"1 minute"},"schema":{"@context":"https:\/\/schema.org","@graph":[{"@type":"WebPage","@id":"https:\/\/clubs.inverseteams.com\/en\/product\/culotte-largo-ciclista-con-tirantes-tempus-11148\/","url":"https:\/\/clubs.inverseteams.com\/en\/product\/culotte-largo-ciclista-con-tirantes-tempus-11148\/","name":"Culotte largo ciclista con tirantes TEMPUS - INVERSE","isPartOf":{"@id":"https:\/\/clubs.inverseteams.com\/en\/#website"},"primaryImageOfPage":{"@id":"https:\/\/clubs.inverseteams.com\/en\/product\/culotte-largo-ciclista-con-tirantes-tempus-11148\/#primaryimage"},"image":{"@id":"https:\/\/clubs.inverseteams.com\/en\/product\/culotte-largo-ciclista-con-tirantes-tempus-11148\/#primaryimage"},"thumbnailUrl":"https:\/\/clubs.inverseteams.com\/wp-content\/uploads\/BTTEIROS-PANTALON-CT-1.png","datePublished":"2026-03-18T14:35:24+00:00","dateModified":"2026-03-24T10:45:27+00:00","breadcrumb":{"@id":"https:\/\/clubs.inverseteams.com\/en\/product\/culotte-largo-ciclista-con-tirantes-tempus-11148\/#breadcrumb"},"inLanguage":"en-US","potentialAction":[{"@type":"ReadAction","target":["https:\/\/clubs.inverseteams.com\/en\/product\/culotte-largo-ciclista-con-tirantes-tempus-11148\/"]}]},{"@type":"ImageObject","inLanguage":"en-US","@id":"https:\/\/clubs.inverseteams.com\/en\/product\/culotte-largo-ciclista-con-tirantes-tempus-11148\/#primaryimage","url":"https:\/\/clubs.inverseteams.com\/wp-content\/uploads\/BTTEIROS-PANTALON-CT-1.png","contentUrl":"https:\/\/clubs.inverseteams.com\/wp-content\/uploads\/BTTEIROS-PANTALON-CT-1.png","width":900,"height":990},{"@type":"BreadcrumbList","@id":"https:\/\/clubs.inverseteams.com\/en\/product\/culotte-largo-ciclista-con-tirantes-tempus-11148\/#breadcrumb","itemListElement":[{"@type":"ListItem","position":1,"name":"Portada","item":"https:\/\/clubs.inverseteams.com\/en\/"},{"@type":"ListItem","position":2,"name":"Products","item":"https:\/\/clubs.inverseteams.com\/en\/shop\/"},{"@type":"ListItem","position":3,"name":"Culotte largo ciclista con tirantes TEMPUS"}]},{"@type":"WebSite","@id":"https:\/\/clubs.inverseteams.com\/en\/#website","url":"https:\/\/clubs.inverseteams.com\/en\/","name":"INVERSE","description":"CUSTOM SPORTSWEAR","potentialAction":[{"@type":"SearchAction","target":{"@type":"EntryPoint","urlTemplate":"https:\/\/clubs.inverseteams.com\/en\/?s={search_term_string}"},"query-input":{"@type":"PropertyValueSpecification","valueRequired":true,"valueName":"search_term_string"}}],"inLanguage":"en-US"}]}},"_links":{"self":[{"href":"https:\/\/clubs.inverseteams.com\/en\/wp-json\/wp\/v2\/product\/139370","targetHints":{"allow":["GET"]}}],"collection":[{"href":"https:\/\/clubs.inverseteams.com\/en\/wp-json\/wp\/v2\/product"}],"about":[{"href":"https:\/\/clubs.inverseteams.com\/en\/wp-json\/wp\/v2\/types\/product"}],"replies":[{"embeddable":true,"href":"https:\/\/clubs.inverseteams.com\/en\/wp-json\/wp\/v2\/comments?post=139370"}],"wp:featuredmedia":[{"embeddable":true,"href":"https:\/\/clubs.inverseteams.com\/en\/wp-json\/wp\/v2\/media\/140391"}],"wp:attachment":[{"href":"https:\/\/clubs.inverseteams.com\/en\/wp-json\/wp\/v2\/media?parent=139370"}],"wp:term":[{"taxonomy":"sports","embeddable":true,"href":"https:\/\/clubs.inverseteams.com\/en\/wp-json\/wp\/v2\/sports?post=139370"},{"taxonomy":"customization-type","embeddable":true,"href":"https:\/\/clubs.inverseteams.com\/en\/wp-json\/wp\/v2\/customization-type?post=139370"},{"taxonomy":"product_brand","embeddable":true,"href":"https:\/\/clubs.inverseteams.com\/en\/wp-json\/wp\/v2\/product_brand?post=139370"},{"taxonomy":"product_cat","embeddable":true,"href":"https:\/\/clubs.inverseteams.com\/en\/wp-json\/wp\/v2\/product_cat?post=139370"},{"taxonomy":"product_tag","embeddable":true,"href":"https:\/\/clubs.inverseteams.com\/en\/wp-json\/wp\/v2\/product_tag?post=139370"}],"curies":[{"name":"wp","href":"https:\/\/api.w.org\/{rel}","templated":true}]}}