{"id":139404,"date":"2026-03-18T14:40:04","date_gmt":"2026-03-18T14:40:04","guid":{"rendered":"https:\/\/clubs.inverseteams.com\/?post_type=product&#038;p=139404"},"modified":"2026-03-24T10:44:41","modified_gmt":"2026-03-24T10:44:41","slug":"maillot-manga-larga-kairos-11148","status":"publish","type":"product","link":"https:\/\/clubs.inverseteams.com\/en\/product\/maillot-manga-larga-kairos-11148\/","title":{"rendered":"Maillot manga larga KAIROS"},"content":{"rendered":"<p>Maillot t\u00e9cnico ideal para los entrenamientos y para la competici\u00f3n. Su ligereza y la elasticidad del tejido har\u00e1 que se adapte perfectamente al cuerpo. Los paneles laterales con forma anat\u00f3mica permiten que el maillot se adapte a todas las posiciones sin oponer resistencia.<br \/>\nLa estructura de su tejido ayuda a evacuar el sudor al exterior y te mantiene la piel seca. A la vez, tambi\u00e9n conserva el calor corporal. El pu\u00f1o de doble capa cortado a laser se ajusta muy bien al brazo y evita que entre aire.<br \/>\nEn la cintura tiene un ribete que ajustar\u00e1 el maillot a tu cuerpo. \u00c9ste incorpora unas l\u00edneas reflectantes 360\u00ba que aumentar\u00e1n tu seguridad ya que reflejar\u00e1n la luz de los veh\u00edculos. En la zona lumbar incorpora 3 bolsillos con el nuevo sistema de Seguridad ISP \u2013 Inverse Safe Pocket \u2013 donde podr\u00e1s guardar cualquier objeto sin miedo a perderlo. Disfruta del ciclismo sin preocupaciones.<\/p>\n","protected":false},"excerpt":{"rendered":"<p>Maillot t\u00e9cnico ideal para los entrenamientos y para la competici\u00f3n. Su ligereza y la elasticidad del tejido har\u00e1 que se adapte perfectamente al cuerpo. Los paneles laterales con forma anat\u00f3mica permiten que el maillot se adapte a todas las posiciones sin oponer resistencia.<br \/>\nLa estructura de su tejido ayuda a evacuar el sudor al exterior y te mantiene la piel seca. A la vez, tambi\u00e9n conserva el calor corporal. El pu\u00f1o de doble capa cortado a laser se ajusta muy bien al brazo y evita que entre aire.<br \/>\nEn la cintura tiene un ribete que ajustar\u00e1 el maillot a tu cuerpo. \u00c9ste incorpora unas l\u00edneas reflectantes 360\u00ba que aumentar\u00e1n tu seguridad ya que reflejar\u00e1n la luz de los veh\u00edculos. En la zona lumbar incorpora 3 bolsillos con el nuevo sistema de Seguridad ISP \u2013 Inverse Safe Pocket \u2013 donde podr\u00e1s guardar cualquier objeto sin miedo a perderlo. Disfruta del ciclismo sin preocupaciones.<\/p>\n","protected":false},"featured_media":140386,"comment_status":"closed","ping_status":"closed","template":"","meta":{"_acf_changed":false},"sports":[170],"customization-type":[],"product_brand":[],"product_cat":[1244],"product_tag":[],"class_list":{"0":"post-139404","1":"product","2":"type-product","3":"status-publish","4":"has-post-thumbnail","6":"sports-ciclismo","7":"product_cat-btteiros-cova-da-serpe","8":"product_shipping_class-envio-gratis","10":"first","11":"instock","12":"taxable","13":"shipping-taxable","14":"product-type-variable","15":"grid-item ciclismo"},"acf":[],"yoast_head":"<!-- This site is optimized with the Yoast SEO plugin v27.1.1 - https:\/\/yoast.com\/product\/yoast-seo-wordpress\/ -->\n<title>Maillot manga larga KAIROS - INVERSE<\/title>\n<meta name=\"robots\" content=\"index, follow, max-snippet:-1, max-image-preview:large, max-video-preview:-1\" \/>\n<link rel=\"canonical\" href=\"https:\/\/clubs.inverseteams.com\/en\/product\/maillot-manga-larga-kairos-11148\/\" \/>\n<meta property=\"og:locale\" content=\"en_US\" \/>\n<meta property=\"og:type\" content=\"article\" \/>\n<meta property=\"og:title\" content=\"Maillot manga larga KAIROS - INVERSE\" \/>\n<meta property=\"og:description\" content=\"Maillot t\u00e9cnico ideal para los entrenamientos y para la competici\u00f3n. Su ligereza y la elasticidad del tejido har\u00e1 que se adapte perfectamente al cuerpo. Los paneles laterales con forma anat\u00f3mica permiten que el maillot se adapte a todas las posiciones sin oponer resistencia. La estructura de su tejido ayuda a evacuar el sudor al exterior y te mantiene la piel seca. A la vez, tambi\u00e9n conserva el calor corporal. El pu\u00f1o de doble capa cortado a laser se ajusta muy bien al brazo y evita que entre aire. En la cintura tiene un ribete que ajustar\u00e1 el maillot a tu cuerpo. \u00c9ste incorpora unas l\u00edneas reflectantes 360\u00ba que aumentar\u00e1n tu seguridad ya que reflejar\u00e1n la luz de los veh\u00edculos. En la zona lumbar incorpora 3 bolsillos con el nuevo sistema de Seguridad ISP \u2013 Inverse Safe Pocket \u2013 donde podr\u00e1s guardar cualquier objeto sin miedo a perderlo. Disfruta del ciclismo sin preocupaciones.\" \/>\n<meta property=\"og:url\" content=\"https:\/\/clubs.inverseteams.com\/en\/product\/maillot-manga-larga-kairos-11148\/\" \/>\n<meta property=\"og:site_name\" content=\"INVERSE\" \/>\n<meta property=\"article:modified_time\" content=\"2026-03-24T10:44:41+00:00\" \/>\n<meta property=\"og:image\" content=\"https:\/\/clubs.inverseteams.com\/wp-content\/uploads\/BTTEIROS-MAILLOT-ML-1.png\" \/>\n\t<meta property=\"og:image:width\" content=\"900\" \/>\n\t<meta property=\"og:image:height\" content=\"990\" \/>\n\t<meta property=\"og:image:type\" content=\"image\/png\" \/>\n<meta name=\"twitter:card\" content=\"summary_large_image\" \/>\n<meta name=\"twitter:label1\" content=\"Est. reading time\" \/>\n\t<meta name=\"twitter:data1\" content=\"1 minute\" \/>\n<script type=\"application\/ld+json\" class=\"yoast-schema-graph\">{\"@context\":\"https:\/\/schema.org\",\"@graph\":[{\"@type\":\"WebPage\",\"@id\":\"https:\/\/clubs.inverseteams.com\/en\/product\/maillot-manga-larga-kairos-11148\/\",\"url\":\"https:\/\/clubs.inverseteams.com\/en\/product\/maillot-manga-larga-kairos-11148\/\",\"name\":\"Maillot manga larga KAIROS - INVERSE\",\"isPartOf\":{\"@id\":\"https:\/\/clubs.inverseteams.com\/en\/#website\"},\"primaryImageOfPage\":{\"@id\":\"https:\/\/clubs.inverseteams.com\/en\/product\/maillot-manga-larga-kairos-11148\/#primaryimage\"},\"image\":{\"@id\":\"https:\/\/clubs.inverseteams.com\/en\/product\/maillot-manga-larga-kairos-11148\/#primaryimage\"},\"thumbnailUrl\":\"https:\/\/clubs.inverseteams.com\/wp-content\/uploads\/BTTEIROS-MAILLOT-ML-1.png\",\"datePublished\":\"2026-03-18T14:40:04+00:00\",\"dateModified\":\"2026-03-24T10:44:41+00:00\",\"breadcrumb\":{\"@id\":\"https:\/\/clubs.inverseteams.com\/en\/product\/maillot-manga-larga-kairos-11148\/#breadcrumb\"},\"inLanguage\":\"en-US\",\"potentialAction\":[{\"@type\":\"ReadAction\",\"target\":[\"https:\/\/clubs.inverseteams.com\/en\/product\/maillot-manga-larga-kairos-11148\/\"]}]},{\"@type\":\"ImageObject\",\"inLanguage\":\"en-US\",\"@id\":\"https:\/\/clubs.inverseteams.com\/en\/product\/maillot-manga-larga-kairos-11148\/#primaryimage\",\"url\":\"https:\/\/clubs.inverseteams.com\/wp-content\/uploads\/BTTEIROS-MAILLOT-ML-1.png\",\"contentUrl\":\"https:\/\/clubs.inverseteams.com\/wp-content\/uploads\/BTTEIROS-MAILLOT-ML-1.png\",\"width\":900,\"height\":990},{\"@type\":\"BreadcrumbList\",\"@id\":\"https:\/\/clubs.inverseteams.com\/en\/product\/maillot-manga-larga-kairos-11148\/#breadcrumb\",\"itemListElement\":[{\"@type\":\"ListItem\",\"position\":1,\"name\":\"Portada\",\"item\":\"https:\/\/clubs.inverseteams.com\/en\/\"},{\"@type\":\"ListItem\",\"position\":2,\"name\":\"Products\",\"item\":\"https:\/\/clubs.inverseteams.com\/en\/shop\/\"},{\"@type\":\"ListItem\",\"position\":3,\"name\":\"Maillot manga larga KAIROS\"}]},{\"@type\":\"WebSite\",\"@id\":\"https:\/\/clubs.inverseteams.com\/en\/#website\",\"url\":\"https:\/\/clubs.inverseteams.com\/en\/\",\"name\":\"INVERSE\",\"description\":\"CUSTOM SPORTSWEAR\",\"potentialAction\":[{\"@type\":\"SearchAction\",\"target\":{\"@type\":\"EntryPoint\",\"urlTemplate\":\"https:\/\/clubs.inverseteams.com\/en\/?s={search_term_string}\"},\"query-input\":{\"@type\":\"PropertyValueSpecification\",\"valueRequired\":true,\"valueName\":\"search_term_string\"}}],\"inLanguage\":\"en-US\"}]}<\/script>\n<!-- \/ Yoast SEO plugin. -->","yoast_head_json":{"title":"Maillot manga larga KAIROS - INVERSE","robots":{"index":"index","follow":"follow","max-snippet":"max-snippet:-1","max-image-preview":"max-image-preview:large","max-video-preview":"max-video-preview:-1"},"canonical":"https:\/\/clubs.inverseteams.com\/en\/product\/maillot-manga-larga-kairos-11148\/","og_locale":"en_US","og_type":"article","og_title":"Maillot manga larga KAIROS - INVERSE","og_description":"Maillot t\u00e9cnico ideal para los entrenamientos y para la competici\u00f3n. Su ligereza y la elasticidad del tejido har\u00e1 que se adapte perfectamente al cuerpo. Los paneles laterales con forma anat\u00f3mica permiten que el maillot se adapte a todas las posiciones sin oponer resistencia. La estructura de su tejido ayuda a evacuar el sudor al exterior y te mantiene la piel seca. A la vez, tambi\u00e9n conserva el calor corporal. El pu\u00f1o de doble capa cortado a laser se ajusta muy bien al brazo y evita que entre aire. En la cintura tiene un ribete que ajustar\u00e1 el maillot a tu cuerpo. \u00c9ste incorpora unas l\u00edneas reflectantes 360\u00ba que aumentar\u00e1n tu seguridad ya que reflejar\u00e1n la luz de los veh\u00edculos. En la zona lumbar incorpora 3 bolsillos con el nuevo sistema de Seguridad ISP \u2013 Inverse Safe Pocket \u2013 donde podr\u00e1s guardar cualquier objeto sin miedo a perderlo. Disfruta del ciclismo sin preocupaciones.","og_url":"https:\/\/clubs.inverseteams.com\/en\/product\/maillot-manga-larga-kairos-11148\/","og_site_name":"INVERSE","article_modified_time":"2026-03-24T10:44:41+00:00","og_image":[{"width":900,"height":990,"url":"https:\/\/clubs.inverseteams.com\/wp-content\/uploads\/BTTEIROS-MAILLOT-ML-1.png","type":"image\/png"}],"twitter_card":"summary_large_image","twitter_misc":{"Est. reading time":"1 minute"},"schema":{"@context":"https:\/\/schema.org","@graph":[{"@type":"WebPage","@id":"https:\/\/clubs.inverseteams.com\/en\/product\/maillot-manga-larga-kairos-11148\/","url":"https:\/\/clubs.inverseteams.com\/en\/product\/maillot-manga-larga-kairos-11148\/","name":"Maillot manga larga KAIROS - INVERSE","isPartOf":{"@id":"https:\/\/clubs.inverseteams.com\/en\/#website"},"primaryImageOfPage":{"@id":"https:\/\/clubs.inverseteams.com\/en\/product\/maillot-manga-larga-kairos-11148\/#primaryimage"},"image":{"@id":"https:\/\/clubs.inverseteams.com\/en\/product\/maillot-manga-larga-kairos-11148\/#primaryimage"},"thumbnailUrl":"https:\/\/clubs.inverseteams.com\/wp-content\/uploads\/BTTEIROS-MAILLOT-ML-1.png","datePublished":"2026-03-18T14:40:04+00:00","dateModified":"2026-03-24T10:44:41+00:00","breadcrumb":{"@id":"https:\/\/clubs.inverseteams.com\/en\/product\/maillot-manga-larga-kairos-11148\/#breadcrumb"},"inLanguage":"en-US","potentialAction":[{"@type":"ReadAction","target":["https:\/\/clubs.inverseteams.com\/en\/product\/maillot-manga-larga-kairos-11148\/"]}]},{"@type":"ImageObject","inLanguage":"en-US","@id":"https:\/\/clubs.inverseteams.com\/en\/product\/maillot-manga-larga-kairos-11148\/#primaryimage","url":"https:\/\/clubs.inverseteams.com\/wp-content\/uploads\/BTTEIROS-MAILLOT-ML-1.png","contentUrl":"https:\/\/clubs.inverseteams.com\/wp-content\/uploads\/BTTEIROS-MAILLOT-ML-1.png","width":900,"height":990},{"@type":"BreadcrumbList","@id":"https:\/\/clubs.inverseteams.com\/en\/product\/maillot-manga-larga-kairos-11148\/#breadcrumb","itemListElement":[{"@type":"ListItem","position":1,"name":"Portada","item":"https:\/\/clubs.inverseteams.com\/en\/"},{"@type":"ListItem","position":2,"name":"Products","item":"https:\/\/clubs.inverseteams.com\/en\/shop\/"},{"@type":"ListItem","position":3,"name":"Maillot manga larga KAIROS"}]},{"@type":"WebSite","@id":"https:\/\/clubs.inverseteams.com\/en\/#website","url":"https:\/\/clubs.inverseteams.com\/en\/","name":"INVERSE","description":"CUSTOM SPORTSWEAR","potentialAction":[{"@type":"SearchAction","target":{"@type":"EntryPoint","urlTemplate":"https:\/\/clubs.inverseteams.com\/en\/?s={search_term_string}"},"query-input":{"@type":"PropertyValueSpecification","valueRequired":true,"valueName":"search_term_string"}}],"inLanguage":"en-US"}]}},"_links":{"self":[{"href":"https:\/\/clubs.inverseteams.com\/en\/wp-json\/wp\/v2\/product\/139404","targetHints":{"allow":["GET"]}}],"collection":[{"href":"https:\/\/clubs.inverseteams.com\/en\/wp-json\/wp\/v2\/product"}],"about":[{"href":"https:\/\/clubs.inverseteams.com\/en\/wp-json\/wp\/v2\/types\/product"}],"replies":[{"embeddable":true,"href":"https:\/\/clubs.inverseteams.com\/en\/wp-json\/wp\/v2\/comments?post=139404"}],"wp:featuredmedia":[{"embeddable":true,"href":"https:\/\/clubs.inverseteams.com\/en\/wp-json\/wp\/v2\/media\/140386"}],"wp:attachment":[{"href":"https:\/\/clubs.inverseteams.com\/en\/wp-json\/wp\/v2\/media?parent=139404"}],"wp:term":[{"taxonomy":"sports","embeddable":true,"href":"https:\/\/clubs.inverseteams.com\/en\/wp-json\/wp\/v2\/sports?post=139404"},{"taxonomy":"customization-type","embeddable":true,"href":"https:\/\/clubs.inverseteams.com\/en\/wp-json\/wp\/v2\/customization-type?post=139404"},{"taxonomy":"product_brand","embeddable":true,"href":"https:\/\/clubs.inverseteams.com\/en\/wp-json\/wp\/v2\/product_brand?post=139404"},{"taxonomy":"product_cat","embeddable":true,"href":"https:\/\/clubs.inverseteams.com\/en\/wp-json\/wp\/v2\/product_cat?post=139404"},{"taxonomy":"product_tag","embeddable":true,"href":"https:\/\/clubs.inverseteams.com\/en\/wp-json\/wp\/v2\/product_tag?post=139404"}],"curies":[{"name":"wp","href":"https:\/\/api.w.org\/{rel}","templated":true}]}}