{"id":30862,"date":"2025-11-07T08:00:23","date_gmt":"2025-11-07T08:00:23","guid":{"rendered":"https:\/\/clubs.inverseteams.com\/cookie-policy\/"},"modified":"2025-11-07T09:05:57","modified_gmt":"2025-11-07T09:05:57","slug":"politique-relative-aux-cookies","status":"publish","type":"page","link":"https:\/\/clubs.inverseteams.com\/fr\/politique-relative-aux-cookies\/","title":{"rendered":"Politique relative aux cookies"},"content":{"rendered":"\n<p>Date d&rsquo;entr\u00e9e en vigueur : 15 mai 2024<\/p>\n\n\n\n<p><strong>Que sont les cookies\u00a0?<\/strong><\/p>\n\n\n\n<p>Cette politique relative aux cookies explique ce que sont les cookies et comment nous les utilisons, les types de cookies que nous utilisons (c&rsquo;est-\u00e0-dire les informations que nous collectons gr\u00e2ce aux cookies) et comment ces informations sont utilis\u00e9es, ainsi que la mani\u00e8re de g\u00e9rer les param\u00e8tres des cookies.<\/p>\n\n\n\n<p>Les cookies sont de petits fichiers texte utilis\u00e9s pour stocker de petites quantit\u00e9s d&rsquo;informations. Ils sont stock\u00e9s sur votre appareil lorsque vous consultez notre site web. Ces cookies nous permettent d&rsquo;assurer le bon fonctionnement du site, d&rsquo;am\u00e9liorer sa s\u00e9curit\u00e9, d&rsquo;offrir une meilleure exp\u00e9rience utilisateur et de comprendre ses performances afin d&rsquo;identifier les points forts et les points \u00e0 am\u00e9liorer.<\/p>\n\n\n\n<p><strong>Comment utilisons-nous les cookies\u00a0?<\/strong><\/p>\n\n\n\n<p>Comme la plupart des services en ligne, notre site web utilise des cookies internes et des cookies tiers \u00e0 diff\u00e9rentes fins. Les cookies internes sont principalement n\u00e9cessaires au bon fonctionnement du site et ne collectent aucune donn\u00e9e permettant de vous identifier personnellement.<\/p>\n\n\n\n<p>Les cookies tiers utilis\u00e9s sur notre site web servent principalement \u00e0 analyser ses performances et votre interaction avec celui-ci, \u00e0 assurer la s\u00e9curit\u00e9 de nos services, \u00e0 vous proposer des publicit\u00e9s pertinentes et, de mani\u00e8re g\u00e9n\u00e9rale, \u00e0 vous offrir une exp\u00e9rience utilisateur optimale et \u00e0 faciliter vos futures interactions avec notre site.<\/p>\n\n\n<p>[wcc_category_list]<\/p>\n\n\n\n<p><strong>G\u00e9rer vos pr\u00e9f\u00e9rences en mati\u00e8re de cookies<\/strong><\/p>\n\n\n\n<p>Vous pouvez modifier vos pr\u00e9f\u00e9rences en mati\u00e8re de cookies \u00e0 tout moment en cliquant sur le bouton [wcc_preference_button]. Vous pourrez ainsi consulter \u00e0 nouveau la banni\u00e8re de consentement aux cookies et modifier vos pr\u00e9f\u00e9rences ou retirer votre consentement imm\u00e9diatement. Par ailleurs, chaque navigateur propose des m\u00e9thodes diff\u00e9rentes pour bloquer et supprimer les cookies utilis\u00e9s par les sites web. Vous pouvez modifier les param\u00e8tres de votre navigateur pour bloquer ou supprimer les cookies. Vous trouverez ci-dessous des liens vers la documentation expliquant comment g\u00e9rer et supprimer les cookies pour les principaux navigateurs web.<\/p>\n\n\n\n<p>Chrome&nbsp;: https:\/\/support.google.com\/accounts\/answer\/32050<\/p>\n\n\n\n<p>Safari&nbsp;: https:\/\/support.apple.com\/en-in\/guide\/safari\/sfri11471\/mac<\/p>\n\n\n\n<p>Firefox&nbsp;: https:\/\/support.mozilla.org\/en-US\/kb\/clear-cookies-and-site-data-firefox?redirectslug=delete-cookies-remove-info-websites-stored&amp;redirectlocale=en-US<\/p>\n\n\n\n<p>Microsoft Edge&nbsp;: Supprimer les cookies dans Microsoft Edge &#8211; Support Microsoft<\/p>\n\n\n\n<p>Si vous utilisez un autre navigateur, veuillez consulter la documentation officielle de celui-ci.<\/p>\n","protected":false},"excerpt":{"rendered":"<p>Date d&rsquo;entr\u00e9e en vigueur : 15 mai 2024 Que sont les cookies\u00a0? Cette politique relative aux cookies explique ce que sont les cookies et comment nous les utilisons, les types &hellip;<\/p>\n","protected":false},"author":1,"featured_media":0,"parent":0,"menu_order":0,"comment_status":"closed","ping_status":"closed","template":"","meta":{"_acf_changed":false,"footnotes":""},"class_list":["post-30862","page","type-page","status-publish","hentry"],"acf":[],"yoast_head":"<!-- This site is optimized with the Yoast SEO plugin v27.3 - https:\/\/yoast.com\/product\/yoast-seo-wordpress\/ -->\n<title>Politique relative aux cookies - INVERSE<\/title>\n<meta name=\"description\" content=\"Date d&#039;entr\u00e9e en vigueur : 15 mai 2024 Que sont les cookies\u00a0? Cette politique relative aux cookies explique ce que sont les cookies et comment nous les\" \/>\n<meta name=\"robots\" content=\"index, follow, max-snippet:-1, max-image-preview:large, max-video-preview:-1\" \/>\n<link rel=\"canonical\" href=\"https:\/\/clubs.inverseteams.com\/fr\/politique-relative-aux-cookies\/\" \/>\n<meta property=\"og:locale\" content=\"fr_FR\" \/>\n<meta property=\"og:type\" content=\"article\" \/>\n<meta property=\"og:title\" content=\"Politique relative aux cookies - INVERSE\" \/>\n<meta property=\"og:description\" content=\"Date d&#039;entr\u00e9e en vigueur : 15 mai 2024 Que sont les cookies\u00a0? Cette politique relative aux cookies explique ce que sont les cookies et comment nous les\" \/>\n<meta property=\"og:url\" content=\"https:\/\/clubs.inverseteams.com\/fr\/politique-relative-aux-cookies\/\" \/>\n<meta property=\"og:site_name\" content=\"INVERSE\" \/>\n<meta property=\"article:modified_time\" content=\"2025-11-07T09:05:57+00:00\" \/>\n<meta name=\"twitter:card\" content=\"summary_large_image\" \/>\n<meta name=\"twitter:label1\" content=\"Dur\u00e9e de lecture estim\u00e9e\" \/>\n\t<meta name=\"twitter:data1\" content=\"2 minutes\" \/>\n<script type=\"application\/ld+json\" class=\"yoast-schema-graph\">{\"@context\":\"https:\\\/\\\/schema.org\",\"@graph\":[{\"@type\":\"WebPage\",\"@id\":\"https:\\\/\\\/clubs.inverseteams.com\\\/fr\\\/politique-relative-aux-cookies\\\/\",\"url\":\"https:\\\/\\\/clubs.inverseteams.com\\\/fr\\\/politique-relative-aux-cookies\\\/\",\"name\":\"Politique relative aux cookies - INVERSE\",\"isPartOf\":{\"@id\":\"https:\\\/\\\/clubs.inverseteams.com\\\/fr\\\/#website\"},\"datePublished\":\"2025-11-07T08:00:23+00:00\",\"dateModified\":\"2025-11-07T09:05:57+00:00\",\"description\":\"Date d'entr\u00e9e en vigueur : 15 mai 2024 Que sont les cookies\u00a0? Cette politique relative aux cookies explique ce que sont les cookies et comment nous les\",\"breadcrumb\":{\"@id\":\"https:\\\/\\\/clubs.inverseteams.com\\\/fr\\\/politique-relative-aux-cookies\\\/#breadcrumb\"},\"inLanguage\":\"fr-FR\",\"potentialAction\":[{\"@type\":\"ReadAction\",\"target\":[\"https:\\\/\\\/clubs.inverseteams.com\\\/fr\\\/politique-relative-aux-cookies\\\/\"]}]},{\"@type\":\"BreadcrumbList\",\"@id\":\"https:\\\/\\\/clubs.inverseteams.com\\\/fr\\\/politique-relative-aux-cookies\\\/#breadcrumb\",\"itemListElement\":[{\"@type\":\"ListItem\",\"position\":1,\"name\":\"Portada\",\"item\":\"https:\\\/\\\/clubs.inverseteams.com\\\/fr\\\/\"},{\"@type\":\"ListItem\",\"position\":2,\"name\":\"Politique relative aux cookies\"}]},{\"@type\":\"WebSite\",\"@id\":\"https:\\\/\\\/clubs.inverseteams.com\\\/fr\\\/#website\",\"url\":\"https:\\\/\\\/clubs.inverseteams.com\\\/fr\\\/\",\"name\":\"INVERSE\",\"description\":\"CUSTOM SPORTSWEAR\",\"potentialAction\":[{\"@type\":\"SearchAction\",\"target\":{\"@type\":\"EntryPoint\",\"urlTemplate\":\"https:\\\/\\\/clubs.inverseteams.com\\\/fr\\\/?s={search_term_string}\"},\"query-input\":{\"@type\":\"PropertyValueSpecification\",\"valueRequired\":true,\"valueName\":\"search_term_string\"}}],\"inLanguage\":\"fr-FR\"}]}<\/script>\n<!-- \/ Yoast SEO plugin. -->","yoast_head_json":{"title":"Politique relative aux cookies - INVERSE","description":"Date d'entr\u00e9e en vigueur : 15 mai 2024 Que sont les cookies\u00a0? Cette politique relative aux cookies explique ce que sont les cookies et comment nous les","robots":{"index":"index","follow":"follow","max-snippet":"max-snippet:-1","max-image-preview":"max-image-preview:large","max-video-preview":"max-video-preview:-1"},"canonical":"https:\/\/clubs.inverseteams.com\/fr\/politique-relative-aux-cookies\/","og_locale":"fr_FR","og_type":"article","og_title":"Politique relative aux cookies - INVERSE","og_description":"Date d'entr\u00e9e en vigueur : 15 mai 2024 Que sont les cookies\u00a0? Cette politique relative aux cookies explique ce que sont les cookies et comment nous les","og_url":"https:\/\/clubs.inverseteams.com\/fr\/politique-relative-aux-cookies\/","og_site_name":"INVERSE","article_modified_time":"2025-11-07T09:05:57+00:00","twitter_card":"summary_large_image","twitter_misc":{"Dur\u00e9e de lecture estim\u00e9e":"2 minutes"},"schema":{"@context":"https:\/\/schema.org","@graph":[{"@type":"WebPage","@id":"https:\/\/clubs.inverseteams.com\/fr\/politique-relative-aux-cookies\/","url":"https:\/\/clubs.inverseteams.com\/fr\/politique-relative-aux-cookies\/","name":"Politique relative aux cookies - INVERSE","isPartOf":{"@id":"https:\/\/clubs.inverseteams.com\/fr\/#website"},"datePublished":"2025-11-07T08:00:23+00:00","dateModified":"2025-11-07T09:05:57+00:00","description":"Date d'entr\u00e9e en vigueur : 15 mai 2024 Que sont les cookies\u00a0? Cette politique relative aux cookies explique ce que sont les cookies et comment nous les","breadcrumb":{"@id":"https:\/\/clubs.inverseteams.com\/fr\/politique-relative-aux-cookies\/#breadcrumb"},"inLanguage":"fr-FR","potentialAction":[{"@type":"ReadAction","target":["https:\/\/clubs.inverseteams.com\/fr\/politique-relative-aux-cookies\/"]}]},{"@type":"BreadcrumbList","@id":"https:\/\/clubs.inverseteams.com\/fr\/politique-relative-aux-cookies\/#breadcrumb","itemListElement":[{"@type":"ListItem","position":1,"name":"Portada","item":"https:\/\/clubs.inverseteams.com\/fr\/"},{"@type":"ListItem","position":2,"name":"Politique relative aux cookies"}]},{"@type":"WebSite","@id":"https:\/\/clubs.inverseteams.com\/fr\/#website","url":"https:\/\/clubs.inverseteams.com\/fr\/","name":"INVERSE","description":"CUSTOM SPORTSWEAR","potentialAction":[{"@type":"SearchAction","target":{"@type":"EntryPoint","urlTemplate":"https:\/\/clubs.inverseteams.com\/fr\/?s={search_term_string}"},"query-input":{"@type":"PropertyValueSpecification","valueRequired":true,"valueName":"search_term_string"}}],"inLanguage":"fr-FR"}]}},"_links":{"self":[{"href":"https:\/\/clubs.inverseteams.com\/fr\/wp-json\/wp\/v2\/pages\/30862","targetHints":{"allow":["GET"]}}],"collection":[{"href":"https:\/\/clubs.inverseteams.com\/fr\/wp-json\/wp\/v2\/pages"}],"about":[{"href":"https:\/\/clubs.inverseteams.com\/fr\/wp-json\/wp\/v2\/types\/page"}],"author":[{"embeddable":true,"href":"https:\/\/clubs.inverseteams.com\/fr\/wp-json\/wp\/v2\/users\/1"}],"replies":[{"embeddable":true,"href":"https:\/\/clubs.inverseteams.com\/fr\/wp-json\/wp\/v2\/comments?post=30862"}],"version-history":[{"count":3,"href":"https:\/\/clubs.inverseteams.com\/fr\/wp-json\/wp\/v2\/pages\/30862\/revisions"}],"predecessor-version":[{"id":30896,"href":"https:\/\/clubs.inverseteams.com\/fr\/wp-json\/wp\/v2\/pages\/30862\/revisions\/30896"}],"wp:attachment":[{"href":"https:\/\/clubs.inverseteams.com\/fr\/wp-json\/wp\/v2\/media?parent=30862"}],"curies":[{"name":"wp","href":"https:\/\/api.w.org\/{rel}","templated":true}]}}