{"id":30901,"date":"2023-12-18T15:32:52","date_gmt":"2023-12-18T15:32:52","guid":{"rendered":"https:\/\/clubs.inverseteams.com\/?page_id=30901"},"modified":"2025-11-07T09:11:03","modified_gmt":"2025-11-07T09:11:03","slug":"mention-legale","status":"publish","type":"page","link":"https:\/\/clubs.inverseteams.com\/fr\/mention-legale\/","title":{"rendered":"Mention l\u00e9gale"},"content":{"rendered":"\n<h2 class=\"wp-block-heading\">1.- Donn\u00e9es d&rsquo;identification.<\/h2>\n\n\n\n<p>Ce site est la propri\u00e9t\u00e9 de CIRO SPORT, SL (ci-apr\u00e8s, CIRO SPORT), une entit\u00e9 d\u00fbment enregistr\u00e9e au Registre du Commerce de Barcelone, Volume 21610, Folio 123, Page B-25.183, 1\u00e8re Inscription, avec si\u00e8ge social \u00e0 Calle Congost n\u00ba 16, 08100 Mollet del Vall\u00e8s (Barcelone) et avec CIF B-59940973. Vous pouvez contacter l&rsquo;entit\u00e9 par l&rsquo;un des moyens suivants:<\/p>\n\n\n\n<p><strong>T\u00e9l\u00e9phone du service client:<\/strong><\/p>\n\n\n\n<p>De l&rsquo;\u00e9tranger: 00 34 935 795 021<br>D\u00e8s l&rsquo;Espagne: 935 795 021<\/p>\n\n\n\n<p><strong>Fax:<\/strong><\/p>\n\n\n\n<p>De l&rsquo;\u00e9tranger: 00 34 935 937 344<br>D\u00e8s l&rsquo;Espagne: 935 937 344<\/p>\n\n\n\n<p><strong>Email:<\/strong><\/p>\n\n\n\n<p><a href=\"mailto:atencionalcliente@inverseteams.com\">atencionalcliente@inverseteams.com<\/a><\/p>\n\n\n\n<h2 class=\"wp-block-heading\">2.- Termes et conditions d&rsquo;utilisation de ce site Web.<\/h2>\n\n\n\n<h3 class=\"wp-block-heading\">2.1 Introduction.<\/h3>\n\n\n\n<p>2.1.1.-L&rsquo;acc\u00e8s \u00e0 ce site Web, ainsi que l&rsquo;utilisation des fonctionnalit\u00e9s (ci-apr\u00e8s, les Services) et du contenu (ci-apr\u00e8s, le Contenu) qui y sont offerts attribuent \u00e0 quiconque le fait la condition d&rsquo;UTILISATEUR et implique l&rsquo;acceptation de toutes les conditions incluses dans le pr\u00e9sent Avis L\u00e9gal. Si l&rsquo;UTILISATEUR d\u00e9cide de ne pas accepter l&rsquo;une des r\u00e8gles susmentionn\u00e9es ou manifeste tout type de r\u00e9servation, il doit s&rsquo;abstenir d&rsquo;acc\u00e9der au Site Web ou d&rsquo;utiliser ses Services et Contenus.<\/p>\n\n\n\n<p>2.1.2.- L&rsquo;acc\u00e8s et \/ ou l&rsquo;utilisation de certains Contenus ou Services peuvent \u00eatre soumis \u00e0 des conditions ou r\u00e8gles d&rsquo;utilisation particuli\u00e8res qui, selon le cas, peuvent remplacer, compl\u00e9ter ou modifier le pr\u00e9sent Avis L\u00e9gal. En cas de contradiction entre les conditions ou r\u00e8gles particuli\u00e8res d&rsquo;utilisation et les mentions l\u00e9gales, celles \u00e0 usage sp\u00e9cial auront une application pr\u00e9f\u00e9rentielle, elles devront donc \u00e9galement \u00eatre lues et accept\u00e9es par L&rsquo;UTILISATEUR.<\/p>\n\n\n\n<p>2.1.3.- Cet avis juridique et le reste des conditions existantes sur le site Web peuvent \u00eatre modifi\u00e9s ou remplac\u00e9s \u00e0 tout moment. Les nouvelles conditions remplaceront, compl\u00e9teront ou modifieront les pr\u00e9sentes \u00e0 partir du moment o\u00f9 elles sont publi\u00e9es sur le Site ou par tout autre moyen permettant \u00e0 l&rsquo;UTILISATEUR de les conna\u00eetre.<\/p>\n\n\n\n<h3 class=\"wp-block-heading\">2.2 Services offerts \u00e0 l&rsquo;UTILISATEUR.<\/h3>\n\n\n\n<p>2.2.1.- Sur ce site Web, l&rsquo;UTILISATEUR peut avoir acc\u00e8s, entre autres, aux contenus et services suivants:<\/p>\n\n\n\n<ul class=\"wp-block-list\"> <li> Achat en ligne de v\u00eatements techniques CIRO SPORT <\/li> <li> Informations et actualit\u00e9s sur des sujets sportifs, publications ou tout autre aspect li\u00e9 au th\u00e8me principal du site <\/li> <li> Contenu pr\u00e9par\u00e9 par des professionnels sp\u00e9cialis\u00e9s <\/li> <li> R\u00e9pertoire des adresses recommand\u00e9es (liens) <\/li> <li> Forums d&rsquo;opinion sur les produits <\/li> <li> R\u00e9solution de questions techniques sur les mat\u00e9riaux pour la fabrication de produits techniques <\/ li> <li > Acquisition de produits propos\u00e9s \u00e0 leurs clients par CIRO SPORT ou d&rsquo;autres soci\u00e9t\u00e9s de son Business Group <\/li> <li> Acc\u00e8s aux jeux, promotions, remises, tombolas et concours propos\u00e9s par CIRO SPORT et d&rsquo;autres soci\u00e9t\u00e9s valid\u00e9es par CIRO SPORT <\/ li > <\/ul>\n\n\n\n<p>2.2.2.- CIRO SPORT se r\u00e9serve le droit de modifier, suspendre, annuler ou restreindre le contenu ou les services du site Web, ses liens ou les informations obtenues par son interm\u00e9diaire, sans pr\u00e9avis.<\/p>\n\n\n\n<h3 class=\"wp-block-heading\">2.3 Conditions g\u00e9n\u00e9rales d&rsquo;utilisation.<\/h3>\n\n\n\n<p>2.3.1.- Les informations contenues dans le site Web et les produits et services propos\u00e9s par son interm\u00e9diaire sont principalement destin\u00e9s aux personnes physiques ou morales, publiques et priv\u00e9es, r\u00e9sidant en Espagne et \/ ou dans l&rsquo;Union europ\u00e9enne et \/ ou qui y acc\u00e8dent depuis l&rsquo;Espagne et \/ ou l&rsquo;Union europ\u00e9enne. , pour laquelle CIRO SPORT d\u00e9cline toute responsabilit\u00e9 quant aux cons\u00e9quences pouvant r\u00e9sulter d&rsquo;un acc\u00e8s effectu\u00e9 depuis des juridictions o\u00f9 la distribution ou l&rsquo;utilisation desdits \u00e9l\u00e9ments pourrait \u00eatre contraire \u00e0 la r\u00e9glementation en vigueur dans ce pays.<\/p>\n\n\n\n<p>2.3.2.- Le contenu et les services propos\u00e9s sur ce site Web sont destin\u00e9s \u00e0 \u00eatre utilis\u00e9s par des personnes majeures. L&rsquo;achat de produits \u00e0 des mineurs sans le consentement de leurs tuteurs l\u00e9gaux est interdit. Pour les achats effectu\u00e9s par des mineurs falsifiant des donn\u00e9es, leurs tuteurs l\u00e9gaux r\u00e9pondront conform\u00e9ment \u00e0 la l\u00e9gislation espagnole et europ\u00e9enne.<\/p>\n\n\n\n<p>2.3.3.- L&rsquo;acc\u00e8s au Site Web implique l&rsquo;acceptation par l&rsquo;UTILISATEUR des conditions de traitement de ses donn\u00e9es personnelles qui sont d\u00e9crites dans la Politique de Confidentialit\u00e9.<\/p>\n\n\n\n<p>Dans tous les cas, l&rsquo;UTILISATEUR peut s&rsquo;abstenir d&rsquo;acc\u00e9der au Contenu ou se d\u00e9sinscrire des Services.<\/p>\n\n\n\n<p>2.3.4.- CIRO SPORT obtient les Contenus inclus dans le Site Web \u00e0 partir de sources consid\u00e9r\u00e9es comme fiables. Cependant, il ne peut \u00eatre garanti qu&rsquo;il est exact, complet et \u00e0 jour \u00e0 tout moment. Par cons\u00e9quent, CIRO SPORT d\u00e9cline express\u00e9ment toute responsabilit\u00e9 en cas d&rsquo;erreurs ou d&rsquo;omissions dans les informations contenues dans ce site Web.<\/p>\n\n\n\n<p>2.3.5.-Bien que CIRO SPORT fasse tous les efforts raisonnables pour que le Contenu et les Services propos\u00e9s sur ce Site Web soient disponibles en permanence, l&rsquo;Utilisateur doit garder \u00e0 l&rsquo;esprit qu&rsquo;il peut y avoir des interruptions ou des limitations d&rsquo;acc\u00e8s ou d&rsquo;utilisation d\u00e9riv\u00e9es d&rsquo;\u00e9v\u00e9nements accidentels.et des \u00e9v\u00e9nements impr\u00e9vus ou de l&rsquo;ex\u00e9cution de les actions n\u00e9cessaires pour r\u00e9aliser des op\u00e9rations d&rsquo;am\u00e9lioration, de maintenance ou similaires.<\/p>\n\n\n\n<p>2.3.6.- Le co\u00fbt de la ligne t\u00e9l\u00e9phonique que l&rsquo;utilisation du Site Web g\u00e9n\u00e8re pour l&rsquo;UTILISATEUR et toutes autres d\u00e9penses autres que le simple acc\u00e8s \u00e0 celle-ci et sa mise \u00e0 disposition des UTILISATEURS, seront \u00e0 la charge exclusive de ceux-ci.<\/p>\n\n\n\n<p>2.3.7 L&rsquo;acc\u00e8s \u00e0 certains Contenus ou l&rsquo;utilisation de certains Services sur le Site Web peuvent rendre n\u00e9cessaire pour l&rsquo;UTILISATEUR le t\u00e9l\u00e9chargement d&rsquo;applications informatiques sur son ordinateur. Cela se fera sous la seule responsabilit\u00e9 de l&rsquo;UTILISATEUR, sans que CIRO SPORT ne puisse \u00eatre tenu responsable de tout d\u00e9riv\u00e9 de telles actions.<\/p>\n","protected":false},"excerpt":{"rendered":"<p>1.- Donn\u00e9es d&rsquo;identification. Ce site est la propri\u00e9t\u00e9 de CIRO SPORT, SL (ci-apr\u00e8s, CIRO SPORT), une entit\u00e9 d\u00fbment enregistr\u00e9e au Registre du Commerce de Barcelone, Volume 21610, Folio 123, Page &hellip;<\/p>\n","protected":false},"author":1,"featured_media":0,"parent":0,"menu_order":0,"comment_status":"closed","ping_status":"closed","template":"","meta":{"_acf_changed":false,"footnotes":""},"class_list":["post-30901","page","type-page","status-publish","hentry"],"acf":[],"yoast_head":"<!-- This site is optimized with the Yoast SEO plugin v27.3 - https:\/\/yoast.com\/product\/yoast-seo-wordpress\/ -->\n<title>Mention l\u00e9gale - INVERSE<\/title>\n<meta name=\"description\" content=\"1.- Donn\u00e9es d&#039;identification. Ce site est la propri\u00e9t\u00e9 de CIRO SPORT, SL (ci-apr\u00e8s, CIRO SPORT), une entit\u00e9 d\u00fbment enregistr\u00e9e au Registre du Commerce de\" \/>\n<meta name=\"robots\" content=\"index, follow, max-snippet:-1, max-image-preview:large, max-video-preview:-1\" \/>\n<link rel=\"canonical\" href=\"https:\/\/clubs.inverseteams.com\/fr\/mention-legale\/\" \/>\n<meta property=\"og:locale\" content=\"fr_FR\" \/>\n<meta property=\"og:type\" content=\"article\" \/>\n<meta property=\"og:title\" content=\"Mention l\u00e9gale - INVERSE\" \/>\n<meta property=\"og:description\" content=\"1.- Donn\u00e9es d&#039;identification. Ce site est la propri\u00e9t\u00e9 de CIRO SPORT, SL (ci-apr\u00e8s, CIRO SPORT), une entit\u00e9 d\u00fbment enregistr\u00e9e au Registre du Commerce de\" \/>\n<meta property=\"og:url\" content=\"https:\/\/clubs.inverseteams.com\/fr\/mention-legale\/\" \/>\n<meta property=\"og:site_name\" content=\"INVERSE\" \/>\n<meta property=\"article:modified_time\" content=\"2025-11-07T09:11:03+00:00\" \/>\n<meta name=\"twitter:card\" content=\"summary_large_image\" \/>\n<meta name=\"twitter:label1\" content=\"Dur\u00e9e de lecture estim\u00e9e\" \/>\n\t<meta name=\"twitter:data1\" content=\"4 minutes\" \/>\n<script type=\"application\/ld+json\" class=\"yoast-schema-graph\">{\"@context\":\"https:\\\/\\\/schema.org\",\"@graph\":[{\"@type\":\"WebPage\",\"@id\":\"https:\\\/\\\/clubs.inverseteams.com\\\/fr\\\/mention-legale\\\/\",\"url\":\"https:\\\/\\\/clubs.inverseteams.com\\\/fr\\\/mention-legale\\\/\",\"name\":\"Mention l\u00e9gale - INVERSE\",\"isPartOf\":{\"@id\":\"https:\\\/\\\/clubs.inverseteams.com\\\/fr\\\/#website\"},\"datePublished\":\"2023-12-18T15:32:52+00:00\",\"dateModified\":\"2025-11-07T09:11:03+00:00\",\"description\":\"1.- Donn\u00e9es d'identification. Ce site est la propri\u00e9t\u00e9 de CIRO SPORT, SL (ci-apr\u00e8s, CIRO SPORT), une entit\u00e9 d\u00fbment enregistr\u00e9e au Registre du Commerce de\",\"breadcrumb\":{\"@id\":\"https:\\\/\\\/clubs.inverseteams.com\\\/fr\\\/mention-legale\\\/#breadcrumb\"},\"inLanguage\":\"fr-FR\",\"potentialAction\":[{\"@type\":\"ReadAction\",\"target\":[\"https:\\\/\\\/clubs.inverseteams.com\\\/fr\\\/mention-legale\\\/\"]}]},{\"@type\":\"BreadcrumbList\",\"@id\":\"https:\\\/\\\/clubs.inverseteams.com\\\/fr\\\/mention-legale\\\/#breadcrumb\",\"itemListElement\":[{\"@type\":\"ListItem\",\"position\":1,\"name\":\"Portada\",\"item\":\"https:\\\/\\\/clubs.inverseteams.com\\\/fr\\\/\"},{\"@type\":\"ListItem\",\"position\":2,\"name\":\"Mention l\u00e9gale\"}]},{\"@type\":\"WebSite\",\"@id\":\"https:\\\/\\\/clubs.inverseteams.com\\\/fr\\\/#website\",\"url\":\"https:\\\/\\\/clubs.inverseteams.com\\\/fr\\\/\",\"name\":\"INVERSE\",\"description\":\"CUSTOM SPORTSWEAR\",\"potentialAction\":[{\"@type\":\"SearchAction\",\"target\":{\"@type\":\"EntryPoint\",\"urlTemplate\":\"https:\\\/\\\/clubs.inverseteams.com\\\/fr\\\/?s={search_term_string}\"},\"query-input\":{\"@type\":\"PropertyValueSpecification\",\"valueRequired\":true,\"valueName\":\"search_term_string\"}}],\"inLanguage\":\"fr-FR\"}]}<\/script>\n<!-- \/ Yoast SEO plugin. -->","yoast_head_json":{"title":"Mention l\u00e9gale - INVERSE","description":"1.- Donn\u00e9es d'identification. Ce site est la propri\u00e9t\u00e9 de CIRO SPORT, SL (ci-apr\u00e8s, CIRO SPORT), une entit\u00e9 d\u00fbment enregistr\u00e9e au Registre du Commerce de","robots":{"index":"index","follow":"follow","max-snippet":"max-snippet:-1","max-image-preview":"max-image-preview:large","max-video-preview":"max-video-preview:-1"},"canonical":"https:\/\/clubs.inverseteams.com\/fr\/mention-legale\/","og_locale":"fr_FR","og_type":"article","og_title":"Mention l\u00e9gale - INVERSE","og_description":"1.- Donn\u00e9es d'identification. Ce site est la propri\u00e9t\u00e9 de CIRO SPORT, SL (ci-apr\u00e8s, CIRO SPORT), une entit\u00e9 d\u00fbment enregistr\u00e9e au Registre du Commerce de","og_url":"https:\/\/clubs.inverseteams.com\/fr\/mention-legale\/","og_site_name":"INVERSE","article_modified_time":"2025-11-07T09:11:03+00:00","twitter_card":"summary_large_image","twitter_misc":{"Dur\u00e9e de lecture estim\u00e9e":"4 minutes"},"schema":{"@context":"https:\/\/schema.org","@graph":[{"@type":"WebPage","@id":"https:\/\/clubs.inverseteams.com\/fr\/mention-legale\/","url":"https:\/\/clubs.inverseteams.com\/fr\/mention-legale\/","name":"Mention l\u00e9gale - INVERSE","isPartOf":{"@id":"https:\/\/clubs.inverseteams.com\/fr\/#website"},"datePublished":"2023-12-18T15:32:52+00:00","dateModified":"2025-11-07T09:11:03+00:00","description":"1.- Donn\u00e9es d'identification. Ce site est la propri\u00e9t\u00e9 de CIRO SPORT, SL (ci-apr\u00e8s, CIRO SPORT), une entit\u00e9 d\u00fbment enregistr\u00e9e au Registre du Commerce de","breadcrumb":{"@id":"https:\/\/clubs.inverseteams.com\/fr\/mention-legale\/#breadcrumb"},"inLanguage":"fr-FR","potentialAction":[{"@type":"ReadAction","target":["https:\/\/clubs.inverseteams.com\/fr\/mention-legale\/"]}]},{"@type":"BreadcrumbList","@id":"https:\/\/clubs.inverseteams.com\/fr\/mention-legale\/#breadcrumb","itemListElement":[{"@type":"ListItem","position":1,"name":"Portada","item":"https:\/\/clubs.inverseteams.com\/fr\/"},{"@type":"ListItem","position":2,"name":"Mention l\u00e9gale"}]},{"@type":"WebSite","@id":"https:\/\/clubs.inverseteams.com\/fr\/#website","url":"https:\/\/clubs.inverseteams.com\/fr\/","name":"INVERSE","description":"CUSTOM SPORTSWEAR","potentialAction":[{"@type":"SearchAction","target":{"@type":"EntryPoint","urlTemplate":"https:\/\/clubs.inverseteams.com\/fr\/?s={search_term_string}"},"query-input":{"@type":"PropertyValueSpecification","valueRequired":true,"valueName":"search_term_string"}}],"inLanguage":"fr-FR"}]}},"_links":{"self":[{"href":"https:\/\/clubs.inverseteams.com\/fr\/wp-json\/wp\/v2\/pages\/30901","targetHints":{"allow":["GET"]}}],"collection":[{"href":"https:\/\/clubs.inverseteams.com\/fr\/wp-json\/wp\/v2\/pages"}],"about":[{"href":"https:\/\/clubs.inverseteams.com\/fr\/wp-json\/wp\/v2\/types\/page"}],"author":[{"embeddable":true,"href":"https:\/\/clubs.inverseteams.com\/fr\/wp-json\/wp\/v2\/users\/1"}],"replies":[{"embeddable":true,"href":"https:\/\/clubs.inverseteams.com\/fr\/wp-json\/wp\/v2\/comments?post=30901"}],"version-history":[{"count":1,"href":"https:\/\/clubs.inverseteams.com\/fr\/wp-json\/wp\/v2\/pages\/30901\/revisions"}],"predecessor-version":[{"id":30902,"href":"https:\/\/clubs.inverseteams.com\/fr\/wp-json\/wp\/v2\/pages\/30901\/revisions\/30902"}],"wp:attachment":[{"href":"https:\/\/clubs.inverseteams.com\/fr\/wp-json\/wp\/v2\/media?parent=30901"}],"curies":[{"name":"wp","href":"https:\/\/api.w.org\/{rel}","templated":true}]}}