{"id":17039,"date":"2025-08-28T09:34:39","date_gmt":"2025-08-28T09:34:39","guid":{"rendered":"https:\/\/clubs.inverseteams.com\/?post_type=product&#038;p=17039"},"modified":"2025-08-29T14:31:36","modified_gmt":"2025-08-29T14:31:36","slug":"pantalon-entreno-19701","status":"publish","type":"product","link":"https:\/\/clubs.inverseteams.com\/fr\/produit\/pantalon-entreno-19701\/","title":{"rendered":"Pantal\u00f3n entreno"},"content":{"rendered":"<p>Fabricado con un tejido de multifilamento resistente, con un tacto suave y muy agradable. Garantiza un confort total durante todo el partido.<br \/>\nEl patronaje de este pantal\u00f3n de b\u00e1squet est\u00e1 especialmente dise\u00f1ado para ofrecer una excelente libertad de movimiento. Tiene una apertura en los laterales para que puedas mover la pierna sin notar ninguna resistencia.<br \/>\nLa cintura est\u00e1 confeccionada con una goma el\u00e1stica que se adaptar\u00e1 perfectamente al cuerpo sin causar molestia. Adem\u00e1s, incorpora un cord\u00f3n para poder adaptar el ajuste al gusto del jugador.<\/p>\n","protected":false},"excerpt":{"rendered":"<p>Fabricado con un tejido de multifilamento resistente, con un tacto suave y muy agradable. Garantiza un confort total durante todo el partido.<br \/>\nEl patronaje de este pantal\u00f3n de b\u00e1squet est\u00e1 especialmente dise\u00f1ado para ofrecer una excelente libertad de movimiento. Tiene una apertura en los laterales para que puedas mover la pierna sin notar ninguna resistencia.<br \/>\nLa cintura est\u00e1 confeccionada con una goma el\u00e1stica que se adaptar\u00e1 perfectamente al cuerpo sin causar molestia. Adem\u00e1s, incorpora un cord\u00f3n para poder adaptar el ajuste al gusto del jugador.<\/p>\n","protected":false},"featured_media":17319,"comment_status":"closed","ping_status":"closed","template":"","meta":{"_acf_changed":false},"sports":[158],"customization-type":[],"product_brand":[],"product_cat":[516],"product_tag":[],"class_list":{"0":"post-17039","1":"product","2":"type-product","3":"status-publish","4":"has-post-thumbnail","6":"sports-futbol","7":"product_cat-fs-parets","9":"first","10":"instock","11":"taxable","12":"shipping-taxable","13":"product-type-variable","14":"grid-item futbol"},"acf":[],"yoast_head":"<!-- This site is optimized with the Yoast SEO plugin v27.1.1 - https:\/\/yoast.com\/product\/yoast-seo-wordpress\/ -->\n<title>Pantal\u00f3n entreno - INVERSE<\/title>\n<meta name=\"robots\" content=\"index, follow, max-snippet:-1, max-image-preview:large, max-video-preview:-1\" \/>\n<link rel=\"canonical\" href=\"https:\/\/clubs.inverseteams.com\/fr\/produit\/pantalon-entreno-19701\/\" \/>\n<meta property=\"og:locale\" content=\"fr_FR\" \/>\n<meta property=\"og:type\" content=\"article\" \/>\n<meta property=\"og:title\" content=\"Pantal\u00f3n entreno - INVERSE\" \/>\n<meta property=\"og:description\" content=\"Fabricado con un tejido de multifilamento resistente, con un tacto suave y muy agradable. Garantiza un confort total durante todo el partido. El patronaje de este pantal\u00f3n de b\u00e1squet est\u00e1 especialmente dise\u00f1ado para ofrecer una excelente libertad de movimiento. Tiene una apertura en los laterales para que puedas mover la pierna sin notar ninguna resistencia. La cintura est\u00e1 confeccionada con una goma el\u00e1stica que se adaptar\u00e1 perfectamente al cuerpo sin causar molestia. Adem\u00e1s, incorpora un cord\u00f3n para poder adaptar el ajuste al gusto del jugador.\" \/>\n<meta property=\"og:url\" content=\"https:\/\/clubs.inverseteams.com\/fr\/produit\/pantalon-entreno-19701\/\" \/>\n<meta property=\"og:site_name\" content=\"INVERSE\" \/>\n<meta property=\"article:modified_time\" content=\"2025-08-29T14:31:36+00:00\" \/>\n<meta property=\"og:image\" content=\"https:\/\/clubs.inverseteams.com\/wp-content\/uploads\/PANTALON-ENTRENO-SF42-1.png\" \/>\n\t<meta property=\"og:image:width\" content=\"900\" \/>\n\t<meta property=\"og:image:height\" content=\"990\" \/>\n\t<meta property=\"og:image:type\" content=\"image\/png\" \/>\n<meta name=\"twitter:card\" content=\"summary_large_image\" \/>\n<meta name=\"twitter:label1\" content=\"Dur\u00e9e de lecture estim\u00e9e\" \/>\n\t<meta name=\"twitter:data1\" content=\"1 minute\" \/>\n<script type=\"application\/ld+json\" class=\"yoast-schema-graph\">{\"@context\":\"https:\/\/schema.org\",\"@graph\":[{\"@type\":\"WebPage\",\"@id\":\"https:\/\/clubs.inverseteams.com\/fr\/produit\/pantalon-entreno-19701\/\",\"url\":\"https:\/\/clubs.inverseteams.com\/fr\/produit\/pantalon-entreno-19701\/\",\"name\":\"Pantal\u00f3n entreno - INVERSE\",\"isPartOf\":{\"@id\":\"https:\/\/clubs.inverseteams.com\/fr\/#website\"},\"primaryImageOfPage\":{\"@id\":\"https:\/\/clubs.inverseteams.com\/fr\/produit\/pantalon-entreno-19701\/#primaryimage\"},\"image\":{\"@id\":\"https:\/\/clubs.inverseteams.com\/fr\/produit\/pantalon-entreno-19701\/#primaryimage\"},\"thumbnailUrl\":\"https:\/\/clubs.inverseteams.com\/wp-content\/uploads\/PANTALON-ENTRENO-SF42-1.png\",\"datePublished\":\"2025-08-28T09:34:39+00:00\",\"dateModified\":\"2025-08-29T14:31:36+00:00\",\"breadcrumb\":{\"@id\":\"https:\/\/clubs.inverseteams.com\/fr\/produit\/pantalon-entreno-19701\/#breadcrumb\"},\"inLanguage\":\"fr-FR\",\"potentialAction\":[{\"@type\":\"ReadAction\",\"target\":[\"https:\/\/clubs.inverseteams.com\/fr\/produit\/pantalon-entreno-19701\/\"]}]},{\"@type\":\"ImageObject\",\"inLanguage\":\"fr-FR\",\"@id\":\"https:\/\/clubs.inverseteams.com\/fr\/produit\/pantalon-entreno-19701\/#primaryimage\",\"url\":\"https:\/\/clubs.inverseteams.com\/wp-content\/uploads\/PANTALON-ENTRENO-SF42-1.png\",\"contentUrl\":\"https:\/\/clubs.inverseteams.com\/wp-content\/uploads\/PANTALON-ENTRENO-SF42-1.png\",\"width\":900,\"height\":990},{\"@type\":\"BreadcrumbList\",\"@id\":\"https:\/\/clubs.inverseteams.com\/fr\/produit\/pantalon-entreno-19701\/#breadcrumb\",\"itemListElement\":[{\"@type\":\"ListItem\",\"position\":1,\"name\":\"Portada\",\"item\":\"https:\/\/clubs.inverseteams.com\/fr\/\"},{\"@type\":\"ListItem\",\"position\":2,\"name\":\"Produits\",\"item\":\"https:\/\/clubs.inverseteams.com\/fr\/shop\/\"},{\"@type\":\"ListItem\",\"position\":3,\"name\":\"Pantal\u00f3n entreno\"}]},{\"@type\":\"WebSite\",\"@id\":\"https:\/\/clubs.inverseteams.com\/fr\/#website\",\"url\":\"https:\/\/clubs.inverseteams.com\/fr\/\",\"name\":\"INVERSE\",\"description\":\"CUSTOM SPORTSWEAR\",\"potentialAction\":[{\"@type\":\"SearchAction\",\"target\":{\"@type\":\"EntryPoint\",\"urlTemplate\":\"https:\/\/clubs.inverseteams.com\/fr\/?s={search_term_string}\"},\"query-input\":{\"@type\":\"PropertyValueSpecification\",\"valueRequired\":true,\"valueName\":\"search_term_string\"}}],\"inLanguage\":\"fr-FR\"}]}<\/script>\n<!-- \/ Yoast SEO plugin. -->","yoast_head_json":{"title":"Pantal\u00f3n entreno - INVERSE","robots":{"index":"index","follow":"follow","max-snippet":"max-snippet:-1","max-image-preview":"max-image-preview:large","max-video-preview":"max-video-preview:-1"},"canonical":"https:\/\/clubs.inverseteams.com\/fr\/produit\/pantalon-entreno-19701\/","og_locale":"fr_FR","og_type":"article","og_title":"Pantal\u00f3n entreno - INVERSE","og_description":"Fabricado con un tejido de multifilamento resistente, con un tacto suave y muy agradable. Garantiza un confort total durante todo el partido. El patronaje de este pantal\u00f3n de b\u00e1squet est\u00e1 especialmente dise\u00f1ado para ofrecer una excelente libertad de movimiento. Tiene una apertura en los laterales para que puedas mover la pierna sin notar ninguna resistencia. La cintura est\u00e1 confeccionada con una goma el\u00e1stica que se adaptar\u00e1 perfectamente al cuerpo sin causar molestia. Adem\u00e1s, incorpora un cord\u00f3n para poder adaptar el ajuste al gusto del jugador.","og_url":"https:\/\/clubs.inverseteams.com\/fr\/produit\/pantalon-entreno-19701\/","og_site_name":"INVERSE","article_modified_time":"2025-08-29T14:31:36+00:00","og_image":[{"width":900,"height":990,"url":"https:\/\/clubs.inverseteams.com\/wp-content\/uploads\/PANTALON-ENTRENO-SF42-1.png","type":"image\/png"}],"twitter_card":"summary_large_image","twitter_misc":{"Dur\u00e9e de lecture estim\u00e9e":"1 minute"},"schema":{"@context":"https:\/\/schema.org","@graph":[{"@type":"WebPage","@id":"https:\/\/clubs.inverseteams.com\/fr\/produit\/pantalon-entreno-19701\/","url":"https:\/\/clubs.inverseteams.com\/fr\/produit\/pantalon-entreno-19701\/","name":"Pantal\u00f3n entreno - INVERSE","isPartOf":{"@id":"https:\/\/clubs.inverseteams.com\/fr\/#website"},"primaryImageOfPage":{"@id":"https:\/\/clubs.inverseteams.com\/fr\/produit\/pantalon-entreno-19701\/#primaryimage"},"image":{"@id":"https:\/\/clubs.inverseteams.com\/fr\/produit\/pantalon-entreno-19701\/#primaryimage"},"thumbnailUrl":"https:\/\/clubs.inverseteams.com\/wp-content\/uploads\/PANTALON-ENTRENO-SF42-1.png","datePublished":"2025-08-28T09:34:39+00:00","dateModified":"2025-08-29T14:31:36+00:00","breadcrumb":{"@id":"https:\/\/clubs.inverseteams.com\/fr\/produit\/pantalon-entreno-19701\/#breadcrumb"},"inLanguage":"fr-FR","potentialAction":[{"@type":"ReadAction","target":["https:\/\/clubs.inverseteams.com\/fr\/produit\/pantalon-entreno-19701\/"]}]},{"@type":"ImageObject","inLanguage":"fr-FR","@id":"https:\/\/clubs.inverseteams.com\/fr\/produit\/pantalon-entreno-19701\/#primaryimage","url":"https:\/\/clubs.inverseteams.com\/wp-content\/uploads\/PANTALON-ENTRENO-SF42-1.png","contentUrl":"https:\/\/clubs.inverseteams.com\/wp-content\/uploads\/PANTALON-ENTRENO-SF42-1.png","width":900,"height":990},{"@type":"BreadcrumbList","@id":"https:\/\/clubs.inverseteams.com\/fr\/produit\/pantalon-entreno-19701\/#breadcrumb","itemListElement":[{"@type":"ListItem","position":1,"name":"Portada","item":"https:\/\/clubs.inverseteams.com\/fr\/"},{"@type":"ListItem","position":2,"name":"Produits","item":"https:\/\/clubs.inverseteams.com\/fr\/shop\/"},{"@type":"ListItem","position":3,"name":"Pantal\u00f3n entreno"}]},{"@type":"WebSite","@id":"https:\/\/clubs.inverseteams.com\/fr\/#website","url":"https:\/\/clubs.inverseteams.com\/fr\/","name":"INVERSE","description":"CUSTOM SPORTSWEAR","potentialAction":[{"@type":"SearchAction","target":{"@type":"EntryPoint","urlTemplate":"https:\/\/clubs.inverseteams.com\/fr\/?s={search_term_string}"},"query-input":{"@type":"PropertyValueSpecification","valueRequired":true,"valueName":"search_term_string"}}],"inLanguage":"fr-FR"}]}},"_links":{"self":[{"href":"https:\/\/clubs.inverseteams.com\/fr\/wp-json\/wp\/v2\/product\/17039","targetHints":{"allow":["GET"]}}],"collection":[{"href":"https:\/\/clubs.inverseteams.com\/fr\/wp-json\/wp\/v2\/product"}],"about":[{"href":"https:\/\/clubs.inverseteams.com\/fr\/wp-json\/wp\/v2\/types\/product"}],"replies":[{"embeddable":true,"href":"https:\/\/clubs.inverseteams.com\/fr\/wp-json\/wp\/v2\/comments?post=17039"}],"wp:featuredmedia":[{"embeddable":true,"href":"https:\/\/clubs.inverseteams.com\/fr\/wp-json\/wp\/v2\/media\/17319"}],"wp:attachment":[{"href":"https:\/\/clubs.inverseteams.com\/fr\/wp-json\/wp\/v2\/media?parent=17039"}],"wp:term":[{"taxonomy":"sports","embeddable":true,"href":"https:\/\/clubs.inverseteams.com\/fr\/wp-json\/wp\/v2\/sports?post=17039"},{"taxonomy":"customization-type","embeddable":true,"href":"https:\/\/clubs.inverseteams.com\/fr\/wp-json\/wp\/v2\/customization-type?post=17039"},{"taxonomy":"product_brand","embeddable":true,"href":"https:\/\/clubs.inverseteams.com\/fr\/wp-json\/wp\/v2\/product_brand?post=17039"},{"taxonomy":"product_cat","embeddable":true,"href":"https:\/\/clubs.inverseteams.com\/fr\/wp-json\/wp\/v2\/product_cat?post=17039"},{"taxonomy":"product_tag","embeddable":true,"href":"https:\/\/clubs.inverseteams.com\/fr\/wp-json\/wp\/v2\/product_tag?post=17039"}],"curies":[{"name":"wp","href":"https:\/\/api.w.org\/{rel}","templated":true}]}}