{"id":29426,"date":"2025-12-22T17:25:52","date_gmt":"2025-12-22T17:25:52","guid":{"rendered":"https:\/\/clubs.inverseteams.com\/?post_type=product&#038;p=29426"},"modified":"2025-12-22T17:25:52","modified_gmt":"2025-12-22T17:25:52","slug":"malla-larga-pulse-19822","status":"publish","type":"product","link":"https:\/\/clubs.inverseteams.com\/fr\/produit\/malla-larga-pulse-19822\/","title":{"rendered":"Malla pirata PULSE"},"content":{"rendered":"<p>Con la nueva malla de running conseguir\u00e1s alcanzar tu m\u00e1ximo rendimiento. La elasticidad del tejido permitir\u00e1 que se adapte perfectamente a tus piernas. Adem\u00e1s tienen un tacto muy agradable para que te sientas confortable durante largas sesiones de ejercicio.<br \/>\nLas costuras planas que incorpora son muy resistentes y evitan cualquier roce o irritaci\u00f3n de la piel. La goma el\u00e1stica de la cintura se ajusta muy bien al cuerpo y mantiene la malla firme sin molestar.<br \/>\nAl final de las piernas tiene una banda el\u00e1stica microperforada con un grip de silicona hipoalerg\u00e9nica en su interior. \u00c9sta evita que aumente la sudoraci\u00f3n y mantiene la prenda bien sujeta a la pierna. En el exterior tiene unas l\u00edneas reflectantes 360\u00ba que aumentar\u00e1n tu seguridad ya que reflejar\u00e1n la luz de los veh\u00edculos.<\/p>\n","protected":false},"excerpt":{"rendered":"<p>Con la nueva malla de running conseguir\u00e1s alcanzar tu m\u00e1ximo rendimiento. La elasticidad del tejido permitir\u00e1 que se adapte perfectamente a tus piernas. Adem\u00e1s tienen un tacto muy agradable para que te sientas confortable durante largas sesiones de ejercicio.<br \/>\nLas costuras planas que incorpora son muy resistentes y evitan cualquier roce o irritaci\u00f3n de la piel. La goma el\u00e1stica de la cintura se ajusta muy bien al cuerpo y mantiene la malla firme sin molestar.<br \/>\nAl final de las piernas tiene una banda el\u00e1stica microperforada con un grip de silicona hipoalerg\u00e9nica en su interior. \u00c9sta evita que aumente la sudoraci\u00f3n y mantiene la prenda bien sujeta a la pierna. En el exterior tiene unas l\u00edneas reflectantes 360\u00ba que aumentar\u00e1n tu seguridad ya que reflejar\u00e1n la luz de los veh\u00edculos.<\/p>\n","protected":false},"featured_media":29353,"comment_status":"closed","ping_status":"closed","template":"","meta":{"_acf_changed":false},"sports":[163,161],"customization-type":[],"product_brand":[],"product_cat":[824],"product_tag":[],"class_list":{"0":"post-29426","1":"product","2":"type-product","3":"status-publish","4":"has-post-thumbnail","6":"sports-running","7":"sports-atletismo","8":"product_cat-club-atletisme-vilafranca","9":"product_shipping_class-envio-gratis","11":"first","12":"instock","13":"taxable","14":"shipping-taxable","15":"product-type-variable","16":"grid-item running","17":"grid-item atletismo"},"acf":[],"yoast_head":"<!-- This site is optimized with the Yoast SEO plugin v27.1.1 - https:\/\/yoast.com\/product\/yoast-seo-wordpress\/ -->\n<title>Malla pirata PULSE - INVERSE<\/title>\n<meta name=\"robots\" content=\"index, follow, max-snippet:-1, max-image-preview:large, max-video-preview:-1\" \/>\n<link rel=\"canonical\" href=\"https:\/\/clubs.inverseteams.com\/fr\/produit\/malla-larga-pulse-19822\/\" \/>\n<meta property=\"og:locale\" content=\"fr_FR\" \/>\n<meta property=\"og:type\" content=\"article\" \/>\n<meta property=\"og:title\" content=\"Malla pirata PULSE - INVERSE\" \/>\n<meta property=\"og:description\" content=\"Con la nueva malla de running conseguir\u00e1s alcanzar tu m\u00e1ximo rendimiento. La elasticidad del tejido permitir\u00e1 que se adapte perfectamente a tus piernas. Adem\u00e1s tienen un tacto muy agradable para que te sientas confortable durante largas sesiones de ejercicio. Las costuras planas que incorpora son muy resistentes y evitan cualquier roce o irritaci\u00f3n de la piel. La goma el\u00e1stica de la cintura se ajusta muy bien al cuerpo y mantiene la malla firme sin molestar. Al final de las piernas tiene una banda el\u00e1stica microperforada con un grip de silicona hipoalerg\u00e9nica en su interior. \u00c9sta evita que aumente la sudoraci\u00f3n y mantiene la prenda bien sujeta a la pierna. En el exterior tiene unas l\u00edneas reflectantes 360\u00ba que aumentar\u00e1n tu seguridad ya que reflejar\u00e1n la luz de los veh\u00edculos.\" \/>\n<meta property=\"og:url\" content=\"https:\/\/clubs.inverseteams.com\/fr\/produit\/malla-larga-pulse-19822\/\" \/>\n<meta property=\"og:site_name\" content=\"INVERSE\" \/>\n<meta property=\"og:image\" content=\"https:\/\/clubs.inverseteams.com\/wp-content\/uploads\/MALLA-PIRATA-PULSE-1.png\" \/>\n\t<meta property=\"og:image:width\" content=\"900\" \/>\n\t<meta property=\"og:image:height\" content=\"990\" \/>\n\t<meta property=\"og:image:type\" content=\"image\/png\" \/>\n<meta name=\"twitter:card\" content=\"summary_large_image\" \/>\n<meta name=\"twitter:label1\" content=\"Dur\u00e9e de lecture estim\u00e9e\" \/>\n\t<meta name=\"twitter:data1\" content=\"1 minute\" \/>\n<script type=\"application\/ld+json\" class=\"yoast-schema-graph\">{\"@context\":\"https:\/\/schema.org\",\"@graph\":[{\"@type\":\"WebPage\",\"@id\":\"https:\/\/clubs.inverseteams.com\/fr\/produit\/malla-larga-pulse-19822\/\",\"url\":\"https:\/\/clubs.inverseteams.com\/fr\/produit\/malla-larga-pulse-19822\/\",\"name\":\"Malla pirata PULSE - INVERSE\",\"isPartOf\":{\"@id\":\"https:\/\/clubs.inverseteams.com\/fr\/#website\"},\"primaryImageOfPage\":{\"@id\":\"https:\/\/clubs.inverseteams.com\/fr\/produit\/malla-larga-pulse-19822\/#primaryimage\"},\"image\":{\"@id\":\"https:\/\/clubs.inverseteams.com\/fr\/produit\/malla-larga-pulse-19822\/#primaryimage\"},\"thumbnailUrl\":\"https:\/\/clubs.inverseteams.com\/wp-content\/uploads\/MALLA-PIRATA-PULSE-1.png\",\"datePublished\":\"2025-12-22T17:25:52+00:00\",\"breadcrumb\":{\"@id\":\"https:\/\/clubs.inverseteams.com\/fr\/produit\/malla-larga-pulse-19822\/#breadcrumb\"},\"inLanguage\":\"fr-FR\",\"potentialAction\":[{\"@type\":\"ReadAction\",\"target\":[\"https:\/\/clubs.inverseteams.com\/fr\/produit\/malla-larga-pulse-19822\/\"]}]},{\"@type\":\"ImageObject\",\"inLanguage\":\"fr-FR\",\"@id\":\"https:\/\/clubs.inverseteams.com\/fr\/produit\/malla-larga-pulse-19822\/#primaryimage\",\"url\":\"https:\/\/clubs.inverseteams.com\/wp-content\/uploads\/MALLA-PIRATA-PULSE-1.png\",\"contentUrl\":\"https:\/\/clubs.inverseteams.com\/wp-content\/uploads\/MALLA-PIRATA-PULSE-1.png\",\"width\":900,\"height\":990},{\"@type\":\"BreadcrumbList\",\"@id\":\"https:\/\/clubs.inverseteams.com\/fr\/produit\/malla-larga-pulse-19822\/#breadcrumb\",\"itemListElement\":[{\"@type\":\"ListItem\",\"position\":1,\"name\":\"Portada\",\"item\":\"https:\/\/clubs.inverseteams.com\/fr\/\"},{\"@type\":\"ListItem\",\"position\":2,\"name\":\"Produits\",\"item\":\"https:\/\/clubs.inverseteams.com\/fr\/shop\/\"},{\"@type\":\"ListItem\",\"position\":3,\"name\":\"Malla pirata PULSE\"}]},{\"@type\":\"WebSite\",\"@id\":\"https:\/\/clubs.inverseteams.com\/fr\/#website\",\"url\":\"https:\/\/clubs.inverseteams.com\/fr\/\",\"name\":\"INVERSE\",\"description\":\"CUSTOM SPORTSWEAR\",\"potentialAction\":[{\"@type\":\"SearchAction\",\"target\":{\"@type\":\"EntryPoint\",\"urlTemplate\":\"https:\/\/clubs.inverseteams.com\/fr\/?s={search_term_string}\"},\"query-input\":{\"@type\":\"PropertyValueSpecification\",\"valueRequired\":true,\"valueName\":\"search_term_string\"}}],\"inLanguage\":\"fr-FR\"}]}<\/script>\n<!-- \/ Yoast SEO plugin. -->","yoast_head_json":{"title":"Malla pirata PULSE - INVERSE","robots":{"index":"index","follow":"follow","max-snippet":"max-snippet:-1","max-image-preview":"max-image-preview:large","max-video-preview":"max-video-preview:-1"},"canonical":"https:\/\/clubs.inverseteams.com\/fr\/produit\/malla-larga-pulse-19822\/","og_locale":"fr_FR","og_type":"article","og_title":"Malla pirata PULSE - INVERSE","og_description":"Con la nueva malla de running conseguir\u00e1s alcanzar tu m\u00e1ximo rendimiento. La elasticidad del tejido permitir\u00e1 que se adapte perfectamente a tus piernas. Adem\u00e1s tienen un tacto muy agradable para que te sientas confortable durante largas sesiones de ejercicio. Las costuras planas que incorpora son muy resistentes y evitan cualquier roce o irritaci\u00f3n de la piel. La goma el\u00e1stica de la cintura se ajusta muy bien al cuerpo y mantiene la malla firme sin molestar. Al final de las piernas tiene una banda el\u00e1stica microperforada con un grip de silicona hipoalerg\u00e9nica en su interior. \u00c9sta evita que aumente la sudoraci\u00f3n y mantiene la prenda bien sujeta a la pierna. En el exterior tiene unas l\u00edneas reflectantes 360\u00ba que aumentar\u00e1n tu seguridad ya que reflejar\u00e1n la luz de los veh\u00edculos.","og_url":"https:\/\/clubs.inverseteams.com\/fr\/produit\/malla-larga-pulse-19822\/","og_site_name":"INVERSE","og_image":[{"width":900,"height":990,"url":"https:\/\/clubs.inverseteams.com\/wp-content\/uploads\/MALLA-PIRATA-PULSE-1.png","type":"image\/png"}],"twitter_card":"summary_large_image","twitter_misc":{"Dur\u00e9e de lecture estim\u00e9e":"1 minute"},"schema":{"@context":"https:\/\/schema.org","@graph":[{"@type":"WebPage","@id":"https:\/\/clubs.inverseteams.com\/fr\/produit\/malla-larga-pulse-19822\/","url":"https:\/\/clubs.inverseteams.com\/fr\/produit\/malla-larga-pulse-19822\/","name":"Malla pirata PULSE - INVERSE","isPartOf":{"@id":"https:\/\/clubs.inverseteams.com\/fr\/#website"},"primaryImageOfPage":{"@id":"https:\/\/clubs.inverseteams.com\/fr\/produit\/malla-larga-pulse-19822\/#primaryimage"},"image":{"@id":"https:\/\/clubs.inverseteams.com\/fr\/produit\/malla-larga-pulse-19822\/#primaryimage"},"thumbnailUrl":"https:\/\/clubs.inverseteams.com\/wp-content\/uploads\/MALLA-PIRATA-PULSE-1.png","datePublished":"2025-12-22T17:25:52+00:00","breadcrumb":{"@id":"https:\/\/clubs.inverseteams.com\/fr\/produit\/malla-larga-pulse-19822\/#breadcrumb"},"inLanguage":"fr-FR","potentialAction":[{"@type":"ReadAction","target":["https:\/\/clubs.inverseteams.com\/fr\/produit\/malla-larga-pulse-19822\/"]}]},{"@type":"ImageObject","inLanguage":"fr-FR","@id":"https:\/\/clubs.inverseteams.com\/fr\/produit\/malla-larga-pulse-19822\/#primaryimage","url":"https:\/\/clubs.inverseteams.com\/wp-content\/uploads\/MALLA-PIRATA-PULSE-1.png","contentUrl":"https:\/\/clubs.inverseteams.com\/wp-content\/uploads\/MALLA-PIRATA-PULSE-1.png","width":900,"height":990},{"@type":"BreadcrumbList","@id":"https:\/\/clubs.inverseteams.com\/fr\/produit\/malla-larga-pulse-19822\/#breadcrumb","itemListElement":[{"@type":"ListItem","position":1,"name":"Portada","item":"https:\/\/clubs.inverseteams.com\/fr\/"},{"@type":"ListItem","position":2,"name":"Produits","item":"https:\/\/clubs.inverseteams.com\/fr\/shop\/"},{"@type":"ListItem","position":3,"name":"Malla pirata PULSE"}]},{"@type":"WebSite","@id":"https:\/\/clubs.inverseteams.com\/fr\/#website","url":"https:\/\/clubs.inverseteams.com\/fr\/","name":"INVERSE","description":"CUSTOM SPORTSWEAR","potentialAction":[{"@type":"SearchAction","target":{"@type":"EntryPoint","urlTemplate":"https:\/\/clubs.inverseteams.com\/fr\/?s={search_term_string}"},"query-input":{"@type":"PropertyValueSpecification","valueRequired":true,"valueName":"search_term_string"}}],"inLanguage":"fr-FR"}]}},"_links":{"self":[{"href":"https:\/\/clubs.inverseteams.com\/fr\/wp-json\/wp\/v2\/product\/29426","targetHints":{"allow":["GET"]}}],"collection":[{"href":"https:\/\/clubs.inverseteams.com\/fr\/wp-json\/wp\/v2\/product"}],"about":[{"href":"https:\/\/clubs.inverseteams.com\/fr\/wp-json\/wp\/v2\/types\/product"}],"replies":[{"embeddable":true,"href":"https:\/\/clubs.inverseteams.com\/fr\/wp-json\/wp\/v2\/comments?post=29426"}],"wp:featuredmedia":[{"embeddable":true,"href":"https:\/\/clubs.inverseteams.com\/fr\/wp-json\/wp\/v2\/media\/29353"}],"wp:attachment":[{"href":"https:\/\/clubs.inverseteams.com\/fr\/wp-json\/wp\/v2\/media?parent=29426"}],"wp:term":[{"taxonomy":"sports","embeddable":true,"href":"https:\/\/clubs.inverseteams.com\/fr\/wp-json\/wp\/v2\/sports?post=29426"},{"taxonomy":"customization-type","embeddable":true,"href":"https:\/\/clubs.inverseteams.com\/fr\/wp-json\/wp\/v2\/customization-type?post=29426"},{"taxonomy":"product_brand","embeddable":true,"href":"https:\/\/clubs.inverseteams.com\/fr\/wp-json\/wp\/v2\/product_brand?post=29426"},{"taxonomy":"product_cat","embeddable":true,"href":"https:\/\/clubs.inverseteams.com\/fr\/wp-json\/wp\/v2\/product_cat?post=29426"},{"taxonomy":"product_tag","embeddable":true,"href":"https:\/\/clubs.inverseteams.com\/fr\/wp-json\/wp\/v2\/product_tag?post=29426"}],"curies":[{"name":"wp","href":"https:\/\/api.w.org\/{rel}","templated":true}]}}