{"id":59996,"date":"2025-12-14T13:12:01","date_gmt":"2025-12-14T13:12:01","guid":{"rendered":"https:\/\/clubs.inverseteams.com\/?post_type=product&#038;p=59996"},"modified":"2025-12-15T15:54:40","modified_gmt":"2025-12-15T15:54:40","slug":"maillot-manga-corta-tempus-17543","status":"publish","type":"product","link":"https:\/\/clubs.inverseteams.com\/fr\/produit\/maillot-manga-corta-tempus-17543\/","title":{"rendered":"Maillot manga corta TEMPUS"},"content":{"rendered":"<p>Maillot t\u00e9cnico s\u00faper ligero ideal para la competici\u00f3n y los entrenamientos. Destaca por su gran aerodin\u00e1mica. Se adapta perfectamente al cuerpo y las franjas del tejido del brazo permiten un flujo \u00f3ptimo del aire. La forma anat\u00f3mica del cuello permite que \u00e9ste se adapte a la posici\u00f3n ciclista sin molestar y evitando que entre el aire.<br \/>\nEste Maillot ciclista personalizado combina diferentes tecnolog\u00edas para que siempre se mantenga en la posici\u00f3n ideal. En el interior de las mangas tiene un grip de silicona hipoalerg\u00e9nica para que siempre se mantengan bien arrapadas al brazo. En la cintura tiene un ribete que ajustar\u00e1 el maillot a tu cuerpo. \u00c9ste incorpora unas l\u00edneas reflectantes 360\u00ba que aumentar\u00e1n tu seguridad ya que reflejar\u00e1n la luz de los veh\u00edculos.<br \/>\nEn la zona lumbar incorpora 3 bolsillos con el nuevo sistema de Seguridad ISP \u2013 Inverse Safe Pocket \u2013 donde podr\u00e1s guardar cualquier objeto sin miedo a perderlo. Disfruta del ciclismo sin preocupaciones.<br \/>\nCombina 4 tejidos dise\u00f1ados para que el maillot se ajuste perfectamente al cuerpo y puedas expulsar la humedad r\u00e1pidamente, manteniendo el cuerpo seco y fresco. El tratamiento Dual Comfort System permite regular la temperatura corporal y evitar\u00e1 un sobrecalentamiento de la piel. El maillot est\u00e1 concebido para que puedas rendir al m\u00e1ximo.<\/p>\n","protected":false},"excerpt":{"rendered":"<p>Maillot t\u00e9cnico s\u00faper ligero ideal para la competici\u00f3n y los entrenamientos. Destaca por su gran aerodin\u00e1mica. Se adapta perfectamente al cuerpo y las franjas del tejido del brazo permiten un flujo \u00f3ptimo del aire. La forma anat\u00f3mica del cuello permite que \u00e9ste se adapte a la posici\u00f3n ciclista sin molestar y evitando que entre el aire.<br \/>\nEste Maillot ciclista personalizado combina diferentes tecnolog\u00edas para que siempre se mantenga en la posici\u00f3n ideal. En el interior de las mangas tiene un grip de silicona hipoalerg\u00e9nica para que siempre se mantengan bien arrapadas al brazo. En la cintura tiene un ribete que ajustar\u00e1 el maillot a tu cuerpo. \u00c9ste incorpora unas l\u00edneas reflectantes 360\u00ba que aumentar\u00e1n tu seguridad ya que reflejar\u00e1n la luz de los veh\u00edculos.<br \/>\nEn la zona lumbar incorpora 3 bolsillos con el nuevo sistema de Seguridad ISP \u2013 Inverse Safe Pocket \u2013 donde podr\u00e1s guardar cualquier objeto sin miedo a perderlo. Disfruta del ciclismo sin preocupaciones.<br \/>\nCombina 4 tejidos dise\u00f1ados para que el maillot se ajuste perfectamente al cuerpo y puedas expulsar la humedad r\u00e1pidamente, manteniendo el cuerpo seco y fresco. El tratamiento Dual Comfort System permite regular la temperatura corporal y evitar\u00e1 un sobrecalentamiento de la piel. El maillot est\u00e1 concebido para que puedas rendir al m\u00e1ximo.<\/p>\n","protected":false},"featured_media":60837,"comment_status":"closed","ping_status":"closed","template":"","meta":{"_acf_changed":false},"sports":[170],"customization-type":[],"product_brand":[],"product_cat":[1021],"product_tag":[],"class_list":{"0":"post-59996","1":"product","2":"type-product","3":"status-publish","4":"has-post-thumbnail","6":"sports-ciclismo","7":"product_cat-al-fanadic-posadas","8":"product_shipping_class-envio-gratis","10":"first","11":"instock","12":"taxable","13":"shipping-taxable","14":"product-type-variable","15":"grid-item ciclismo"},"acf":[],"yoast_head":"<!-- This site is optimized with the Yoast SEO plugin v27.1.1 - https:\/\/yoast.com\/product\/yoast-seo-wordpress\/ -->\n<title>Maillot manga corta TEMPUS - INVERSE<\/title>\n<meta name=\"robots\" content=\"index, follow, max-snippet:-1, max-image-preview:large, max-video-preview:-1\" \/>\n<link rel=\"canonical\" href=\"https:\/\/clubs.inverseteams.com\/fr\/produit\/maillot-manga-corta-tempus-17543\/\" \/>\n<meta property=\"og:locale\" content=\"fr_FR\" \/>\n<meta property=\"og:type\" content=\"article\" \/>\n<meta property=\"og:title\" content=\"Maillot manga corta TEMPUS - INVERSE\" \/>\n<meta property=\"og:description\" content=\"Maillot t\u00e9cnico s\u00faper ligero ideal para la competici\u00f3n y los entrenamientos. Destaca por su gran aerodin\u00e1mica. Se adapta perfectamente al cuerpo y las franjas del tejido del brazo permiten un flujo \u00f3ptimo del aire. La forma anat\u00f3mica del cuello permite que \u00e9ste se adapte a la posici\u00f3n ciclista sin molestar y evitando que entre el aire. Este Maillot ciclista personalizado combina diferentes tecnolog\u00edas para que siempre se mantenga en la posici\u00f3n ideal. En el interior de las mangas tiene un grip de silicona hipoalerg\u00e9nica para que siempre se mantengan bien arrapadas al brazo. En la cintura tiene un ribete que ajustar\u00e1 el maillot a tu cuerpo. \u00c9ste incorpora unas l\u00edneas reflectantes 360\u00ba que aumentar\u00e1n tu seguridad ya que reflejar\u00e1n la luz de los veh\u00edculos. En la zona lumbar incorpora 3 bolsillos con el nuevo sistema de Seguridad ISP \u2013 Inverse Safe Pocket \u2013 donde podr\u00e1s guardar cualquier objeto sin miedo a perderlo. Disfruta del ciclismo sin preocupaciones. Combina 4 tejidos dise\u00f1ados para que el maillot se ajuste perfectamente al cuerpo y puedas expulsar la humedad r\u00e1pidamente, manteniendo el cuerpo seco y fresco. El tratamiento Dual Comfort System permite regular la temperatura corporal y evitar\u00e1 un sobrecalentamiento de la piel. El maillot est\u00e1 concebido para que puedas rendir al m\u00e1ximo.\" \/>\n<meta property=\"og:url\" content=\"https:\/\/clubs.inverseteams.com\/fr\/produit\/maillot-manga-corta-tempus-17543\/\" \/>\n<meta property=\"og:site_name\" content=\"INVERSE\" \/>\n<meta property=\"article:modified_time\" content=\"2025-12-15T15:54:40+00:00\" \/>\n<meta property=\"og:image\" content=\"https:\/\/clubs.inverseteams.com\/wp-content\/uploads\/FANADIC-MAILLOT-MC-1.png\" \/>\n\t<meta property=\"og:image:width\" content=\"900\" \/>\n\t<meta property=\"og:image:height\" content=\"990\" \/>\n\t<meta property=\"og:image:type\" content=\"image\/png\" \/>\n<meta name=\"twitter:card\" content=\"summary_large_image\" \/>\n<meta name=\"twitter:label1\" content=\"Dur\u00e9e de lecture estim\u00e9e\" \/>\n\t<meta name=\"twitter:data1\" content=\"2 minutes\" \/>\n<script type=\"application\/ld+json\" class=\"yoast-schema-graph\">{\"@context\":\"https:\/\/schema.org\",\"@graph\":[{\"@type\":\"WebPage\",\"@id\":\"https:\/\/clubs.inverseteams.com\/fr\/produit\/maillot-manga-corta-tempus-17543\/\",\"url\":\"https:\/\/clubs.inverseteams.com\/fr\/produit\/maillot-manga-corta-tempus-17543\/\",\"name\":\"Maillot manga corta TEMPUS - INVERSE\",\"isPartOf\":{\"@id\":\"https:\/\/clubs.inverseteams.com\/fr\/#website\"},\"primaryImageOfPage\":{\"@id\":\"https:\/\/clubs.inverseteams.com\/fr\/produit\/maillot-manga-corta-tempus-17543\/#primaryimage\"},\"image\":{\"@id\":\"https:\/\/clubs.inverseteams.com\/fr\/produit\/maillot-manga-corta-tempus-17543\/#primaryimage\"},\"thumbnailUrl\":\"https:\/\/clubs.inverseteams.com\/wp-content\/uploads\/FANADIC-MAILLOT-MC-1.png\",\"datePublished\":\"2025-12-14T13:12:01+00:00\",\"dateModified\":\"2025-12-15T15:54:40+00:00\",\"breadcrumb\":{\"@id\":\"https:\/\/clubs.inverseteams.com\/fr\/produit\/maillot-manga-corta-tempus-17543\/#breadcrumb\"},\"inLanguage\":\"fr-FR\",\"potentialAction\":[{\"@type\":\"ReadAction\",\"target\":[\"https:\/\/clubs.inverseteams.com\/fr\/produit\/maillot-manga-corta-tempus-17543\/\"]}]},{\"@type\":\"ImageObject\",\"inLanguage\":\"fr-FR\",\"@id\":\"https:\/\/clubs.inverseteams.com\/fr\/produit\/maillot-manga-corta-tempus-17543\/#primaryimage\",\"url\":\"https:\/\/clubs.inverseteams.com\/wp-content\/uploads\/FANADIC-MAILLOT-MC-1.png\",\"contentUrl\":\"https:\/\/clubs.inverseteams.com\/wp-content\/uploads\/FANADIC-MAILLOT-MC-1.png\",\"width\":900,\"height\":990},{\"@type\":\"BreadcrumbList\",\"@id\":\"https:\/\/clubs.inverseteams.com\/fr\/produit\/maillot-manga-corta-tempus-17543\/#breadcrumb\",\"itemListElement\":[{\"@type\":\"ListItem\",\"position\":1,\"name\":\"Portada\",\"item\":\"https:\/\/clubs.inverseteams.com\/fr\/\"},{\"@type\":\"ListItem\",\"position\":2,\"name\":\"Produits\",\"item\":\"https:\/\/clubs.inverseteams.com\/fr\/shop\/\"},{\"@type\":\"ListItem\",\"position\":3,\"name\":\"Maillot manga corta TEMPUS\"}]},{\"@type\":\"WebSite\",\"@id\":\"https:\/\/clubs.inverseteams.com\/fr\/#website\",\"url\":\"https:\/\/clubs.inverseteams.com\/fr\/\",\"name\":\"INVERSE\",\"description\":\"CUSTOM SPORTSWEAR\",\"potentialAction\":[{\"@type\":\"SearchAction\",\"target\":{\"@type\":\"EntryPoint\",\"urlTemplate\":\"https:\/\/clubs.inverseteams.com\/fr\/?s={search_term_string}\"},\"query-input\":{\"@type\":\"PropertyValueSpecification\",\"valueRequired\":true,\"valueName\":\"search_term_string\"}}],\"inLanguage\":\"fr-FR\"}]}<\/script>\n<!-- \/ Yoast SEO plugin. -->","yoast_head_json":{"title":"Maillot manga corta TEMPUS - INVERSE","robots":{"index":"index","follow":"follow","max-snippet":"max-snippet:-1","max-image-preview":"max-image-preview:large","max-video-preview":"max-video-preview:-1"},"canonical":"https:\/\/clubs.inverseteams.com\/fr\/produit\/maillot-manga-corta-tempus-17543\/","og_locale":"fr_FR","og_type":"article","og_title":"Maillot manga corta TEMPUS - INVERSE","og_description":"Maillot t\u00e9cnico s\u00faper ligero ideal para la competici\u00f3n y los entrenamientos. Destaca por su gran aerodin\u00e1mica. Se adapta perfectamente al cuerpo y las franjas del tejido del brazo permiten un flujo \u00f3ptimo del aire. La forma anat\u00f3mica del cuello permite que \u00e9ste se adapte a la posici\u00f3n ciclista sin molestar y evitando que entre el aire. Este Maillot ciclista personalizado combina diferentes tecnolog\u00edas para que siempre se mantenga en la posici\u00f3n ideal. En el interior de las mangas tiene un grip de silicona hipoalerg\u00e9nica para que siempre se mantengan bien arrapadas al brazo. En la cintura tiene un ribete que ajustar\u00e1 el maillot a tu cuerpo. \u00c9ste incorpora unas l\u00edneas reflectantes 360\u00ba que aumentar\u00e1n tu seguridad ya que reflejar\u00e1n la luz de los veh\u00edculos. En la zona lumbar incorpora 3 bolsillos con el nuevo sistema de Seguridad ISP \u2013 Inverse Safe Pocket \u2013 donde podr\u00e1s guardar cualquier objeto sin miedo a perderlo. Disfruta del ciclismo sin preocupaciones. Combina 4 tejidos dise\u00f1ados para que el maillot se ajuste perfectamente al cuerpo y puedas expulsar la humedad r\u00e1pidamente, manteniendo el cuerpo seco y fresco. El tratamiento Dual Comfort System permite regular la temperatura corporal y evitar\u00e1 un sobrecalentamiento de la piel. El maillot est\u00e1 concebido para que puedas rendir al m\u00e1ximo.","og_url":"https:\/\/clubs.inverseteams.com\/fr\/produit\/maillot-manga-corta-tempus-17543\/","og_site_name":"INVERSE","article_modified_time":"2025-12-15T15:54:40+00:00","og_image":[{"width":900,"height":990,"url":"https:\/\/clubs.inverseteams.com\/wp-content\/uploads\/FANADIC-MAILLOT-MC-1.png","type":"image\/png"}],"twitter_card":"summary_large_image","twitter_misc":{"Dur\u00e9e de lecture estim\u00e9e":"2 minutes"},"schema":{"@context":"https:\/\/schema.org","@graph":[{"@type":"WebPage","@id":"https:\/\/clubs.inverseteams.com\/fr\/produit\/maillot-manga-corta-tempus-17543\/","url":"https:\/\/clubs.inverseteams.com\/fr\/produit\/maillot-manga-corta-tempus-17543\/","name":"Maillot manga corta TEMPUS - INVERSE","isPartOf":{"@id":"https:\/\/clubs.inverseteams.com\/fr\/#website"},"primaryImageOfPage":{"@id":"https:\/\/clubs.inverseteams.com\/fr\/produit\/maillot-manga-corta-tempus-17543\/#primaryimage"},"image":{"@id":"https:\/\/clubs.inverseteams.com\/fr\/produit\/maillot-manga-corta-tempus-17543\/#primaryimage"},"thumbnailUrl":"https:\/\/clubs.inverseteams.com\/wp-content\/uploads\/FANADIC-MAILLOT-MC-1.png","datePublished":"2025-12-14T13:12:01+00:00","dateModified":"2025-12-15T15:54:40+00:00","breadcrumb":{"@id":"https:\/\/clubs.inverseteams.com\/fr\/produit\/maillot-manga-corta-tempus-17543\/#breadcrumb"},"inLanguage":"fr-FR","potentialAction":[{"@type":"ReadAction","target":["https:\/\/clubs.inverseteams.com\/fr\/produit\/maillot-manga-corta-tempus-17543\/"]}]},{"@type":"ImageObject","inLanguage":"fr-FR","@id":"https:\/\/clubs.inverseteams.com\/fr\/produit\/maillot-manga-corta-tempus-17543\/#primaryimage","url":"https:\/\/clubs.inverseteams.com\/wp-content\/uploads\/FANADIC-MAILLOT-MC-1.png","contentUrl":"https:\/\/clubs.inverseteams.com\/wp-content\/uploads\/FANADIC-MAILLOT-MC-1.png","width":900,"height":990},{"@type":"BreadcrumbList","@id":"https:\/\/clubs.inverseteams.com\/fr\/produit\/maillot-manga-corta-tempus-17543\/#breadcrumb","itemListElement":[{"@type":"ListItem","position":1,"name":"Portada","item":"https:\/\/clubs.inverseteams.com\/fr\/"},{"@type":"ListItem","position":2,"name":"Produits","item":"https:\/\/clubs.inverseteams.com\/fr\/shop\/"},{"@type":"ListItem","position":3,"name":"Maillot manga corta TEMPUS"}]},{"@type":"WebSite","@id":"https:\/\/clubs.inverseteams.com\/fr\/#website","url":"https:\/\/clubs.inverseteams.com\/fr\/","name":"INVERSE","description":"CUSTOM SPORTSWEAR","potentialAction":[{"@type":"SearchAction","target":{"@type":"EntryPoint","urlTemplate":"https:\/\/clubs.inverseteams.com\/fr\/?s={search_term_string}"},"query-input":{"@type":"PropertyValueSpecification","valueRequired":true,"valueName":"search_term_string"}}],"inLanguage":"fr-FR"}]}},"_links":{"self":[{"href":"https:\/\/clubs.inverseteams.com\/fr\/wp-json\/wp\/v2\/product\/59996","targetHints":{"allow":["GET"]}}],"collection":[{"href":"https:\/\/clubs.inverseteams.com\/fr\/wp-json\/wp\/v2\/product"}],"about":[{"href":"https:\/\/clubs.inverseteams.com\/fr\/wp-json\/wp\/v2\/types\/product"}],"replies":[{"embeddable":true,"href":"https:\/\/clubs.inverseteams.com\/fr\/wp-json\/wp\/v2\/comments?post=59996"}],"wp:featuredmedia":[{"embeddable":true,"href":"https:\/\/clubs.inverseteams.com\/fr\/wp-json\/wp\/v2\/media\/60837"}],"wp:attachment":[{"href":"https:\/\/clubs.inverseteams.com\/fr\/wp-json\/wp\/v2\/media?parent=59996"}],"wp:term":[{"taxonomy":"sports","embeddable":true,"href":"https:\/\/clubs.inverseteams.com\/fr\/wp-json\/wp\/v2\/sports?post=59996"},{"taxonomy":"customization-type","embeddable":true,"href":"https:\/\/clubs.inverseteams.com\/fr\/wp-json\/wp\/v2\/customization-type?post=59996"},{"taxonomy":"product_brand","embeddable":true,"href":"https:\/\/clubs.inverseteams.com\/fr\/wp-json\/wp\/v2\/product_brand?post=59996"},{"taxonomy":"product_cat","embeddable":true,"href":"https:\/\/clubs.inverseteams.com\/fr\/wp-json\/wp\/v2\/product_cat?post=59996"},{"taxonomy":"product_tag","embeddable":true,"href":"https:\/\/clubs.inverseteams.com\/fr\/wp-json\/wp\/v2\/product_tag?post=59996"}],"curies":[{"name":"wp","href":"https:\/\/api.w.org\/{rel}","templated":true}]}}