{"id":60989,"date":"2025-12-17T17:20:15","date_gmt":"2025-12-17T17:20:15","guid":{"rendered":"https:\/\/clubs.inverseteams.com\/?post_type=product&#038;p=60989"},"modified":"2026-02-02T17:14:39","modified_gmt":"2026-02-02T17:14:39","slug":"culotte-ciclismo-tempus-20500","status":"publish","type":"product","link":"https:\/\/clubs.inverseteams.com\/fr\/produit\/culotte-ciclismo-tempus-20500\/","title":{"rendered":"Culotte ciclismo TEMPUS"},"content":{"rendered":"<p>Su elasticidad y ligereza te permitir\u00e1n una gran libertad de movimientos. Se caracteriza por su buena compresi\u00f3n muscular. Este culotte consigue mantener bajo control el \u00e1cido l\u00e1ctico, retarda la fatiga muscular y ayuda a oxigenar la sangre.<br \/>\nLos paneles del Culotte ciclismo personalizado est\u00e1n dise\u00f1ados para que se adapten perfectamente a las diferentes posiciones del pedaleo. No notar\u00e1s ninguna resistencia. Estos paneles est\u00e1n cosidos con unas costuras planas s\u00faper resistentes que adem\u00e1s aportan un dise\u00f1o m\u00e1s atractivo a la prenda. Los tirantes planos microperforados te ayudar\u00e1n a evacuar el sudor y a sentirte fresco y seco en todo momento. \u00c9stos distribuyen el peso de forma equilibrada para que puedas gozar de largas sesiones de ciclismo sin molestias.<br \/>\nAl final de las piernas cortadas a l\u00e1ser tiene un grip de silicona hipoalerg\u00e9nica en su interior. \u00c9ste mantiene la prenda bien sujeta a la pierna. Tambi\u00e9n tiene unas etiquetas reflectantes que aumentar\u00e1n tu seguridad ya que reflejar\u00e1n la luz de los veh\u00edculos.<\/p>\n","protected":false},"excerpt":{"rendered":"<p>Su elasticidad y ligereza te permitir\u00e1n una gran libertad de movimientos. Se caracteriza por su buena compresi\u00f3n muscular. Este culotte consigue mantener bajo control el \u00e1cido l\u00e1ctico, retarda la fatiga muscular y ayuda a oxigenar la sangre.<br \/>\nLos paneles del Culotte ciclismo personalizado est\u00e1n dise\u00f1ados para que se adapten perfectamente a las diferentes posiciones del pedaleo. No notar\u00e1s ninguna resistencia. Estos paneles est\u00e1n cosidos con unas costuras planas s\u00faper resistentes que adem\u00e1s aportan un dise\u00f1o m\u00e1s atractivo a la prenda. Los tirantes planos microperforados te ayudar\u00e1n a evacuar el sudor y a sentirte fresco y seco en todo momento. \u00c9stos distribuyen el peso de forma equilibrada para que puedas gozar de largas sesiones de ciclismo sin molestias.<br \/>\nAl final de las piernas cortadas a l\u00e1ser tiene un grip de silicona hipoalerg\u00e9nica en su interior. \u00c9ste mantiene la prenda bien sujeta a la pierna. Tambi\u00e9n tiene unas etiquetas reflectantes que aumentar\u00e1n tu seguridad ya que reflejar\u00e1n la luz de los veh\u00edculos.<\/p>\n","protected":false},"featured_media":101026,"comment_status":"closed","ping_status":"closed","template":"","meta":{"_acf_changed":false},"sports":[170],"customization-type":[],"product_brand":[],"product_cat":[1026],"product_tag":[],"class_list":{"0":"post-60989","1":"product","2":"type-product","3":"status-publish","4":"has-post-thumbnail","6":"sports-ciclismo","7":"product_cat-cc-lucus-augusti","8":"product_shipping_class-envio-gratis","10":"first","11":"instock","12":"taxable","13":"shipping-taxable","14":"product-type-variable","15":"grid-item ciclismo"},"acf":[],"yoast_head":"<!-- This site is optimized with the Yoast SEO plugin v27.1.1 - https:\/\/yoast.com\/product\/yoast-seo-wordpress\/ -->\n<title>Culotte ciclismo TEMPUS - INVERSE<\/title>\n<meta name=\"robots\" content=\"index, follow, max-snippet:-1, max-image-preview:large, max-video-preview:-1\" \/>\n<link rel=\"canonical\" href=\"https:\/\/clubs.inverseteams.com\/fr\/produit\/culotte-ciclismo-tempus-20500\/\" \/>\n<meta property=\"og:locale\" content=\"fr_FR\" \/>\n<meta property=\"og:type\" content=\"article\" \/>\n<meta property=\"og:title\" content=\"Culotte ciclismo TEMPUS - INVERSE\" \/>\n<meta property=\"og:description\" content=\"Su elasticidad y ligereza te permitir\u00e1n una gran libertad de movimientos. Se caracteriza por su buena compresi\u00f3n muscular. Este culotte consigue mantener bajo control el \u00e1cido l\u00e1ctico, retarda la fatiga muscular y ayuda a oxigenar la sangre. Los paneles del Culotte ciclismo personalizado est\u00e1n dise\u00f1ados para que se adapten perfectamente a las diferentes posiciones del pedaleo. No notar\u00e1s ninguna resistencia. Estos paneles est\u00e1n cosidos con unas costuras planas s\u00faper resistentes que adem\u00e1s aportan un dise\u00f1o m\u00e1s atractivo a la prenda. Los tirantes planos microperforados te ayudar\u00e1n a evacuar el sudor y a sentirte fresco y seco en todo momento. \u00c9stos distribuyen el peso de forma equilibrada para que puedas gozar de largas sesiones de ciclismo sin molestias. Al final de las piernas cortadas a l\u00e1ser tiene un grip de silicona hipoalerg\u00e9nica en su interior. \u00c9ste mantiene la prenda bien sujeta a la pierna. Tambi\u00e9n tiene unas etiquetas reflectantes que aumentar\u00e1n tu seguridad ya que reflejar\u00e1n la luz de los veh\u00edculos.\" \/>\n<meta property=\"og:url\" content=\"https:\/\/clubs.inverseteams.com\/fr\/produit\/culotte-ciclismo-tempus-20500\/\" \/>\n<meta property=\"og:site_name\" content=\"INVERSE\" \/>\n<meta property=\"article:modified_time\" content=\"2026-02-02T17:14:39+00:00\" \/>\n<meta property=\"og:image\" content=\"https:\/\/clubs.inverseteams.com\/wp-content\/uploads\/AUGUSTUS-CULOTTE-CT-1.png\" \/>\n\t<meta property=\"og:image:width\" content=\"900\" \/>\n\t<meta property=\"og:image:height\" content=\"990\" \/>\n\t<meta property=\"og:image:type\" content=\"image\/png\" \/>\n<meta name=\"twitter:card\" content=\"summary_large_image\" \/>\n<meta name=\"twitter:label1\" content=\"Dur\u00e9e de lecture estim\u00e9e\" \/>\n\t<meta name=\"twitter:data1\" content=\"1 minute\" \/>\n<script type=\"application\/ld+json\" class=\"yoast-schema-graph\">{\"@context\":\"https:\/\/schema.org\",\"@graph\":[{\"@type\":\"WebPage\",\"@id\":\"https:\/\/clubs.inverseteams.com\/fr\/produit\/culotte-ciclismo-tempus-20500\/\",\"url\":\"https:\/\/clubs.inverseteams.com\/fr\/produit\/culotte-ciclismo-tempus-20500\/\",\"name\":\"Culotte ciclismo TEMPUS - INVERSE\",\"isPartOf\":{\"@id\":\"https:\/\/clubs.inverseteams.com\/fr\/#website\"},\"primaryImageOfPage\":{\"@id\":\"https:\/\/clubs.inverseteams.com\/fr\/produit\/culotte-ciclismo-tempus-20500\/#primaryimage\"},\"image\":{\"@id\":\"https:\/\/clubs.inverseteams.com\/fr\/produit\/culotte-ciclismo-tempus-20500\/#primaryimage\"},\"thumbnailUrl\":\"https:\/\/clubs.inverseteams.com\/wp-content\/uploads\/AUGUSTUS-CULOTTE-CT-1.png\",\"datePublished\":\"2025-12-17T17:20:15+00:00\",\"dateModified\":\"2026-02-02T17:14:39+00:00\",\"breadcrumb\":{\"@id\":\"https:\/\/clubs.inverseteams.com\/fr\/produit\/culotte-ciclismo-tempus-20500\/#breadcrumb\"},\"inLanguage\":\"fr-FR\",\"potentialAction\":[{\"@type\":\"ReadAction\",\"target\":[\"https:\/\/clubs.inverseteams.com\/fr\/produit\/culotte-ciclismo-tempus-20500\/\"]}]},{\"@type\":\"ImageObject\",\"inLanguage\":\"fr-FR\",\"@id\":\"https:\/\/clubs.inverseteams.com\/fr\/produit\/culotte-ciclismo-tempus-20500\/#primaryimage\",\"url\":\"https:\/\/clubs.inverseteams.com\/wp-content\/uploads\/AUGUSTUS-CULOTTE-CT-1.png\",\"contentUrl\":\"https:\/\/clubs.inverseteams.com\/wp-content\/uploads\/AUGUSTUS-CULOTTE-CT-1.png\",\"width\":900,\"height\":990},{\"@type\":\"BreadcrumbList\",\"@id\":\"https:\/\/clubs.inverseteams.com\/fr\/produit\/culotte-ciclismo-tempus-20500\/#breadcrumb\",\"itemListElement\":[{\"@type\":\"ListItem\",\"position\":1,\"name\":\"Portada\",\"item\":\"https:\/\/clubs.inverseteams.com\/fr\/\"},{\"@type\":\"ListItem\",\"position\":2,\"name\":\"Produits\",\"item\":\"https:\/\/clubs.inverseteams.com\/fr\/shop\/\"},{\"@type\":\"ListItem\",\"position\":3,\"name\":\"Culotte ciclismo TEMPUS\"}]},{\"@type\":\"WebSite\",\"@id\":\"https:\/\/clubs.inverseteams.com\/fr\/#website\",\"url\":\"https:\/\/clubs.inverseteams.com\/fr\/\",\"name\":\"INVERSE\",\"description\":\"CUSTOM SPORTSWEAR\",\"potentialAction\":[{\"@type\":\"SearchAction\",\"target\":{\"@type\":\"EntryPoint\",\"urlTemplate\":\"https:\/\/clubs.inverseteams.com\/fr\/?s={search_term_string}\"},\"query-input\":{\"@type\":\"PropertyValueSpecification\",\"valueRequired\":true,\"valueName\":\"search_term_string\"}}],\"inLanguage\":\"fr-FR\"}]}<\/script>\n<!-- \/ Yoast SEO plugin. -->","yoast_head_json":{"title":"Culotte ciclismo TEMPUS - INVERSE","robots":{"index":"index","follow":"follow","max-snippet":"max-snippet:-1","max-image-preview":"max-image-preview:large","max-video-preview":"max-video-preview:-1"},"canonical":"https:\/\/clubs.inverseteams.com\/fr\/produit\/culotte-ciclismo-tempus-20500\/","og_locale":"fr_FR","og_type":"article","og_title":"Culotte ciclismo TEMPUS - INVERSE","og_description":"Su elasticidad y ligereza te permitir\u00e1n una gran libertad de movimientos. Se caracteriza por su buena compresi\u00f3n muscular. Este culotte consigue mantener bajo control el \u00e1cido l\u00e1ctico, retarda la fatiga muscular y ayuda a oxigenar la sangre. Los paneles del Culotte ciclismo personalizado est\u00e1n dise\u00f1ados para que se adapten perfectamente a las diferentes posiciones del pedaleo. No notar\u00e1s ninguna resistencia. Estos paneles est\u00e1n cosidos con unas costuras planas s\u00faper resistentes que adem\u00e1s aportan un dise\u00f1o m\u00e1s atractivo a la prenda. Los tirantes planos microperforados te ayudar\u00e1n a evacuar el sudor y a sentirte fresco y seco en todo momento. \u00c9stos distribuyen el peso de forma equilibrada para que puedas gozar de largas sesiones de ciclismo sin molestias. Al final de las piernas cortadas a l\u00e1ser tiene un grip de silicona hipoalerg\u00e9nica en su interior. \u00c9ste mantiene la prenda bien sujeta a la pierna. Tambi\u00e9n tiene unas etiquetas reflectantes que aumentar\u00e1n tu seguridad ya que reflejar\u00e1n la luz de los veh\u00edculos.","og_url":"https:\/\/clubs.inverseteams.com\/fr\/produit\/culotte-ciclismo-tempus-20500\/","og_site_name":"INVERSE","article_modified_time":"2026-02-02T17:14:39+00:00","og_image":[{"width":900,"height":990,"url":"https:\/\/clubs.inverseteams.com\/wp-content\/uploads\/AUGUSTUS-CULOTTE-CT-1.png","type":"image\/png"}],"twitter_card":"summary_large_image","twitter_misc":{"Dur\u00e9e de lecture estim\u00e9e":"1 minute"},"schema":{"@context":"https:\/\/schema.org","@graph":[{"@type":"WebPage","@id":"https:\/\/clubs.inverseteams.com\/fr\/produit\/culotte-ciclismo-tempus-20500\/","url":"https:\/\/clubs.inverseteams.com\/fr\/produit\/culotte-ciclismo-tempus-20500\/","name":"Culotte ciclismo TEMPUS - INVERSE","isPartOf":{"@id":"https:\/\/clubs.inverseteams.com\/fr\/#website"},"primaryImageOfPage":{"@id":"https:\/\/clubs.inverseteams.com\/fr\/produit\/culotte-ciclismo-tempus-20500\/#primaryimage"},"image":{"@id":"https:\/\/clubs.inverseteams.com\/fr\/produit\/culotte-ciclismo-tempus-20500\/#primaryimage"},"thumbnailUrl":"https:\/\/clubs.inverseteams.com\/wp-content\/uploads\/AUGUSTUS-CULOTTE-CT-1.png","datePublished":"2025-12-17T17:20:15+00:00","dateModified":"2026-02-02T17:14:39+00:00","breadcrumb":{"@id":"https:\/\/clubs.inverseteams.com\/fr\/produit\/culotte-ciclismo-tempus-20500\/#breadcrumb"},"inLanguage":"fr-FR","potentialAction":[{"@type":"ReadAction","target":["https:\/\/clubs.inverseteams.com\/fr\/produit\/culotte-ciclismo-tempus-20500\/"]}]},{"@type":"ImageObject","inLanguage":"fr-FR","@id":"https:\/\/clubs.inverseteams.com\/fr\/produit\/culotte-ciclismo-tempus-20500\/#primaryimage","url":"https:\/\/clubs.inverseteams.com\/wp-content\/uploads\/AUGUSTUS-CULOTTE-CT-1.png","contentUrl":"https:\/\/clubs.inverseteams.com\/wp-content\/uploads\/AUGUSTUS-CULOTTE-CT-1.png","width":900,"height":990},{"@type":"BreadcrumbList","@id":"https:\/\/clubs.inverseteams.com\/fr\/produit\/culotte-ciclismo-tempus-20500\/#breadcrumb","itemListElement":[{"@type":"ListItem","position":1,"name":"Portada","item":"https:\/\/clubs.inverseteams.com\/fr\/"},{"@type":"ListItem","position":2,"name":"Produits","item":"https:\/\/clubs.inverseteams.com\/fr\/shop\/"},{"@type":"ListItem","position":3,"name":"Culotte ciclismo TEMPUS"}]},{"@type":"WebSite","@id":"https:\/\/clubs.inverseteams.com\/fr\/#website","url":"https:\/\/clubs.inverseteams.com\/fr\/","name":"INVERSE","description":"CUSTOM SPORTSWEAR","potentialAction":[{"@type":"SearchAction","target":{"@type":"EntryPoint","urlTemplate":"https:\/\/clubs.inverseteams.com\/fr\/?s={search_term_string}"},"query-input":{"@type":"PropertyValueSpecification","valueRequired":true,"valueName":"search_term_string"}}],"inLanguage":"fr-FR"}]}},"_links":{"self":[{"href":"https:\/\/clubs.inverseteams.com\/fr\/wp-json\/wp\/v2\/product\/60989","targetHints":{"allow":["GET"]}}],"collection":[{"href":"https:\/\/clubs.inverseteams.com\/fr\/wp-json\/wp\/v2\/product"}],"about":[{"href":"https:\/\/clubs.inverseteams.com\/fr\/wp-json\/wp\/v2\/types\/product"}],"replies":[{"embeddable":true,"href":"https:\/\/clubs.inverseteams.com\/fr\/wp-json\/wp\/v2\/comments?post=60989"}],"wp:featuredmedia":[{"embeddable":true,"href":"https:\/\/clubs.inverseteams.com\/fr\/wp-json\/wp\/v2\/media\/101026"}],"wp:attachment":[{"href":"https:\/\/clubs.inverseteams.com\/fr\/wp-json\/wp\/v2\/media?parent=60989"}],"wp:term":[{"taxonomy":"sports","embeddable":true,"href":"https:\/\/clubs.inverseteams.com\/fr\/wp-json\/wp\/v2\/sports?post=60989"},{"taxonomy":"customization-type","embeddable":true,"href":"https:\/\/clubs.inverseteams.com\/fr\/wp-json\/wp\/v2\/customization-type?post=60989"},{"taxonomy":"product_brand","embeddable":true,"href":"https:\/\/clubs.inverseteams.com\/fr\/wp-json\/wp\/v2\/product_brand?post=60989"},{"taxonomy":"product_cat","embeddable":true,"href":"https:\/\/clubs.inverseteams.com\/fr\/wp-json\/wp\/v2\/product_cat?post=60989"},{"taxonomy":"product_tag","embeddable":true,"href":"https:\/\/clubs.inverseteams.com\/fr\/wp-json\/wp\/v2\/product_tag?post=60989"}],"curies":[{"name":"wp","href":"https:\/\/api.w.org\/{rel}","templated":true}]}}